{"id":17807,"date":"2017-10-04T12:18:19","date_gmt":"2017-10-04T10:18:19","guid":{"rendered":"https:\/\/nuscospa.com\/?post_type=product&#038;p=17807\/"},"modified":"2021-06-18T10:02:21","modified_gmt":"2021-06-18T08:02:21","slug":"pvc-power9000","status":"publish","type":"product","link":"https:\/\/nuscospa.com\/it\/prodotto\/finestre\/pvc\/pvc-power9000\/","title":{"rendered":"PVC Power9000"},"content":{"rendered":"<p><strong>Power 9000<\/strong><\/p>\n<p><strong>tecnologia e design<\/strong><\/p>\n<p>&nbsp;<\/p>\n<p>Power unisce un\u2019eccellente tecnologia all\u2019avanguardia con design moderno dando vita ad una nuova generazione di finestre di prima categoria.<\/p>\n<p>La costruzione ottimizzata a 6 camere con una profondit\u00e0 di 82 mm permette un ottimo isolamento termico ed il miglior coefficiente d\u2019efficienza energetica.<\/p>\n<p>Unito ad un aspetto di veduta sottile, un ottimale apporto solare grazie ad un ampio ingresso di luce ed una sostenibilit\u00e0 ecologica di un materiale riciclabile al 100 %, Power \u00e8 il sistema per finestre del futuro, con possibilit\u00e0 di vetrature fino a 54 mm,<\/p>\n<p>Power \u00e8 sotto molti punti di vista la scelta giusta per la tua nuova costruzione, rinnovo o ristrutturazione.<\/p>\n<p>&nbsp;<\/p>\n<p><u>specifiche tecniche<\/u><\/p>\n<p>sezione telaio 82,5&#215;70 mm<\/p>\n<p>sezione anta 82,5&#215;90 mm<\/p>\n<p>camere 6 (con 3 guarnizioni)<\/p>\n<p>di serie microventilazione, vetro Saint-gobain PLANITHERM 4S, canalina warm edge<\/p>\n<p>&nbsp;<\/p>\n<p>colori di serie:<\/p>\n<p>bianco massa<br \/>\nnoce<br \/>\nsheffield rovere sbiancato<br \/>\nbianco brillante<br \/>\ngolden oak<br \/>\nanteak<br \/>\ngrigio antracite<\/p>\n<p>&nbsp;<\/p>\n<p><u>prestazioni<\/u><\/p>\n<p>trasmittanza termica k = 1,0 W\/m\u00b2 K<\/p>\n<p>abbattimento acustico fino a 46 db<\/p>\n<p>permeabilit\u00e0 all&#8217;aria classe 4<\/p>\n<p>tenuta all&#8217;acqua classe 8A<\/p>\n<p>resistenza al vento classe B5<\/p>\n<p>sistema di sicurezza classe 2<\/p>\n","protected":false},"excerpt":{"rendered":"<p>La costruzione ottimizzata a 6 camere con una profondit\u00e0 di 82 mm permette un ottimo isolamento termico ed il miglior coefficiente d\u2019efficienza energetica.<\/p>\n","protected":false},"featured_media":23680,"template":"","meta":{"inline_featured_image":false},"product_brand":[],"product_cat":[82,151],"product_tag":[],"class_list":{"0":"post-17807","1":"product","2":"type-product","3":"status-publish","4":"has-post-thumbnail","6":"product_cat-finestre","7":"product_cat-pvc","9":"first","10":"instock","11":"shipping-taxable","12":"product-type-simple"},"yoast_head":"<!-- This site is optimized with the Yoast SEO plugin v25.5 - https:\/\/yoast.com\/wordpress\/plugins\/seo\/ -->\n<title>PVC Power9000 - Nusco SpA: dal 1968, porte e infissi per passione<\/title>\n<meta name=\"robots\" content=\"index, follow, max-snippet:-1, max-image-preview:large, max-video-preview:-1\" \/>\n<link rel=\"canonical\" href=\"https:\/\/nuscospa.com\/it\/prodotto\/finestre\/pvc\/pvc-power9000\/\" \/>\n<meta property=\"og:locale\" content=\"it_IT\" \/>\n<meta property=\"og:type\" content=\"article\" \/>\n<meta property=\"og:title\" content=\"PVC Power9000 - Nusco SpA: dal 1968, porte e infissi per passione\" \/>\n<meta property=\"og:description\" content=\"La costruzione ottimizzata a 6 camere con una profondit\u00e0 di 82 mm permette un ottimo isolamento termico ed il miglior coefficiente d\u2019efficienza energetica.\" \/>\n<meta property=\"og:url\" content=\"https:\/\/nuscospa.com\/it\/prodotto\/finestre\/pvc\/pvc-power9000\/\" \/>\n<meta property=\"og:site_name\" content=\"Nusco SpA: dal 1968, porte e infissi per passione\" \/>\n<meta property=\"article:publisher\" content=\"https:\/\/www.facebook.com\/Nusco.spa\" \/>\n<meta property=\"article:modified_time\" content=\"2021-06-18T08:02:21+00:00\" \/>\n<meta property=\"og:image\" content=\"https:\/\/nuscospa.com\/wp-content\/uploads\/2017\/10\/power-9000.jpg\" \/>\n\t<meta property=\"og:image:width\" content=\"428\" \/>\n\t<meta property=\"og:image:height\" content=\"667\" \/>\n\t<meta property=\"og:image:type\" content=\"image\/jpeg\" \/>\n<meta name=\"twitter:card\" content=\"summary_large_image\" \/>\n<meta name=\"twitter:label1\" content=\"Tempo di lettura stimato\" \/>\n\t<meta name=\"twitter:data1\" content=\"1 minuto\" \/>\n<script type=\"application\/ld+json\" class=\"yoast-schema-graph\">{\"@context\":\"https:\/\/schema.org\",\"@graph\":[{\"@type\":\"WebPage\",\"@id\":\"https:\/\/nuscospa.com\/it\/prodotto\/finestre\/pvc\/pvc-power9000\/\",\"url\":\"https:\/\/nuscospa.com\/it\/prodotto\/finestre\/pvc\/pvc-power9000\/\",\"name\":\"PVC Power9000 - Nusco SpA: dal 1968, porte e infissi per passione\",\"isPartOf\":{\"@id\":\"https:\/\/nuscospa.com\/it\/#website\"},\"primaryImageOfPage\":{\"@id\":\"https:\/\/nuscospa.com\/it\/prodotto\/finestre\/pvc\/pvc-power9000\/#primaryimage\"},\"image\":{\"@id\":\"https:\/\/nuscospa.com\/it\/prodotto\/finestre\/pvc\/pvc-power9000\/#primaryimage\"},\"thumbnailUrl\":\"https:\/\/nuscospa.com\/wp-content\/uploads\/2017\/10\/power-9000.jpg\",\"datePublished\":\"2017-10-04T10:18:19+00:00\",\"dateModified\":\"2021-06-18T08:02:21+00:00\",\"breadcrumb\":{\"@id\":\"https:\/\/nuscospa.com\/it\/prodotto\/finestre\/pvc\/pvc-power9000\/#breadcrumb\"},\"inLanguage\":\"it-IT\",\"potentialAction\":[{\"@type\":\"ReadAction\",\"target\":[\"https:\/\/nuscospa.com\/it\/prodotto\/finestre\/pvc\/pvc-power9000\/\"]}]},{\"@type\":\"ImageObject\",\"inLanguage\":\"it-IT\",\"@id\":\"https:\/\/nuscospa.com\/it\/prodotto\/finestre\/pvc\/pvc-power9000\/#primaryimage\",\"url\":\"https:\/\/nuscospa.com\/wp-content\/uploads\/2017\/10\/power-9000.jpg\",\"contentUrl\":\"https:\/\/nuscospa.com\/wp-content\/uploads\/2017\/10\/power-9000.jpg\",\"width\":428,\"height\":667},{\"@type\":\"BreadcrumbList\",\"@id\":\"https:\/\/nuscospa.com\/it\/prodotto\/finestre\/pvc\/pvc-power9000\/#breadcrumb\",\"itemListElement\":[{\"@type\":\"ListItem\",\"position\":1,\"name\":\"Home\",\"item\":\"https:\/\/nuscospa.com\/it\/\"},{\"@type\":\"ListItem\",\"position\":2,\"name\":\"Prodotti Nusco\",\"item\":\"https:\/\/nuscospa.com\/it\/prodotti-nusco\/\"},{\"@type\":\"ListItem\",\"position\":3,\"name\":\"PVC Power9000\"}]},{\"@type\":\"WebSite\",\"@id\":\"https:\/\/nuscospa.com\/it\/#website\",\"url\":\"https:\/\/nuscospa.com\/it\/\",\"name\":\"Nusco SpA: dal 1968, porte e infissi per passione\",\"description\":\"Nusco SpA \u00e8 leader nella produzione di porte, infissi in legno, legno alluminio e PVC, grate e persiane di sicurezza. Scopri le nostre collezioni!\",\"publisher\":{\"@id\":\"https:\/\/nuscospa.com\/it\/#organization\"},\"potentialAction\":[{\"@type\":\"SearchAction\",\"target\":{\"@type\":\"EntryPoint\",\"urlTemplate\":\"https:\/\/nuscospa.com\/it\/?s={search_term_string}\"},\"query-input\":{\"@type\":\"PropertyValueSpecification\",\"valueRequired\":true,\"valueName\":\"search_term_string\"}}],\"inLanguage\":\"it-IT\"},{\"@type\":\"Organization\",\"@id\":\"https:\/\/nuscospa.com\/it\/#organization\",\"name\":\"Nusco SpA\",\"url\":\"https:\/\/nuscospa.com\/it\/\",\"logo\":{\"@type\":\"ImageObject\",\"inLanguage\":\"it-IT\",\"@id\":\"https:\/\/nuscospa.com\/it\/#\/schema\/logo\/image\/\",\"url\":\"https:\/\/nuscospa.com\/wp-content\/uploads\/2018\/03\/nusco-logo.png\",\"contentUrl\":\"https:\/\/nuscospa.com\/wp-content\/uploads\/2018\/03\/nusco-logo.png\",\"width\":1768,\"height\":744,\"caption\":\"Nusco SpA\"},\"image\":{\"@id\":\"https:\/\/nuscospa.com\/it\/#\/schema\/logo\/image\/\"},\"sameAs\":[\"https:\/\/www.facebook.com\/Nusco.spa\",\"http:\/\/www.linkedin.com\/company\/5103818?trk=tyah&amp;amp;trkInfo=tas:gruppo nusco spa,idx:1-1-1\",\"https:\/\/youtube.com\/@nuscospa3358?si=Y_sAVi-OY5P-hwSM\"]}]}<\/script>\n<!-- \/ Yoast SEO plugin. -->","yoast_head_json":{"title":"PVC Power9000 - Nusco SpA: dal 1968, porte e infissi per passione","robots":{"index":"index","follow":"follow","max-snippet":"max-snippet:-1","max-image-preview":"max-image-preview:large","max-video-preview":"max-video-preview:-1"},"canonical":"https:\/\/nuscospa.com\/it\/prodotto\/finestre\/pvc\/pvc-power9000\/","og_locale":"it_IT","og_type":"article","og_title":"PVC Power9000 - Nusco SpA: dal 1968, porte e infissi per passione","og_description":"La costruzione ottimizzata a 6 camere con una profondit\u00e0 di 82 mm permette un ottimo isolamento termico ed il miglior coefficiente d\u2019efficienza energetica.","og_url":"https:\/\/nuscospa.com\/it\/prodotto\/finestre\/pvc\/pvc-power9000\/","og_site_name":"Nusco SpA: dal 1968, porte e infissi per passione","article_publisher":"https:\/\/www.facebook.com\/Nusco.spa","article_modified_time":"2021-06-18T08:02:21+00:00","og_image":[{"width":428,"height":667,"url":"https:\/\/nuscospa.com\/wp-content\/uploads\/2017\/10\/power-9000.jpg","type":"image\/jpeg"}],"twitter_card":"summary_large_image","twitter_misc":{"Tempo di lettura stimato":"1 minuto"},"schema":{"@context":"https:\/\/schema.org","@graph":[{"@type":"WebPage","@id":"https:\/\/nuscospa.com\/it\/prodotto\/finestre\/pvc\/pvc-power9000\/","url":"https:\/\/nuscospa.com\/it\/prodotto\/finestre\/pvc\/pvc-power9000\/","name":"PVC Power9000 - Nusco SpA: dal 1968, porte e infissi per passione","isPartOf":{"@id":"https:\/\/nuscospa.com\/it\/#website"},"primaryImageOfPage":{"@id":"https:\/\/nuscospa.com\/it\/prodotto\/finestre\/pvc\/pvc-power9000\/#primaryimage"},"image":{"@id":"https:\/\/nuscospa.com\/it\/prodotto\/finestre\/pvc\/pvc-power9000\/#primaryimage"},"thumbnailUrl":"https:\/\/nuscospa.com\/wp-content\/uploads\/2017\/10\/power-9000.jpg","datePublished":"2017-10-04T10:18:19+00:00","dateModified":"2021-06-18T08:02:21+00:00","breadcrumb":{"@id":"https:\/\/nuscospa.com\/it\/prodotto\/finestre\/pvc\/pvc-power9000\/#breadcrumb"},"inLanguage":"it-IT","potentialAction":[{"@type":"ReadAction","target":["https:\/\/nuscospa.com\/it\/prodotto\/finestre\/pvc\/pvc-power9000\/"]}]},{"@type":"ImageObject","inLanguage":"it-IT","@id":"https:\/\/nuscospa.com\/it\/prodotto\/finestre\/pvc\/pvc-power9000\/#primaryimage","url":"https:\/\/nuscospa.com\/wp-content\/uploads\/2017\/10\/power-9000.jpg","contentUrl":"https:\/\/nuscospa.com\/wp-content\/uploads\/2017\/10\/power-9000.jpg","width":428,"height":667},{"@type":"BreadcrumbList","@id":"https:\/\/nuscospa.com\/it\/prodotto\/finestre\/pvc\/pvc-power9000\/#breadcrumb","itemListElement":[{"@type":"ListItem","position":1,"name":"Home","item":"https:\/\/nuscospa.com\/it\/"},{"@type":"ListItem","position":2,"name":"Prodotti Nusco","item":"https:\/\/nuscospa.com\/it\/prodotti-nusco\/"},{"@type":"ListItem","position":3,"name":"PVC Power9000"}]},{"@type":"WebSite","@id":"https:\/\/nuscospa.com\/it\/#website","url":"https:\/\/nuscospa.com\/it\/","name":"Nusco SpA: dal 1968, porte e infissi per passione","description":"Nusco SpA \u00e8 leader nella produzione di porte, infissi in legno, legno alluminio e PVC, grate e persiane di sicurezza. Scopri le nostre collezioni!","publisher":{"@id":"https:\/\/nuscospa.com\/it\/#organization"},"potentialAction":[{"@type":"SearchAction","target":{"@type":"EntryPoint","urlTemplate":"https:\/\/nuscospa.com\/it\/?s={search_term_string}"},"query-input":{"@type":"PropertyValueSpecification","valueRequired":true,"valueName":"search_term_string"}}],"inLanguage":"it-IT"},{"@type":"Organization","@id":"https:\/\/nuscospa.com\/it\/#organization","name":"Nusco SpA","url":"https:\/\/nuscospa.com\/it\/","logo":{"@type":"ImageObject","inLanguage":"it-IT","@id":"https:\/\/nuscospa.com\/it\/#\/schema\/logo\/image\/","url":"https:\/\/nuscospa.com\/wp-content\/uploads\/2018\/03\/nusco-logo.png","contentUrl":"https:\/\/nuscospa.com\/wp-content\/uploads\/2018\/03\/nusco-logo.png","width":1768,"height":744,"caption":"Nusco SpA"},"image":{"@id":"https:\/\/nuscospa.com\/it\/#\/schema\/logo\/image\/"},"sameAs":["https:\/\/www.facebook.com\/Nusco.spa","http:\/\/www.linkedin.com\/company\/5103818?trk=tyah&amp;amp;trkInfo=tas:gruppo nusco spa,idx:1-1-1","https:\/\/youtube.com\/@nuscospa3358?si=Y_sAVi-OY5P-hwSM"]}]}},"_links":{"self":[{"href":"https:\/\/nuscospa.com\/it\/wp-json\/wp\/v2\/product\/17807"}],"collection":[{"href":"https:\/\/nuscospa.com\/it\/wp-json\/wp\/v2\/product"}],"about":[{"href":"https:\/\/nuscospa.com\/it\/wp-json\/wp\/v2\/types\/product"}],"wp:featuredmedia":[{"embeddable":true,"href":"https:\/\/nuscospa.com\/it\/wp-json\/wp\/v2\/media\/23680"}],"wp:attachment":[{"href":"https:\/\/nuscospa.com\/it\/wp-json\/wp\/v2\/media?parent=17807"}],"wp:term":[{"taxonomy":"product_brand","embeddable":true,"href":"https:\/\/nuscospa.com\/it\/wp-json\/wp\/v2\/product_brand?post=17807"},{"taxonomy":"product_cat","embeddable":true,"href":"https:\/\/nuscospa.com\/it\/wp-json\/wp\/v2\/product_cat?post=17807"},{"taxonomy":"product_tag","embeddable":true,"href":"https:\/\/nuscospa.com\/it\/wp-json\/wp\/v2\/product_tag?post=17807"}],"curies":[{"name":"wp","href":"https:\/\/api.w.org\/{rel}","templated":true}]}}