{"id":19595,"date":"2017-12-28T20:50:24","date_gmt":"2017-12-28T19:50:24","guid":{"rendered":"https:\/\/nuscospa.com\/?page_id=19595"},"modified":"2020-11-06T10:28:42","modified_gmt":"2020-11-06T09:28:42","slug":"linea-vision","status":"publish","type":"page","link":"https:\/\/nuscospa.com\/it\/prodotti\/porte\/linea-vision\/","title":{"rendered":"Linea Vision"},"content":{"rendered":"<div class=\"wpb-content-wrapper\"><p>[vc_row css_animation=&#8221;&#8221; row_type=&#8221;row&#8221; use_row_as_full_screen_section=&#8221;no&#8221; type=&#8221;full_width&#8221; angled_section=&#8221;no&#8221; text_align=&#8221;left&#8221; background_image_as_pattern=&#8221;without_pattern&#8221;][vc_column][vc_column_text]<\/p>\n<h1 class=\"nome_linea\">Linea<br \/>\n<span class=\"sp_nome_linea\">Vision<\/span><\/h1>\n<p>[\/vc_column_text][\/vc_column][\/vc_row][vc_row css_animation=&#8221;&#8221; row_type=&#8221;row&#8221; use_row_as_full_screen_section=&#8221;no&#8221; type=&#8221;full_width&#8221; angled_section=&#8221;no&#8221; text_align=&#8221;left&#8221; background_image_as_pattern=&#8221;without_pattern&#8221;][vc_column width=&#8221;5\/6&#8243;][vc_row_inner row_type=&#8221;row&#8221; type=&#8221;full_width&#8221; text_align=&#8221;left&#8221; css_animation=&#8221;&#8221;][vc_column_inner width=&#8221;1\/2&#8243;][vc_gallery interval=&#8221;3&#8243; images=&#8221;19079&#8243; img_size=&#8221;large&#8221; onclick=&#8221;&#8221; direction_nav=&#8221;yes&#8221; control_nav=&#8221;no&#8221;][\/vc_column_inner][vc_column_inner width=&#8221;1\/4&#8243;][vc_single_image image=&#8221;20277&#8243; img_size=&#8221;150&#215;300&#8243; alignment=&#8221;center&#8221; qode_css_animation=&#8221;&#8221;][\/vc_column_inner][vc_column_inner width=&#8221;1\/4&#8243;][vc_column_text]<\/p>\n<div class=\"nome_cat\">Stile<\/div>\n<div class=\"desc_cat\">Moderno<\/div>\n<div class=\"nome_cat\">Colori<\/div>\n<div class=\"vc_row category_colors\">\n<div class=\"vc_col-xs-4 vc_col-sm-6 vc_col-md-4 cat_color\"><img decoding=\"async\" src=\"https:\/\/nuscospa.com\/wp-content\/uploads\/coloridisponibili\/frassinato_bianco.jpg\" \/><br \/>\nFrassino bianco<\/div>\n<div class=\"vc_col-xs-4 vc_col-sm-6 vc_col-md-4 cat_color\"><img decoding=\"async\" src=\"https:\/\/nuscospa.com\/wp-content\/uploads\/coloridisponibili\/palissandro_white.jpg\" \/><br \/>\nPalissandro white<\/div>\n<div class=\"vc_col-xs-4 vc_col-sm-6 vc_col-md-4 cat_color\"><img decoding=\"async\" src=\"https:\/\/nuscospa.com\/wp-content\/uploads\/coloridisponibili\/palissandro_blue.jpg\" \/><br \/>\nPalissandro blue<\/div>\n<div class=\"vc_col-xs-4 vc_col-sm-6 vc_col-md-4 cat_color\"><img decoding=\"async\" src=\"https:\/\/nuscospa.com\/wp-content\/uploads\/coloridisponibili\/olmo.jpg\" \/><br \/>\nOlmo<\/div>\n<div class=\"vc_col-xs-4 vc_col-sm-6 vc_col-md-4 cat_color\"><img decoding=\"async\" src=\"https:\/\/nuscospa.com\/wp-content\/uploads\/coloridisponibili\/grey.jpg\" \/><br \/>\nGrey<\/div>\n<\/div>\n<div class=\"nome_cat\">Materiali<\/div>\n<div class=\"desc_cat\">Ultima generazione<\/div>\n<p>[\/vc_column_text][\/vc_column_inner][\/vc_row_inner][\/vc_column][vc_column width=&#8221;1\/6&#8243;]<div class=\"page_share qode_share\"><div class=\"social_share_holder\"><a href=\"javascript:void(0)\" target=\"_self\"><i class=\"icon-basic-share social_share_icon\"><\/i><span class=\"social_share_title\">Condividi<\/span><\/a><div class=\"social_share_dropdown\"><div class=\"inner_arrow\"><\/div><ul><li class=\"facebook_share\"><a href=\"javascript:void(0)\" onclick=\"window.open('https:\/\/www.facebook.com\/sharer.php?u=https%3A%2F%2Fnuscospa.com%2Fit%2Fprodotti%2Fporte%2Flinea-vision%2F', 'sharer', 'toolbar=0,status=0,width=620,height=280');\"><i class=\"fa fa-facebook\"><\/i><\/a><\/li><li class=\"twitter_share\"><a href=\"#\" onclick=\"popUp=window.open('https:\/\/twitter.com\/intent\/tweet?text=%5Bvc_row+css_animation%3D%26%238221%3B%26%238221%3B+row_type%3D%26%238221%3Brow%26%238221%3B+use_row_as_full_screen_section%3D%26%238221%3Bno%26%238221%3B+https:\/\/nuscospa.com\/it\/prodotti\/porte\/linea-vision\/', 'popupwindow', 'scrollbars=yes,width=800,height=400');popUp.focus();return false;\"><i class=\"fa fa-twitter\"><\/i><\/a><\/li><li  class=\"linkedin_share\"><a href=\"#\" onclick=\"popUp=window.open('https:\/\/linkedin.com\/shareArticle?mini=true&amp;url=https%3A%2F%2Fnuscospa.com%2Fit%2Fprodotti%2Fporte%2Flinea-vision%2F&amp;title=Linea+Vision', 'popupwindow', 'scrollbars=yes,width=800,height=400');popUp.focus();return false\"><i class=\"fa fa-linkedin\"><\/i><\/a><\/li><li  class=\"pinterest_share\"><a href=\"#\" onclick=\"popUp=window.open('https:\/\/pinterest.com\/pin\/create\/button\/?url=https%3A%2F%2Fnuscospa.com%2Fit%2Fprodotti%2Fporte%2Flinea-vision%2F&amp;description=Linea Vision&amp;media=https%3A%2F%2Fnuscospa.com%2Fwp-content%2Fuploads%2F2017%2F10%2Fnusco-vision.jpg', 'popupwindow', 'scrollbars=yes,width=800,height=400');popUp.focus();return false\"><i class=\"fa fa-pinterest\"><\/i><\/a><\/li><\/ul><\/div><\/div><\/div>[\/vc_column][\/vc_row][vc_row css_animation=&#8221;&#8221; row_type=&#8221;row&#8221; use_row_as_full_screen_section=&#8221;no&#8221; type=&#8221;full_width&#8221; angled_section=&#8221;no&#8221; text_align=&#8221;left&#8221; background_image_as_pattern=&#8221;without_pattern&#8221;][vc_column width=&#8221;2\/3&#8243;][vc_column_text]<\/p>\n<h3 class=\"descrizione\">Descrizione<\/h3>\n<p>La bellezza che cattura lo sguardo, dettagli che passano attraverso gli occhi.<\/p>\n<p>Linee in movimento, inserti, incastri, preziose venature.<\/p>\n<p>Tutto in vision esalta le sensazioni di un impatto visivo forte dove le forme si caricano di significati. Dettagli che cambiano, spazi che si personalizzano perch\u00e9 stile \u00e8 possibilit\u00e0 di rendere unico ci\u00f2 che si desidera.<\/p>\n<p><strong>Vision<\/strong>: pi\u00f9 di quanto immagini.[\/vc_column_text][\/vc_column][vc_column width=&#8221;1\/3&#8243;][vc_column_text]<\/p>\n<h3 class=\"descrizione\">Compila il form per ricevere maggiori informazioni<\/h3>\n<p>[\/vc_column_text]\n<div class=\"wpcf7 no-js\" id=\"wpcf7-f18344-o1\" lang=\"it-IT\" dir=\"ltr\" data-wpcf7-id=\"18344\">\n<div class=\"screen-reader-response\"><p role=\"status\" aria-live=\"polite\" aria-atomic=\"true\"><\/p> <ul><\/ul><\/div>\n<form action=\"\/it\/wp-json\/wp\/v2\/pages\/19595#wpcf7-f18344-o1\" method=\"post\" class=\"wpcf7-form init cf7_custom_style_3\" aria-label=\"Modulo di contatto\" novalidate=\"novalidate\" data-status=\"init\">\n<div style=\"display: none;\">\n<input type=\"hidden\" name=\"_wpcf7\" value=\"18344\" \/>\n<input type=\"hidden\" name=\"_wpcf7_version\" value=\"6.0.6\" \/>\n<input type=\"hidden\" name=\"_wpcf7_locale\" value=\"it_IT\" \/>\n<input type=\"hidden\" name=\"_wpcf7_unit_tag\" value=\"wpcf7-f18344-o1\" \/>\n<input type=\"hidden\" name=\"_wpcf7_container_post\" value=\"0\" \/>\n<input type=\"hidden\" name=\"_wpcf7_posted_data_hash\" value=\"\" \/>\n<input type=\"hidden\" name=\"_wpcf7dtx_version\" value=\"5.0.5\" \/>\n<input type=\"hidden\" name=\"_wpcf7_recaptcha_response\" value=\"\" \/>\n<\/div>\n<p><script charset=\"utf-8\" type=\"text\/javascript\" src=\"\/\/js-eu1.hsforms.net\/forms\/embed\/v2.js\"><\/script>\n<\/p>\n<p><script>\n\n hbspt.forms.create({\n\n portalId: \"145796110\",\n\n formId: \"79bdce2f-225b-4237-ad61-bd392a277d6d\",\n\n region: \"eu1\"\n\n });\n\n<\/script>\n<\/p><input type='hidden' class='wpcf7-pum' value='{\"closepopup\":false,\"closedelay\":0,\"openpopup\":false,\"openpopup_id\":0}' \/><div class=\"wpcf7-response-output\" aria-hidden=\"true\"><\/div>\n<\/form>\n<\/div>\n[\/vc_column][\/vc_row][vc_row css_animation=&#8221;&#8221; row_type=&#8221;row&#8221; use_row_as_full_screen_section=&#8221;yes&#8221; type=&#8221;full_width&#8221; angled_section=&#8221;no&#8221; text_align=&#8221;left&#8221; background_image_as_pattern=&#8221;without_pattern&#8221; background_color=&#8221;#ffffff&#8221; padding_top=&#8221;40&#8243;][vc_column][vc_column_text]<\/p>\n<h3 class=\"lista_prodotti\">Prodotti della linea VISION<\/h3>\n<p>[\/vc_column_text]<div class=\"woocommerce columns-5 \"><ul class=\"products\">\n\t<li class=\"product type-product post-19421 status-publish first instock product_cat-porte product_cat-linea-vision product_tag-classico has-post-thumbnail shipping-taxable product-type-simple\">\n\t\t\n    <div class=\"top-product-section\">\n\n        <a itemprop=\"url\" href=\"https:\/\/nuscospa.com\/it\/prodotto\/porte\/linea-vision\/new-vision\/\" class=\"product-category\">\n            <span class=\"image-wrapper\">\n            <img fetchpriority=\"high\" decoding=\"async\" width=\"269\" height=\"569\" src=\"https:\/\/nuscospa.com\/wp-content\/uploads\/2020\/04\/new-vision-olmo-3.jpg\" class=\"attachment-woocommerce_thumbnail size-woocommerce_thumbnail\" alt=\"NEW VISION\" srcset=\"https:\/\/nuscospa.com\/wp-content\/uploads\/2020\/04\/new-vision-olmo-3.jpg 269w, https:\/\/nuscospa.com\/wp-content\/uploads\/2020\/04\/new-vision-olmo-3-213x450.jpg 213w\" sizes=\"(max-width: 269px) 100vw, 269px\" \/>            <\/span>\n        <\/a>\n\n\t\t<span class=\"add-to-cart-button-outer\"><span class=\"add-to-cart-button-inner\"><a href=\"https:\/\/nuscospa.com\/it\/prodotto\/porte\/linea-vision\/new-vision\/\" data-quantity=\"1\" class=\"button product_type_simple qbutton add-to-cart-button\" data-product_id=\"19421\" data-product_sku=\"\" aria-label=\"Leggi di pi\u00f9 su &quot;NEW VISION&quot;\" rel=\"nofollow\" data-success_message=\"\">Dettagli<\/a><\/span><\/span>\n    <\/div>\n        <a itemprop=\"url\" href=\"https:\/\/nuscospa.com\/it\/prodotto\/porte\/linea-vision\/new-vision\/\" class=\"product-category product-info\">\n        <h6 itemprop=\"name\">NEW VISION<\/h6>\n\n        \n        \n    <\/a>\n\n    \n<\/li>\n\t<li class=\"product type-product post-19415 status-publish instock product_cat-porte product_cat-linea-vision product_tag-classico has-post-thumbnail shipping-taxable product-type-simple\">\n\t\t\n    <div class=\"top-product-section\">\n\n        <a itemprop=\"url\" href=\"https:\/\/nuscospa.com\/it\/prodotto\/porte\/linea-vision\/vision-01\/\" class=\"product-category\">\n            <span class=\"image-wrapper\">\n            <img decoding=\"async\" width=\"269\" height=\"569\" src=\"https:\/\/nuscospa.com\/wp-content\/uploads\/2020\/04\/vision-01-frassino-3.jpg\" class=\"attachment-woocommerce_thumbnail size-woocommerce_thumbnail\" alt=\"VISION 01\" srcset=\"https:\/\/nuscospa.com\/wp-content\/uploads\/2020\/04\/vision-01-frassino-3.jpg 269w, https:\/\/nuscospa.com\/wp-content\/uploads\/2020\/04\/vision-01-frassino-3-213x450.jpg 213w\" sizes=\"(max-width: 269px) 100vw, 269px\" \/>            <\/span>\n        <\/a>\n\n\t\t<span class=\"add-to-cart-button-outer\"><span class=\"add-to-cart-button-inner\"><a href=\"https:\/\/nuscospa.com\/it\/prodotto\/porte\/linea-vision\/vision-01\/\" data-quantity=\"1\" class=\"button product_type_simple qbutton add-to-cart-button\" data-product_id=\"19415\" data-product_sku=\"\" aria-label=\"Leggi di pi\u00f9 su &quot;VISION 01&quot;\" rel=\"nofollow\" data-success_message=\"\">Dettagli<\/a><\/span><\/span>\n    <\/div>\n        <a itemprop=\"url\" href=\"https:\/\/nuscospa.com\/it\/prodotto\/porte\/linea-vision\/vision-01\/\" class=\"product-category product-info\">\n        <h6 itemprop=\"name\">VISION 01<\/h6>\n\n        \n        \n    <\/a>\n\n    \n<\/li>\n\t<li class=\"product type-product post-23620 status-publish instock product_cat-porte product_cat-linea-vision product_tag-classico has-post-thumbnail shipping-taxable product-type-simple\">\n\t\t\n    <div class=\"top-product-section\">\n\n        <a itemprop=\"url\" href=\"https:\/\/nuscospa.com\/it\/prodotto\/porte\/linea-vision\/vision-trend\/\" class=\"product-category\">\n            <span class=\"image-wrapper\">\n            <img decoding=\"async\" width=\"269\" height=\"569\" src=\"https:\/\/nuscospa.com\/wp-content\/uploads\/2020\/11\/vision_trend-269x569.jpg\" class=\"attachment-woocommerce_thumbnail size-woocommerce_thumbnail\" alt=\"VISION TREND\" srcset=\"https:\/\/nuscospa.com\/wp-content\/uploads\/2020\/11\/vision_trend.jpg 269w, https:\/\/nuscospa.com\/wp-content\/uploads\/2020\/11\/vision_trend-213x450.jpg 213w\" sizes=\"(max-width: 269px) 100vw, 269px\" \/>            <\/span>\n        <\/a>\n\n\t\t<span class=\"add-to-cart-button-outer\"><span class=\"add-to-cart-button-inner\"><a href=\"https:\/\/nuscospa.com\/it\/prodotto\/porte\/linea-vision\/vision-trend\/\" data-quantity=\"1\" class=\"button product_type_simple qbutton add-to-cart-button\" data-product_id=\"23620\" data-product_sku=\"\" aria-label=\"Leggi di pi\u00f9 su &quot;VISION TREND&quot;\" rel=\"nofollow\" data-success_message=\"\">Dettagli<\/a><\/span><\/span>\n    <\/div>\n        <a itemprop=\"url\" href=\"https:\/\/nuscospa.com\/it\/prodotto\/porte\/linea-vision\/vision-trend\/\" class=\"product-category product-info\">\n        <h6 itemprop=\"name\">VISION TREND<\/h6>\n\n        \n        \n    <\/a>\n\n    \n<\/li><\/ul>\n<\/div>[\/vc_column][\/vc_row][vc_row css_animation=&#8221;&#8221; row_type=&#8221;row&#8221; use_row_as_full_screen_section=&#8221;no&#8221; type=&#8221;full_width&#8221; angled_section=&#8221;no&#8221; text_align=&#8221;left&#8221; background_image_as_pattern=&#8221;without_pattern&#8221;][vc_column][\/vc_column][\/vc_row]<\/p>\n<\/div>","protected":false},"excerpt":{"rendered":"<p>[vc_row css_animation=&#8221;&#8221; row_type=&#8221;row&#8221; use_row_as_full_screen_section=&#8221;no&#8221; type=&#8221;full_width&#8221; angled_section=&#8221;no&#8221; text_align=&#8221;left&#8221; background_image_as_pattern=&#8221;without_pattern&#8221;][vc_column][vc_column_text] Linea Vision [\/vc_column_text][\/vc_column][\/vc_row][vc_row css_animation=&#8221;&#8221; row_type=&#8221;row&#8221; use_row_as_full_screen_section=&#8221;no&#8221; type=&#8221;full_width&#8221; angled_section=&#8221;no&#8221; text_align=&#8221;left&#8221; background_image_as_pattern=&#8221;without_pattern&#8221;][vc_column width=&#8221;5\/6&#8243;][vc_row_inner row_type=&#8221;row&#8221; type=&#8221;full_width&#8221; text_align=&#8221;left&#8221; css_animation=&#8221;&#8221;][vc_column_inner width=&#8221;1\/2&#8243;][vc_gallery interval=&#8221;3&#8243; images=&#8221;19079&#8243; img_size=&#8221;large&#8221; onclick=&#8221;&#8221; direction_nav=&#8221;yes&#8221; control_nav=&#8221;no&#8221;][\/vc_column_inner][vc_column_inner width=&#8221;1\/4&#8243;][vc_single_image image=&#8221;20277&#8243; img_size=&#8221;150&#215;300&#8243; alignment=&#8221;center&#8221; qode_css_animation=&#8221;&#8221;][\/vc_column_inner][vc_column_inner width=&#8221;1\/4&#8243;][vc_column_text] Stile Moderno Colori Frassino bianco Palissandro white Palissandro blue&#8230;<\/p>\n","protected":false},"author":6,"featured_media":18562,"parent":17845,"menu_order":0,"comment_status":"closed","ping_status":"closed","template":"","meta":{"inline_featured_image":false,"footnotes":""},"class_list":["post-19595","page","type-page","status-publish","has-post-thumbnail","hentry"],"yoast_head":"<!-- This site is optimized with the Yoast SEO plugin v25.5 - https:\/\/yoast.com\/wordpress\/plugins\/seo\/ -->\n<title>La linea porte Vision di Nusco, per colpire l&#039;occhio attraverso i suoi dettagli<\/title>\n<meta name=\"description\" content=\"Le porte Vision di Nusco si caratterizzano per un forte impatto visivo, sottolineato da linee di movimento, inserti, incastri e venature. Scopri la linea Vision di Nusco.\" \/>\n<meta name=\"robots\" content=\"index, follow, max-snippet:-1, max-image-preview:large, max-video-preview:-1\" \/>\n<link rel=\"canonical\" href=\"https:\/\/nuscospa.com\/it\/prodotti\/porte\/linea-vision\/\" \/>\n<meta property=\"og:locale\" content=\"it_IT\" \/>\n<meta property=\"og:type\" content=\"article\" \/>\n<meta property=\"og:title\" content=\"La linea porte Vision di Nusco, per colpire l&#039;occhio attraverso i suoi dettagli\" \/>\n<meta property=\"og:description\" content=\"Le porte Vision di Nusco si caratterizzano per un forte impatto visivo, sottolineato da linee di movimento, inserti, incastri e venature. Scopri la linea Vision di Nusco.\" \/>\n<meta property=\"og:url\" content=\"https:\/\/nuscospa.com\/it\/prodotti\/porte\/linea-vision\/\" \/>\n<meta property=\"og:site_name\" content=\"Nusco SpA: dal 1968, porte e infissi per passione\" \/>\n<meta property=\"article:publisher\" content=\"https:\/\/www.facebook.com\/Nusco.spa\" \/>\n<meta property=\"article:modified_time\" content=\"2020-11-06T09:28:42+00:00\" \/>\n<meta property=\"og:image\" content=\"https:\/\/nuscospa.com\/wp-content\/uploads\/2017\/10\/nusco-vision.jpg\" \/>\n\t<meta property=\"og:image:width\" content=\"1200\" \/>\n\t<meta property=\"og:image:height\" content=\"819\" \/>\n\t<meta property=\"og:image:type\" content=\"image\/jpeg\" \/>\n<meta name=\"twitter:card\" content=\"summary_large_image\" \/>\n<meta name=\"twitter:label1\" content=\"Tempo di lettura stimato\" \/>\n\t<meta name=\"twitter:data1\" content=\"2 minuti\" \/>\n<script type=\"application\/ld+json\" class=\"yoast-schema-graph\">{\"@context\":\"https:\/\/schema.org\",\"@graph\":[{\"@type\":\"WebPage\",\"@id\":\"https:\/\/nuscospa.com\/it\/prodotti\/porte\/linea-vision\/\",\"url\":\"https:\/\/nuscospa.com\/it\/prodotti\/porte\/linea-vision\/\",\"name\":\"La linea porte Vision di Nusco, per colpire l'occhio attraverso i suoi dettagli\",\"isPartOf\":{\"@id\":\"https:\/\/nuscospa.com\/it\/#website\"},\"primaryImageOfPage\":{\"@id\":\"https:\/\/nuscospa.com\/it\/prodotti\/porte\/linea-vision\/#primaryimage\"},\"image\":{\"@id\":\"https:\/\/nuscospa.com\/it\/prodotti\/porte\/linea-vision\/#primaryimage\"},\"thumbnailUrl\":\"https:\/\/nuscospa.com\/wp-content\/uploads\/2017\/10\/nusco-vision.jpg\",\"datePublished\":\"2017-12-28T19:50:24+00:00\",\"dateModified\":\"2020-11-06T09:28:42+00:00\",\"description\":\"Le porte Vision di Nusco si caratterizzano per un forte impatto visivo, sottolineato da linee di movimento, inserti, incastri e venature. Scopri la linea Vision di Nusco.\",\"breadcrumb\":{\"@id\":\"https:\/\/nuscospa.com\/it\/prodotti\/porte\/linea-vision\/#breadcrumb\"},\"inLanguage\":\"it-IT\",\"potentialAction\":[{\"@type\":\"ReadAction\",\"target\":[\"https:\/\/nuscospa.com\/it\/prodotti\/porte\/linea-vision\/\"]}]},{\"@type\":\"ImageObject\",\"inLanguage\":\"it-IT\",\"@id\":\"https:\/\/nuscospa.com\/it\/prodotti\/porte\/linea-vision\/#primaryimage\",\"url\":\"https:\/\/nuscospa.com\/wp-content\/uploads\/2017\/10\/nusco-vision.jpg\",\"contentUrl\":\"https:\/\/nuscospa.com\/wp-content\/uploads\/2017\/10\/nusco-vision.jpg\",\"width\":1200,\"height\":819,\"caption\":\"porte vision nusco\"},{\"@type\":\"BreadcrumbList\",\"@id\":\"https:\/\/nuscospa.com\/it\/prodotti\/porte\/linea-vision\/#breadcrumb\",\"itemListElement\":[{\"@type\":\"ListItem\",\"position\":1,\"name\":\"Home\",\"item\":\"https:\/\/nuscospa.com\/it\/\"},{\"@type\":\"ListItem\",\"position\":2,\"name\":\"Prodotti\",\"item\":\"https:\/\/nuscospa.com\/it\/prodotti\/\"},{\"@type\":\"ListItem\",\"position\":3,\"name\":\"Porte\",\"item\":\"https:\/\/nuscospa.com\/it\/prodotti\/porte\/\"},{\"@type\":\"ListItem\",\"position\":4,\"name\":\"Linea Vision\"}]},{\"@type\":\"WebSite\",\"@id\":\"https:\/\/nuscospa.com\/it\/#website\",\"url\":\"https:\/\/nuscospa.com\/it\/\",\"name\":\"Nusco SpA: dal 1968, porte e infissi per passione\",\"description\":\"Nusco SpA \u00e8 leader nella produzione di porte, infissi in legno, legno alluminio e PVC, grate e persiane di sicurezza. Scopri le nostre collezioni!\",\"publisher\":{\"@id\":\"https:\/\/nuscospa.com\/it\/#organization\"},\"potentialAction\":[{\"@type\":\"SearchAction\",\"target\":{\"@type\":\"EntryPoint\",\"urlTemplate\":\"https:\/\/nuscospa.com\/it\/?s={search_term_string}\"},\"query-input\":{\"@type\":\"PropertyValueSpecification\",\"valueRequired\":true,\"valueName\":\"search_term_string\"}}],\"inLanguage\":\"it-IT\"},{\"@type\":\"Organization\",\"@id\":\"https:\/\/nuscospa.com\/it\/#organization\",\"name\":\"Nusco SpA\",\"url\":\"https:\/\/nuscospa.com\/it\/\",\"logo\":{\"@type\":\"ImageObject\",\"inLanguage\":\"it-IT\",\"@id\":\"https:\/\/nuscospa.com\/it\/#\/schema\/logo\/image\/\",\"url\":\"https:\/\/nuscospa.com\/wp-content\/uploads\/2018\/03\/nusco-logo.png\",\"contentUrl\":\"https:\/\/nuscospa.com\/wp-content\/uploads\/2018\/03\/nusco-logo.png\",\"width\":1768,\"height\":744,\"caption\":\"Nusco SpA\"},\"image\":{\"@id\":\"https:\/\/nuscospa.com\/it\/#\/schema\/logo\/image\/\"},\"sameAs\":[\"https:\/\/www.facebook.com\/Nusco.spa\",\"http:\/\/www.linkedin.com\/company\/5103818?trk=tyah&amp;amp;trkInfo=tas:gruppo nusco spa,idx:1-1-1\",\"https:\/\/youtube.com\/@nuscospa3358?si=Y_sAVi-OY5P-hwSM\"]}]}<\/script>\n<!-- \/ Yoast SEO plugin. -->","yoast_head_json":{"title":"La linea porte Vision di Nusco, per colpire l'occhio attraverso i suoi dettagli","description":"Le porte Vision di Nusco si caratterizzano per un forte impatto visivo, sottolineato da linee di movimento, inserti, incastri e venature. Scopri la linea Vision di Nusco.","robots":{"index":"index","follow":"follow","max-snippet":"max-snippet:-1","max-image-preview":"max-image-preview:large","max-video-preview":"max-video-preview:-1"},"canonical":"https:\/\/nuscospa.com\/it\/prodotti\/porte\/linea-vision\/","og_locale":"it_IT","og_type":"article","og_title":"La linea porte Vision di Nusco, per colpire l'occhio attraverso i suoi dettagli","og_description":"Le porte Vision di Nusco si caratterizzano per un forte impatto visivo, sottolineato da linee di movimento, inserti, incastri e venature. Scopri la linea Vision di Nusco.","og_url":"https:\/\/nuscospa.com\/it\/prodotti\/porte\/linea-vision\/","og_site_name":"Nusco SpA: dal 1968, porte e infissi per passione","article_publisher":"https:\/\/www.facebook.com\/Nusco.spa","article_modified_time":"2020-11-06T09:28:42+00:00","og_image":[{"width":1200,"height":819,"url":"https:\/\/nuscospa.com\/wp-content\/uploads\/2017\/10\/nusco-vision.jpg","type":"image\/jpeg"}],"twitter_card":"summary_large_image","twitter_misc":{"Tempo di lettura stimato":"2 minuti"},"schema":{"@context":"https:\/\/schema.org","@graph":[{"@type":"WebPage","@id":"https:\/\/nuscospa.com\/it\/prodotti\/porte\/linea-vision\/","url":"https:\/\/nuscospa.com\/it\/prodotti\/porte\/linea-vision\/","name":"La linea porte Vision di Nusco, per colpire l'occhio attraverso i suoi dettagli","isPartOf":{"@id":"https:\/\/nuscospa.com\/it\/#website"},"primaryImageOfPage":{"@id":"https:\/\/nuscospa.com\/it\/prodotti\/porte\/linea-vision\/#primaryimage"},"image":{"@id":"https:\/\/nuscospa.com\/it\/prodotti\/porte\/linea-vision\/#primaryimage"},"thumbnailUrl":"https:\/\/nuscospa.com\/wp-content\/uploads\/2017\/10\/nusco-vision.jpg","datePublished":"2017-12-28T19:50:24+00:00","dateModified":"2020-11-06T09:28:42+00:00","description":"Le porte Vision di Nusco si caratterizzano per un forte impatto visivo, sottolineato da linee di movimento, inserti, incastri e venature. Scopri la linea Vision di Nusco.","breadcrumb":{"@id":"https:\/\/nuscospa.com\/it\/prodotti\/porte\/linea-vision\/#breadcrumb"},"inLanguage":"it-IT","potentialAction":[{"@type":"ReadAction","target":["https:\/\/nuscospa.com\/it\/prodotti\/porte\/linea-vision\/"]}]},{"@type":"ImageObject","inLanguage":"it-IT","@id":"https:\/\/nuscospa.com\/it\/prodotti\/porte\/linea-vision\/#primaryimage","url":"https:\/\/nuscospa.com\/wp-content\/uploads\/2017\/10\/nusco-vision.jpg","contentUrl":"https:\/\/nuscospa.com\/wp-content\/uploads\/2017\/10\/nusco-vision.jpg","width":1200,"height":819,"caption":"porte vision nusco"},{"@type":"BreadcrumbList","@id":"https:\/\/nuscospa.com\/it\/prodotti\/porte\/linea-vision\/#breadcrumb","itemListElement":[{"@type":"ListItem","position":1,"name":"Home","item":"https:\/\/nuscospa.com\/it\/"},{"@type":"ListItem","position":2,"name":"Prodotti","item":"https:\/\/nuscospa.com\/it\/prodotti\/"},{"@type":"ListItem","position":3,"name":"Porte","item":"https:\/\/nuscospa.com\/it\/prodotti\/porte\/"},{"@type":"ListItem","position":4,"name":"Linea Vision"}]},{"@type":"WebSite","@id":"https:\/\/nuscospa.com\/it\/#website","url":"https:\/\/nuscospa.com\/it\/","name":"Nusco SpA: dal 1968, porte e infissi per passione","description":"Nusco SpA \u00e8 leader nella produzione di porte, infissi in legno, legno alluminio e PVC, grate e persiane di sicurezza. Scopri le nostre collezioni!","publisher":{"@id":"https:\/\/nuscospa.com\/it\/#organization"},"potentialAction":[{"@type":"SearchAction","target":{"@type":"EntryPoint","urlTemplate":"https:\/\/nuscospa.com\/it\/?s={search_term_string}"},"query-input":{"@type":"PropertyValueSpecification","valueRequired":true,"valueName":"search_term_string"}}],"inLanguage":"it-IT"},{"@type":"Organization","@id":"https:\/\/nuscospa.com\/it\/#organization","name":"Nusco SpA","url":"https:\/\/nuscospa.com\/it\/","logo":{"@type":"ImageObject","inLanguage":"it-IT","@id":"https:\/\/nuscospa.com\/it\/#\/schema\/logo\/image\/","url":"https:\/\/nuscospa.com\/wp-content\/uploads\/2018\/03\/nusco-logo.png","contentUrl":"https:\/\/nuscospa.com\/wp-content\/uploads\/2018\/03\/nusco-logo.png","width":1768,"height":744,"caption":"Nusco SpA"},"image":{"@id":"https:\/\/nuscospa.com\/it\/#\/schema\/logo\/image\/"},"sameAs":["https:\/\/www.facebook.com\/Nusco.spa","http:\/\/www.linkedin.com\/company\/5103818?trk=tyah&amp;amp;trkInfo=tas:gruppo nusco spa,idx:1-1-1","https:\/\/youtube.com\/@nuscospa3358?si=Y_sAVi-OY5P-hwSM"]}]}},"_links":{"self":[{"href":"https:\/\/nuscospa.com\/it\/wp-json\/wp\/v2\/pages\/19595"}],"collection":[{"href":"https:\/\/nuscospa.com\/it\/wp-json\/wp\/v2\/pages"}],"about":[{"href":"https:\/\/nuscospa.com\/it\/wp-json\/wp\/v2\/types\/page"}],"author":[{"embeddable":true,"href":"https:\/\/nuscospa.com\/it\/wp-json\/wp\/v2\/users\/6"}],"replies":[{"embeddable":true,"href":"https:\/\/nuscospa.com\/it\/wp-json\/wp\/v2\/comments?post=19595"}],"version-history":[{"count":3,"href":"https:\/\/nuscospa.com\/it\/wp-json\/wp\/v2\/pages\/19595\/revisions"}],"predecessor-version":[{"id":23627,"href":"https:\/\/nuscospa.com\/it\/wp-json\/wp\/v2\/pages\/19595\/revisions\/23627"}],"up":[{"embeddable":true,"href":"https:\/\/nuscospa.com\/it\/wp-json\/wp\/v2\/pages\/17845"}],"wp:featuredmedia":[{"embeddable":true,"href":"https:\/\/nuscospa.com\/it\/wp-json\/wp\/v2\/media\/18562"}],"wp:attachment":[{"href":"https:\/\/nuscospa.com\/it\/wp-json\/wp\/v2\/media?parent=19595"}],"curies":[{"name":"wp","href":"https:\/\/api.w.org\/{rel}","templated":true}]}}