{"id":18891,"date":"2017-12-20T10:13:02","date_gmt":"2017-12-20T09:13:02","guid":{"rendered":"https:\/\/nuscospa.com\/cookie-policy\/"},"modified":"2017-12-20T10:17:51","modified_gmt":"2017-12-20T09:17:51","slug":"cookie-policy","status":"publish","type":"page","link":"https:\/\/nuscospa.com\/it\/cookie-policy\/","title":{"rendered":"Cookie Policy"},"content":{"rendered":"<h4>Informazioni importanti sul consenso: utilizzando il nostro sito web ed i servizi forniti tramite il Sito date il vostro consenso all&#8217;utilizzo di cookie in conformit\u00e0 con la presente \u00abPolitica dei cookie\u00bb.<\/h4>\n<p>&nbsp;<\/p>\n<h4>Che cosa \u00e8 la Cookie Policy?<\/h4>\n<p>La Politica sui cookie espone come noi, e i terzi da noi autorizzati, utilizziamo i cookie quando voi interagite con il nostro Sito o i servizi offerti tramite il Sito.<\/p>\n<p>&nbsp;<\/p>\n<h4>Che cosa sono i cookie?<\/h4>\n<p>I cookie sono identificatori univoci, generalmente composti di piccole stringhe di testo o codice. Di regola, i cookie sono memorizzati sul vostro dispositivo o nel vostro browser e inviano determinate informazioni alla parte che ha trasmesso il cookie. Quando parliamo di cookie, ci riferiamo in realt\u00e0 a una pi\u00f9 vasta gamma di tecnologie piuttosto che soltanto ai cookie, compresi web beacon, clear gifs, pixel e altre tecnologie simili. Quando parliamo di cookie proprietari, intendiamo i cookie trasmessi da nuscospa.com. Quando parliamo di cookie di terzi, intendiamo i cookie trasmessi da soggetti terzi estranei a nuscospa.com<\/p>\n<p>&nbsp;<\/p>\n<h4>Come sono utilizzati i cookie?<\/h4>\n<p>I cookie sono utilizzati per comprendere meglio come lavorano le applicazioni e i siti web e per ottimizzare le esperienze online e mobili. I cookie fanno ci\u00f2 consentendo alla parte che trasmette il cookie di analizzare le prestazioni di un sito web o di un&#8217;app mobile, di identificare determinati utenti in modo anonimo e ricordare le loro preferenze, di comprendere meglio se un computer o dispositivo (e probabilmente il suo utente) ha gi\u00e0 visitato un sito web e di fornire pubblicit\u00e0 personalizzate.<\/p>\n<p>&nbsp;<\/p>\n<h4>Che tipi di cookie sono utilizzati nel Sito?<\/h4>\n<p>Il nostro Sito utilizza principalmente i seguenti quattro tipi di cookie:<\/p>\n<p>1. Cookie operativamente necessari<\/p>\n<p>Questi cookie sono essenziali per l\u2019operativit\u00e0 del nostro sito. Essi vi consentono di navigare e di utilizzare il nostro sito. Se disattivate questi cookie, il sito non funzioner\u00e0 correttamente.<\/p>\n<p>2. Cookie sulle prestazioni<\/p>\n<p>Questi cookie raccolgono informazioni su come i visitatori utilizzano il Sito e monitorano le prestazioni del sito. Ad esempio, i cookie sulle prestazioni ci dicono quali pagine sono popolari, monitorano il traffico verso il nostro Sito e compilano informazioni analitiche in forma anonima. I cookie sulle prestazioni possono essere utilizzati anche per identificare e correggere problemi operativi con il Sito.<\/p>\n<p>3. Cookie funzionali<\/p>\n<p>Questi cookie sono impiegati per riconoscere e ricordare le vostre preferenze. Ad esempio, i cookie funzionali potrebbero utilizzare informazioni, come la vostra ubicazione, per garantire che accediate a una versione del nostro sito specifica per la vostra citt\u00e0 o regione.<\/p>\n<p>4. Cookie pubblicitari<\/p>\n<p>Autorizziamo terzi a fornire contenuti pubblicitari personalizzati sul nostro sito e\/o su siti web e applicazioni di terzi. Tali terzi utilizzano cookie per comprendere il vostro interesse riguardo alle pubblicit\u00e0 e ai contenuti a voi forniti, nonch\u00e9 per offrirvi pubblicit\u00e0 pi\u00f9 mirate sulla base delle vostre attivit\u00e0 sul nostro Sito. Ad esempio, i cookie di terzi potrebbero registrare informazioni sul fatto che abbiate cliccato su determinati contenuti o determinate pubblicit\u00e0 sul nostro Sito o su altri siti web, o inserito un articolo sul nostro sito nel vostro carrello acquisti.<\/p>\n<p>Non abbiamo controllo su o accesso ai cookie pubblicitari di terzi o alle informazioni in essi contenute. I terzi gestiscono tutte le informazioni che raccolgono tramite i cookie da loro piazzati in conformit\u00e0 alle loro politiche sulla privacy.<\/p>\n<p>Potete disattivare i cookie pubblicitari personalizzati di terzi (tenete per\u00f2 presente che continuerete a ricevere pubblicit\u00e0 online). Per ulteriori informazioni o per disattivare l&#8217;utilizzo di tali cookie pubblicitari personalizzati di terzi nell&#8217;UE, visitate www.youronlinechoices.eu Se siete residenti negli Stati Uniti, visitate http:\/\/www.aboutads.info\/choices\/.<\/p>\n<p>5. Social Networks<\/p>\n<p>L\u2019Utente pu\u00f2 condividere le informazioni e i Dati forniti al Sito con i social network sui quali \u00e8 registrato, accettandone le rispettive privacy policy, e questo, a seconda dei casi, potrebbe comportare la comunicazione o la diffusione dei Dati verso soggetti terzi.<\/p>\n<p>Google +1 Button (Google)<\/p>\n<p>Google +1 \u00e8 un servizio gestito da Google Inc. che consente di condividere pubblicamente informazioni e ricevere contenuti personalizzati da Google e dai suoi partner. Se l&#8217;Utente clicca +1 su un contenuto, l&#8217;azione viene registrata da Google, insieme alle informazioni relative alla pagina visualizzata al momento del click. Per poter utilizzare il pulsante Google +1, \u00e8 necessario possedere un profilo Google che comprenda almeno il nome scelto per il profilo. \u00c8 possibile che l&#8217;identit\u00e0 riportata nel profilo Google dell&#8217;Utente sia visibile alle persone in possesso dell&#8217;indirizzo e-mail o di altre informazioni identificative dell&#8217;utente. Le informazioni fornite a Google vengono utilizzate in conformit\u00e0 con le norme sulla Privacy di Google. Google pu\u00f2 condividere statistiche aggregate relative all&#8217;attivit\u00e0 +1 dell\u2019Utente con il pubblico, i propri utenti e i partner (publisher, inserzionisti o siti collegati). Google elabora i Dati sui propri server, ubicati negli Stati Uniti d\u2019America e in altri Paesi uniformandosi ai principi definiti dal Safe Harbor Privacy Policy Framework e garantendo un trattamento dei Dati in linea con gli standard di sicurezza europei. Luogo del Trattamento: USA Per ulteriori informazioni: www.google.com\/intl\/it\/+\/policy\/+1button.html I dati personali raccolti sono: Cookie e Indirizzo IP.<\/p>\n<p>Bottoni\/widget sociali di Facebook<\/p>\n<p>Facebook Like Button e le sue varianti sono servizi gestiti da Facebook Inc., societ\u00e0 che aderisce all&#8217;iniziativa Safe Harbor Privacy Policy Framework, garantendo un trattamento dei Dati in linea con gli standard di sicurezza europei. Il servizio consente all&#8217;Utente di interagire con il social network tramite questo Sito. Facebook, grazie al click dell\u2019Utente, acquisisce i Dati relativi alla visita dello stesso sul Sito. Facebook non condivide alcuna informazione in suo possesso con il Sito o il Titolare del Trattamento. Luogo del Trattamento: USA Per maggiori informazioni:www.facebook.com\/privacy\/explanation.php I dati personali raccolti sono: Cookie e Indirizzo IP.<\/p>\n<p>Statistica<\/p>\n<p>I servizi contenuti nella presente sezione, forniti da soggetti terzi, servono a tener traccia del comportamento dell\u2019Utente ed, in caso di profilazione, possono richiedere il consenso espresso dell\u2019Utente. Google Analytics (Google): \u00e8 un servizio di analisi web fornito da Google, Inc. (&#8220;Google&#8221;) che utilizza dei &#8220;cookie&#8221; mediante i quali raccoglie i Dati dell\u2019Utente che vengono trasmessi e depositati presso i server di Google negli Stati Uniti. Google utilizza queste informazioni allo scopo di tracciare ed esaminare l\u2019utilizzo del Sito, compilare report e fornire altri servizi relativi alle attivit\u00e0 del Sito. Google potrebbe utilizzare i Dati per profilare l\u2019Utente e svolgere nei suoi confronti operazioni promozionali in relazione a prodotti e\/o servizi distribuiti da Google o da soggetti terzi. Luogo del Trattamento: USA Per maggiori informazioni:www.google.com\/intl\/it\/analytics\/privacyoverview.html<\/p>\n<p>Riferimenti legali<\/p>\n<p>Avviso agli Utenti europei: la presente informativa privacy \u00e8 redatta in adempimento degli obblighi previsti dall\u2019Art. 10 della Direttiva n. 95\/46\/CE, nonch\u00e9 a quanto previsto dalla Direttiva 2002\/58\/CE, come aggiornata dalla Direttiva 2009\/136\/CE, in materia di Cookie.<\/p>\n<p>Titolare del Trattamento dei Dati<\/p>\n<p>NUSCO SpA\u00a0&#8211; S.S.7 bis km 50.500 &#8211; 80035 Nola (NA)  | \u00a0info@nuscoporte.com <\/p>\n<p>Dal momento che l\u2019installazione di Cookie e di altri sistemi di tracciamento operata da terze parti tramite i servizi utilizzati all\u2019interno di questo sito web non pu\u00f2 essere tecnicamente controllata dal Titolare, ogni riferimento specifico a Cookie e sistemi di tracciamento installati da terze parti \u00e8 da considerarsi indicativo. Per ottenere informazioni complete, consulta la privacy policy degli eventuali servizi terzi elencati in questo documento.<\/p>\n<p>Vista l\u2019oggettiva complessit\u00e0 legata all\u2019identificazione delle tecnologie basate sui Cookie ed alla loro integrazione molto stretta con il funzionamento del web, l\u2019Utente \u00e8 invitato a contattare il Titolare qualora volesse ricevere qualunque approfondimento relativo all\u2019utilizzo dei Cookie stessi e ad eventuali utilizzi degli stessi \u2013 ad esempio ad opera di terzi \u2013 effettuati tramite questo sito.<\/p>\n<p>In che altro modo posso evitare i cookie?<\/p>\n<p>Potete evitare determinati cookie configurando le impostazioni del vostro browser o disattivando direttamente la parte che gestisce e controlla i cookie. Controllate le impostazioni del vostro browser per informazioni pi\u00f9 dettagliate.<\/p>\n<p>Se avete ancora domande dopo avere letto la presente Politica sui cookie, contattateci.<\/p>\n<p>&nbsp;<\/p>\n<p>&nbsp;<\/p>\n","protected":false},"excerpt":{"rendered":"<p>Informazioni importanti sul consenso: utilizzando il nostro sito web ed i servizi forniti tramite il Sito date il vostro consenso all&#8217;utilizzo di cookie in conformit\u00e0 con la presente \u00abPolitica dei cookie\u00bb. &nbsp; Che cosa \u00e8 la Cookie Policy? La Politica sui cookie espone come noi,&#8230;<\/p>\n","protected":false},"author":6,"featured_media":0,"parent":0,"menu_order":0,"comment_status":"closed","ping_status":"closed","template":"","meta":{"inline_featured_image":false,"footnotes":""},"class_list":["post-18891","page","type-page","status-publish","hentry"],"yoast_head":"<!-- This site is optimized with the Yoast SEO plugin v25.5 - https:\/\/yoast.com\/wordpress\/plugins\/seo\/ -->\n<title>Cookie Policy - Nusco SpA: dal 1968, porte e infissi per passione<\/title>\n<meta name=\"robots\" content=\"index, follow, max-snippet:-1, max-image-preview:large, max-video-preview:-1\" \/>\n<link rel=\"canonical\" href=\"https:\/\/nuscospa.com\/it\/cookie-policy\/\" \/>\n<meta property=\"og:locale\" content=\"it_IT\" \/>\n<meta property=\"og:type\" content=\"article\" \/>\n<meta property=\"og:title\" content=\"Cookie Policy - Nusco SpA: dal 1968, porte e infissi per passione\" \/>\n<meta property=\"og:description\" content=\"Informazioni importanti sul consenso: utilizzando il nostro sito web ed i servizi forniti tramite il Sito date il vostro consenso all&#8217;utilizzo di cookie in conformit\u00e0 con la presente \u00abPolitica dei cookie\u00bb. &nbsp; Che cosa \u00e8 la Cookie Policy? La Politica sui cookie espone come noi,...\" \/>\n<meta property=\"og:url\" content=\"https:\/\/nuscospa.com\/it\/cookie-policy\/\" \/>\n<meta property=\"og:site_name\" content=\"Nusco SpA: dal 1968, porte e infissi per passione\" \/>\n<meta property=\"article:publisher\" content=\"https:\/\/www.facebook.com\/Nusco.spa\" \/>\n<meta property=\"article:modified_time\" content=\"2017-12-20T09:17:51+00:00\" \/>\n<meta property=\"og:image\" content=\"https:\/\/nuscospa.com\/wp-content\/uploads\/2017\/12\/nu-amb-platinum-vanitosa.jpg\" \/>\n\t<meta property=\"og:image:width\" content=\"1250\" \/>\n\t<meta property=\"og:image:height\" content=\"800\" \/>\n\t<meta property=\"og:image:type\" content=\"image\/jpeg\" \/>\n<meta name=\"twitter:card\" content=\"summary_large_image\" \/>\n<meta name=\"twitter:label1\" content=\"Tempo di lettura stimato\" \/>\n\t<meta name=\"twitter:data1\" content=\"7 minuti\" \/>\n<script type=\"application\/ld+json\" class=\"yoast-schema-graph\">{\"@context\":\"https:\/\/schema.org\",\"@graph\":[{\"@type\":\"WebPage\",\"@id\":\"https:\/\/nuscospa.com\/it\/cookie-policy\/\",\"url\":\"https:\/\/nuscospa.com\/it\/cookie-policy\/\",\"name\":\"Cookie Policy - Nusco SpA: dal 1968, porte e infissi per passione\",\"isPartOf\":{\"@id\":\"https:\/\/nuscospa.com\/it\/#website\"},\"datePublished\":\"2017-12-20T09:13:02+00:00\",\"dateModified\":\"2017-12-20T09:17:51+00:00\",\"breadcrumb\":{\"@id\":\"https:\/\/nuscospa.com\/it\/cookie-policy\/#breadcrumb\"},\"inLanguage\":\"it-IT\",\"potentialAction\":[{\"@type\":\"ReadAction\",\"target\":[\"https:\/\/nuscospa.com\/it\/cookie-policy\/\"]}]},{\"@type\":\"BreadcrumbList\",\"@id\":\"https:\/\/nuscospa.com\/it\/cookie-policy\/#breadcrumb\",\"itemListElement\":[{\"@type\":\"ListItem\",\"position\":1,\"name\":\"Home\",\"item\":\"https:\/\/nuscospa.com\/it\/\"},{\"@type\":\"ListItem\",\"position\":2,\"name\":\"Cookie Policy\"}]},{\"@type\":\"WebSite\",\"@id\":\"https:\/\/nuscospa.com\/it\/#website\",\"url\":\"https:\/\/nuscospa.com\/it\/\",\"name\":\"Nusco SpA: dal 1968, porte e infissi per passione\",\"description\":\"Nusco SpA \u00e8 leader nella produzione di porte, infissi in legno, legno alluminio e PVC, grate e persiane di sicurezza. Scopri le nostre collezioni!\",\"publisher\":{\"@id\":\"https:\/\/nuscospa.com\/it\/#organization\"},\"potentialAction\":[{\"@type\":\"SearchAction\",\"target\":{\"@type\":\"EntryPoint\",\"urlTemplate\":\"https:\/\/nuscospa.com\/it\/?s={search_term_string}\"},\"query-input\":{\"@type\":\"PropertyValueSpecification\",\"valueRequired\":true,\"valueName\":\"search_term_string\"}}],\"inLanguage\":\"it-IT\"},{\"@type\":\"Organization\",\"@id\":\"https:\/\/nuscospa.com\/it\/#organization\",\"name\":\"Nusco SpA\",\"url\":\"https:\/\/nuscospa.com\/it\/\",\"logo\":{\"@type\":\"ImageObject\",\"inLanguage\":\"it-IT\",\"@id\":\"https:\/\/nuscospa.com\/it\/#\/schema\/logo\/image\/\",\"url\":\"https:\/\/nuscospa.com\/wp-content\/uploads\/2018\/03\/nusco-logo.png\",\"contentUrl\":\"https:\/\/nuscospa.com\/wp-content\/uploads\/2018\/03\/nusco-logo.png\",\"width\":1768,\"height\":744,\"caption\":\"Nusco SpA\"},\"image\":{\"@id\":\"https:\/\/nuscospa.com\/it\/#\/schema\/logo\/image\/\"},\"sameAs\":[\"https:\/\/www.facebook.com\/Nusco.spa\",\"http:\/\/www.linkedin.com\/company\/5103818?trk=tyah&amp;amp;trkInfo=tas:gruppo nusco spa,idx:1-1-1\",\"https:\/\/youtube.com\/@nuscospa3358?si=Y_sAVi-OY5P-hwSM\"]}]}<\/script>\n<!-- \/ Yoast SEO plugin. -->","yoast_head_json":{"title":"Cookie Policy - Nusco SpA: dal 1968, porte e infissi per passione","robots":{"index":"index","follow":"follow","max-snippet":"max-snippet:-1","max-image-preview":"max-image-preview:large","max-video-preview":"max-video-preview:-1"},"canonical":"https:\/\/nuscospa.com\/it\/cookie-policy\/","og_locale":"it_IT","og_type":"article","og_title":"Cookie Policy - Nusco SpA: dal 1968, porte e infissi per passione","og_description":"Informazioni importanti sul consenso: utilizzando il nostro sito web ed i servizi forniti tramite il Sito date il vostro consenso all&#8217;utilizzo di cookie in conformit\u00e0 con la presente \u00abPolitica dei cookie\u00bb. &nbsp; Che cosa \u00e8 la Cookie Policy? La Politica sui cookie espone come noi,...","og_url":"https:\/\/nuscospa.com\/it\/cookie-policy\/","og_site_name":"Nusco SpA: dal 1968, porte e infissi per passione","article_publisher":"https:\/\/www.facebook.com\/Nusco.spa","article_modified_time":"2017-12-20T09:17:51+00:00","og_image":[{"width":1250,"height":800,"url":"https:\/\/nuscospa.com\/wp-content\/uploads\/2017\/12\/nu-amb-platinum-vanitosa.jpg","type":"image\/jpeg"}],"twitter_card":"summary_large_image","twitter_misc":{"Tempo di lettura stimato":"7 minuti"},"schema":{"@context":"https:\/\/schema.org","@graph":[{"@type":"WebPage","@id":"https:\/\/nuscospa.com\/it\/cookie-policy\/","url":"https:\/\/nuscospa.com\/it\/cookie-policy\/","name":"Cookie Policy - Nusco SpA: dal 1968, porte e infissi per passione","isPartOf":{"@id":"https:\/\/nuscospa.com\/it\/#website"},"datePublished":"2017-12-20T09:13:02+00:00","dateModified":"2017-12-20T09:17:51+00:00","breadcrumb":{"@id":"https:\/\/nuscospa.com\/it\/cookie-policy\/#breadcrumb"},"inLanguage":"it-IT","potentialAction":[{"@type":"ReadAction","target":["https:\/\/nuscospa.com\/it\/cookie-policy\/"]}]},{"@type":"BreadcrumbList","@id":"https:\/\/nuscospa.com\/it\/cookie-policy\/#breadcrumb","itemListElement":[{"@type":"ListItem","position":1,"name":"Home","item":"https:\/\/nuscospa.com\/it\/"},{"@type":"ListItem","position":2,"name":"Cookie Policy"}]},{"@type":"WebSite","@id":"https:\/\/nuscospa.com\/it\/#website","url":"https:\/\/nuscospa.com\/it\/","name":"Nusco SpA: dal 1968, porte e infissi per passione","description":"Nusco SpA \u00e8 leader nella produzione di porte, infissi in legno, legno alluminio e PVC, grate e persiane di sicurezza. Scopri le nostre collezioni!","publisher":{"@id":"https:\/\/nuscospa.com\/it\/#organization"},"potentialAction":[{"@type":"SearchAction","target":{"@type":"EntryPoint","urlTemplate":"https:\/\/nuscospa.com\/it\/?s={search_term_string}"},"query-input":{"@type":"PropertyValueSpecification","valueRequired":true,"valueName":"search_term_string"}}],"inLanguage":"it-IT"},{"@type":"Organization","@id":"https:\/\/nuscospa.com\/it\/#organization","name":"Nusco SpA","url":"https:\/\/nuscospa.com\/it\/","logo":{"@type":"ImageObject","inLanguage":"it-IT","@id":"https:\/\/nuscospa.com\/it\/#\/schema\/logo\/image\/","url":"https:\/\/nuscospa.com\/wp-content\/uploads\/2018\/03\/nusco-logo.png","contentUrl":"https:\/\/nuscospa.com\/wp-content\/uploads\/2018\/03\/nusco-logo.png","width":1768,"height":744,"caption":"Nusco SpA"},"image":{"@id":"https:\/\/nuscospa.com\/it\/#\/schema\/logo\/image\/"},"sameAs":["https:\/\/www.facebook.com\/Nusco.spa","http:\/\/www.linkedin.com\/company\/5103818?trk=tyah&amp;amp;trkInfo=tas:gruppo nusco spa,idx:1-1-1","https:\/\/youtube.com\/@nuscospa3358?si=Y_sAVi-OY5P-hwSM"]}]}},"_links":{"self":[{"href":"https:\/\/nuscospa.com\/it\/wp-json\/wp\/v2\/pages\/18891"}],"collection":[{"href":"https:\/\/nuscospa.com\/it\/wp-json\/wp\/v2\/pages"}],"about":[{"href":"https:\/\/nuscospa.com\/it\/wp-json\/wp\/v2\/types\/page"}],"author":[{"embeddable":true,"href":"https:\/\/nuscospa.com\/it\/wp-json\/wp\/v2\/users\/6"}],"replies":[{"embeddable":true,"href":"https:\/\/nuscospa.com\/it\/wp-json\/wp\/v2\/comments?post=18891"}],"version-history":[{"count":0,"href":"https:\/\/nuscospa.com\/it\/wp-json\/wp\/v2\/pages\/18891\/revisions"}],"wp:attachment":[{"href":"https:\/\/nuscospa.com\/it\/wp-json\/wp\/v2\/media?parent=18891"}],"curies":[{"name":"wp","href":"https:\/\/api.w.org\/{rel}","templated":true}]}}