{"id":17819,"date":"2017-10-04T12:43:37","date_gmt":"2017-10-04T10:43:37","guid":{"rendered":"https:\/\/nuscospa.com\/?page_id=17819\/"},"modified":"2021-05-04T11:49:10","modified_gmt":"2021-05-04T09:49:10","slug":"legno-e-legno-alluminio","status":"publish","type":"page","link":"https:\/\/nuscospa.com\/it\/prodotti\/infissi\/legno-e-legno-alluminio\/","title":{"rendered":"Legno e legno-alluminio"},"content":{"rendered":"<div class=\"wpb-content-wrapper\"><p>[vc_row css_animation=&#8221;&#8221; row_type=&#8221;row&#8221; use_row_as_full_screen_section=&#8221;no&#8221; type=&#8221;full_width&#8221; angled_section=&#8221;no&#8221; text_align=&#8221;left&#8221; background_image_as_pattern=&#8221;without_pattern&#8221;][vc_column][vc_column_text]<\/p>\n<h1 class=\"nome_linea\">INFISSI IN LEGNO E LEGNO ALLUMINIO<\/h1>\n<p>[\/vc_column_text][\/vc_column][\/vc_row][vc_row css_animation=&#8221;&#8221; row_type=&#8221;row&#8221; use_row_as_full_screen_section=&#8221;yes&#8221; type=&#8221;full_width&#8221; angled_section=&#8221;no&#8221; text_align=&#8221;left&#8221; background_image_as_pattern=&#8221;without_pattern&#8221; background_color=&#8221;#ffffff&#8221; padding_top=&#8221;20&#8243;][vc_column][vc_column_text]<\/p>\n<h3 class=\"lista_prodotti\">Angoli<\/h3>\n<p>[\/vc_column_text]<div class=\"woocommerce columns-5 \"><ul class=\"products\">\n\t<li class=\"product type-product post-17835 status-publish first instock product_cat-finestre product_cat-legno has-post-thumbnail shipping-taxable product-type-simple\">\n\t\t\n    <div class=\"top-product-section\">\n\n        <a itemprop=\"url\" href=\"https:\/\/nuscospa.com\/it\/prodotto\/finestre\/legno\/cosmo68-flat\/\" class=\"product-category\">\n            <span class=\"image-wrapper\">\n            <img fetchpriority=\"high\" decoding=\"async\" width=\"269\" height=\"569\" src=\"https:\/\/nuscospa.com\/wp-content\/uploads\/2020\/04\/cosmo68-flat-5-269x569.jpg\" class=\"attachment-woocommerce_thumbnail size-woocommerce_thumbnail\" alt=\"Cosmo68 flat\" \/>            <\/span>\n        <\/a>\n\n\t\t<span class=\"add-to-cart-button-outer\"><span class=\"add-to-cart-button-inner\"><a href=\"https:\/\/nuscospa.com\/it\/prodotto\/finestre\/legno\/cosmo68-flat\/\" data-quantity=\"1\" class=\"button product_type_simple qbutton add-to-cart-button\" data-product_id=\"17835\" data-product_sku=\"\" aria-label=\"Leggi di pi\u00f9 su &quot;Cosmo68 flat&quot;\" rel=\"nofollow\" data-success_message=\"\">Dettagli<\/a><\/span><\/span>\n    <\/div>\n        <a itemprop=\"url\" href=\"https:\/\/nuscospa.com\/it\/prodotto\/finestre\/legno\/cosmo68-flat\/\" class=\"product-category product-info\">\n        <h6 itemprop=\"name\">Cosmo68 flat<\/h6>\n\n        \n        \n    <\/a>\n\n    \n<\/li>\n\t<li class=\"product type-product post-17831 status-publish instock product_cat-finestre product_cat-legno has-post-thumbnail shipping-taxable product-type-simple\">\n\t\t\n    <div class=\"top-product-section\">\n\n        <a itemprop=\"url\" href=\"https:\/\/nuscospa.com\/it\/prodotto\/finestre\/legno\/cosmo68-legno-lamellare\/\" class=\"product-category\">\n            <span class=\"image-wrapper\">\n            <img decoding=\"async\" width=\"269\" height=\"569\" src=\"https:\/\/nuscospa.com\/wp-content\/uploads\/2020\/04\/cosmo68-fermavetro-3-269x569.jpg\" class=\"attachment-woocommerce_thumbnail size-woocommerce_thumbnail\" alt=\"Cosmo68 lamellare con fermavetro\" \/>            <\/span>\n        <\/a>\n\n\t\t<span class=\"add-to-cart-button-outer\"><span class=\"add-to-cart-button-inner\"><a href=\"https:\/\/nuscospa.com\/it\/prodotto\/finestre\/legno\/cosmo68-legno-lamellare\/\" data-quantity=\"1\" class=\"button product_type_simple qbutton add-to-cart-button\" data-product_id=\"17831\" data-product_sku=\"\" aria-label=\"Leggi di pi\u00f9 su &quot;Cosmo68 lamellare con fermavetro&quot;\" rel=\"nofollow\" data-success_message=\"\">Dettagli<\/a><\/span><\/span>\n    <\/div>\n        <a itemprop=\"url\" href=\"https:\/\/nuscospa.com\/it\/prodotto\/finestre\/legno\/cosmo68-legno-lamellare\/\" class=\"product-category product-info\">\n        <h6 itemprop=\"name\">Cosmo68 lamellare con fermavetro<\/h6>\n\n        \n        \n    <\/a>\n\n    \n<\/li>\n\t<li class=\"product type-product post-17827 status-publish instock product_cat-finestre product_cat-legno has-post-thumbnail shipping-taxable product-type-simple\">\n\t\t\n    <div class=\"top-product-section\">\n\n        <a itemprop=\"url\" href=\"https:\/\/nuscospa.com\/it\/prodotto\/finestre\/legno\/cosmo68-legno-pino-massello\/\" class=\"product-category\">\n            <span class=\"image-wrapper\">\n            <img decoding=\"async\" width=\"269\" height=\"569\" src=\"https:\/\/nuscospa.com\/wp-content\/uploads\/2020\/04\/cosmo68-fisso-3-269x569.jpg\" class=\"attachment-woocommerce_thumbnail size-woocommerce_thumbnail\" alt=\"Cosmo68 massello listello fisso\" \/>            <\/span>\n        <\/a>\n\n\t\t<span class=\"add-to-cart-button-outer\"><span class=\"add-to-cart-button-inner\"><a href=\"https:\/\/nuscospa.com\/it\/prodotto\/finestre\/legno\/cosmo68-legno-pino-massello\/\" data-quantity=\"1\" class=\"button product_type_simple qbutton add-to-cart-button\" data-product_id=\"17827\" data-product_sku=\"\" aria-label=\"Leggi di pi\u00f9 su &quot;Cosmo68 massello listello fisso&quot;\" rel=\"nofollow\" data-success_message=\"\">Dettagli<\/a><\/span><\/span>\n    <\/div>\n        <a itemprop=\"url\" href=\"https:\/\/nuscospa.com\/it\/prodotto\/finestre\/legno\/cosmo68-legno-pino-massello\/\" class=\"product-category product-info\">\n        <h6 itemprop=\"name\">Cosmo68 massello listello fisso<\/h6>\n\n        \n        \n    <\/a>\n\n    \n<\/li><\/ul>\n<\/div>[\/vc_column][\/vc_row][vc_row css_animation=&#8221;&#8221; row_type=&#8221;row&#8221; use_row_as_full_screen_section=&#8221;no&#8221; type=&#8221;full_width&#8221; angled_section=&#8221;no&#8221; text_align=&#8221;left&#8221; background_image_as_pattern=&#8221;without_pattern&#8221; padding_bottom=&#8221;50&#8243;][vc_column width=&#8221;1\/2&#8243;][vc_column_text]<\/p>\n<h3 class=\"descrizione\">Infissi in legno, una scelta che premia<\/h3>\n<p>Pi\u00f9 valore al legno, nel rispetto per l\u2019ambiente. La passione per il legno ed il rispetto per l\u2019ambiente si uniscono in un mix unico di qualit\u00e0, innovazione tecnologica e ricerca, per raggiungere eccellenza qualitativa coniugata allo sviluppo sostenibile.[\/vc_column_text][vc_empty_space height=&#8221;20px&#8221;][vc_column_text]<\/p>\n<h3 class=\"descrizione\">Addio freddo e rumori<\/h3>\n<p>Grazie alle tecniche di realizzazione altamente all\u2019avanguardia, gli <strong>infissi in legno<\/strong> Cosmo 68 garantiscono il massimo isolamento termoacustico. Un prodotto pregiato al di sopra di ogni aspettativa.[\/vc_column_text][vc_empty_space height=&#8221;20px&#8221;][vc_column_text]<\/p>\n<h3 class=\"descrizione\">Benvenuto risparmio<\/h3>\n<p>Il <strong>vetrocamera<\/strong> permette di avere la temperatura e la luce ideali in tutte le stagioni.[\/vc_column_text][\/vc_column][vc_column width=&#8221;1\/2&#8243;][vc_column_text]<\/p>\n<h3 class=\"descrizione\">Benvenuta sicurezza<\/h3>\n<p>L\u2019intero sistema della ferramenta aumenta in maniera considerevole il livello della sicurezza degli <a href=\"\/it\/prodotti\/infissi\/\"><strong>infissi<\/strong><\/a>.[\/vc_column_text][vc_empty_space height=&#8221;20px&#8221;][vc_column_text]<\/p>\n<h3 class=\"descrizione\">Sgravi fiscali 65%<\/h3>\n<p>Grazie al risparmio energetico e ai valori di trasmittanza garantiti dagli <strong>infissi in legno<\/strong> Nusco, \u00e8 possibile accedere agli sgravi fiscali previsti dallo stato per le ristrutturazioni ed il risparmio energetico.[\/vc_column_text][vc_empty_space height=&#8221;20px&#8221;][vc_column_text]<\/p>\n<h3 class=\"descrizione\">Certificazioni<\/h3>\n<p>I nostri <strong>serramenti in legno<\/strong> godono delle certificazioni ISO 9001 ed ISO 4001 e sono garantiti 2 anni. Tutti i modelli rispettano pienamente le certificazioni richieste per legge e sono realizzati nel rispetto della normativa CEE che regolamenta i coefficienti di trasmittanza termica.[\/vc_column_text][vc_empty_space height=&#8221;10px&#8221;][\/vc_column][\/vc_row]<\/p>\n<\/div>","protected":false},"excerpt":{"rendered":"<p>[vc_row css_animation=&#8221;&#8221; row_type=&#8221;row&#8221; use_row_as_full_screen_section=&#8221;no&#8221; type=&#8221;full_width&#8221; angled_section=&#8221;no&#8221; text_align=&#8221;left&#8221; background_image_as_pattern=&#8221;without_pattern&#8221;][vc_column][vc_column_text] INFISSI IN LEGNO E LEGNO ALLUMINIO [\/vc_column_text][\/vc_column][\/vc_row][vc_row css_animation=&#8221;&#8221; row_type=&#8221;row&#8221; use_row_as_full_screen_section=&#8221;yes&#8221; type=&#8221;full_width&#8221; angled_section=&#8221;no&#8221; text_align=&#8221;left&#8221; background_image_as_pattern=&#8221;without_pattern&#8221; background_color=&#8221;#ffffff&#8221; padding_top=&#8221;20&#8243;][vc_column][vc_column_text] Angoli [\/vc_column_text][\/vc_column][\/vc_row][vc_row css_animation=&#8221;&#8221; row_type=&#8221;row&#8221; use_row_as_full_screen_section=&#8221;no&#8221; type=&#8221;full_width&#8221; angled_section=&#8221;no&#8221; text_align=&#8221;left&#8221; background_image_as_pattern=&#8221;without_pattern&#8221; padding_bottom=&#8221;50&#8243;][vc_column width=&#8221;1\/2&#8243;][vc_column_text] Infissi in legno, una scelta che premia Pi\u00f9 valore al&#8230;<\/p>\n","protected":false},"author":6,"featured_media":0,"parent":17715,"menu_order":0,"comment_status":"closed","ping_status":"closed","template":"","meta":{"inline_featured_image":false,"footnotes":""},"class_list":["post-17819","page","type-page","status-publish","hentry"],"yoast_head":"<!-- This site is optimized with the Yoast SEO plugin v25.5 - https:\/\/yoast.com\/wordpress\/plugins\/seo\/ -->\n<title>La gamma di infissi in legno e infissi in legno-alluminio di Nusco<\/title>\n<meta name=\"description\" content=\"Gli infissi in legno e gli infissi in legno-alluminio di Nusco coniugano il calore che \u00e8 in grado di trasmettere il legno, con le propriet\u00e0 di isolamento termico e acustico, nonch\u00e9 di sicurezza, dell&#039;alluminio.\" \/>\n<meta name=\"robots\" content=\"index, follow, max-snippet:-1, max-image-preview:large, max-video-preview:-1\" \/>\n<link rel=\"canonical\" href=\"https:\/\/nuscospa.com\/it\/prodotti\/infissi\/legno-e-legno-alluminio\/\" \/>\n<meta property=\"og:locale\" content=\"it_IT\" \/>\n<meta property=\"og:type\" content=\"article\" \/>\n<meta property=\"og:title\" content=\"La gamma di infissi in legno e infissi in legno-alluminio di Nusco\" \/>\n<meta property=\"og:description\" content=\"Gli infissi in legno e gli infissi in legno-alluminio di Nusco coniugano il calore che \u00e8 in grado di trasmettere il legno, con le propriet\u00e0 di isolamento termico e acustico, nonch\u00e9 di sicurezza, dell&#039;alluminio.\" \/>\n<meta property=\"og:url\" content=\"https:\/\/nuscospa.com\/it\/prodotti\/infissi\/legno-e-legno-alluminio\/\" \/>\n<meta property=\"og:site_name\" content=\"Nusco SpA: dal 1968, porte e infissi per passione\" \/>\n<meta property=\"article:publisher\" content=\"https:\/\/www.facebook.com\/Nusco.spa\" \/>\n<meta property=\"article:modified_time\" content=\"2021-05-04T09:49:10+00:00\" \/>\n<meta property=\"og:image\" content=\"https:\/\/nuscospa.com\/wp-content\/uploads\/2017\/12\/nu-amb-platinum-vanitosa.jpg\" \/>\n\t<meta property=\"og:image:width\" content=\"1250\" \/>\n\t<meta property=\"og:image:height\" content=\"800\" \/>\n\t<meta property=\"og:image:type\" content=\"image\/jpeg\" \/>\n<meta name=\"twitter:card\" content=\"summary_large_image\" \/>\n<meta name=\"twitter:label1\" content=\"Tempo di lettura stimato\" \/>\n\t<meta name=\"twitter:data1\" content=\"2 minuti\" \/>\n<script type=\"application\/ld+json\" class=\"yoast-schema-graph\">{\"@context\":\"https:\/\/schema.org\",\"@graph\":[{\"@type\":\"WebPage\",\"@id\":\"https:\/\/nuscospa.com\/it\/prodotti\/infissi\/legno-e-legno-alluminio\/\",\"url\":\"https:\/\/nuscospa.com\/it\/prodotti\/infissi\/legno-e-legno-alluminio\/\",\"name\":\"La gamma di infissi in legno e infissi in legno-alluminio di Nusco\",\"isPartOf\":{\"@id\":\"https:\/\/nuscospa.com\/it\/#website\"},\"datePublished\":\"2017-10-04T10:43:37+00:00\",\"dateModified\":\"2021-05-04T09:49:10+00:00\",\"description\":\"Gli infissi in legno e gli infissi in legno-alluminio di Nusco coniugano il calore che \u00e8 in grado di trasmettere il legno, con le propriet\u00e0 di isolamento termico e acustico, nonch\u00e9 di sicurezza, dell'alluminio.\",\"breadcrumb\":{\"@id\":\"https:\/\/nuscospa.com\/it\/prodotti\/infissi\/legno-e-legno-alluminio\/#breadcrumb\"},\"inLanguage\":\"it-IT\",\"potentialAction\":[{\"@type\":\"ReadAction\",\"target\":[\"https:\/\/nuscospa.com\/it\/prodotti\/infissi\/legno-e-legno-alluminio\/\"]}]},{\"@type\":\"BreadcrumbList\",\"@id\":\"https:\/\/nuscospa.com\/it\/prodotti\/infissi\/legno-e-legno-alluminio\/#breadcrumb\",\"itemListElement\":[{\"@type\":\"ListItem\",\"position\":1,\"name\":\"Home\",\"item\":\"https:\/\/nuscospa.com\/it\/\"},{\"@type\":\"ListItem\",\"position\":2,\"name\":\"Prodotti\",\"item\":\"https:\/\/nuscospa.com\/it\/prodotti\/\"},{\"@type\":\"ListItem\",\"position\":3,\"name\":\"Infissi\",\"item\":\"https:\/\/nuscospa.com\/it\/prodotti\/infissi\/\"},{\"@type\":\"ListItem\",\"position\":4,\"name\":\"Legno e legno-alluminio\"}]},{\"@type\":\"WebSite\",\"@id\":\"https:\/\/nuscospa.com\/it\/#website\",\"url\":\"https:\/\/nuscospa.com\/it\/\",\"name\":\"Nusco SpA: dal 1968, porte e infissi per passione\",\"description\":\"Nusco SpA \u00e8 leader nella produzione di porte, infissi in legno, legno alluminio e PVC, grate e persiane di sicurezza. Scopri le nostre collezioni!\",\"publisher\":{\"@id\":\"https:\/\/nuscospa.com\/it\/#organization\"},\"potentialAction\":[{\"@type\":\"SearchAction\",\"target\":{\"@type\":\"EntryPoint\",\"urlTemplate\":\"https:\/\/nuscospa.com\/it\/?s={search_term_string}\"},\"query-input\":{\"@type\":\"PropertyValueSpecification\",\"valueRequired\":true,\"valueName\":\"search_term_string\"}}],\"inLanguage\":\"it-IT\"},{\"@type\":\"Organization\",\"@id\":\"https:\/\/nuscospa.com\/it\/#organization\",\"name\":\"Nusco SpA\",\"url\":\"https:\/\/nuscospa.com\/it\/\",\"logo\":{\"@type\":\"ImageObject\",\"inLanguage\":\"it-IT\",\"@id\":\"https:\/\/nuscospa.com\/it\/#\/schema\/logo\/image\/\",\"url\":\"https:\/\/nuscospa.com\/wp-content\/uploads\/2018\/03\/nusco-logo.png\",\"contentUrl\":\"https:\/\/nuscospa.com\/wp-content\/uploads\/2018\/03\/nusco-logo.png\",\"width\":1768,\"height\":744,\"caption\":\"Nusco SpA\"},\"image\":{\"@id\":\"https:\/\/nuscospa.com\/it\/#\/schema\/logo\/image\/\"},\"sameAs\":[\"https:\/\/www.facebook.com\/Nusco.spa\",\"http:\/\/www.linkedin.com\/company\/5103818?trk=tyah&amp;amp;trkInfo=tas:gruppo nusco spa,idx:1-1-1\",\"https:\/\/youtube.com\/@nuscospa3358?si=Y_sAVi-OY5P-hwSM\"]}]}<\/script>\n<!-- \/ Yoast SEO plugin. -->","yoast_head_json":{"title":"La gamma di infissi in legno e infissi in legno-alluminio di Nusco","description":"Gli infissi in legno e gli infissi in legno-alluminio di Nusco coniugano il calore che \u00e8 in grado di trasmettere il legno, con le propriet\u00e0 di isolamento termico e acustico, nonch\u00e9 di sicurezza, dell'alluminio.","robots":{"index":"index","follow":"follow","max-snippet":"max-snippet:-1","max-image-preview":"max-image-preview:large","max-video-preview":"max-video-preview:-1"},"canonical":"https:\/\/nuscospa.com\/it\/prodotti\/infissi\/legno-e-legno-alluminio\/","og_locale":"it_IT","og_type":"article","og_title":"La gamma di infissi in legno e infissi in legno-alluminio di Nusco","og_description":"Gli infissi in legno e gli infissi in legno-alluminio di Nusco coniugano il calore che \u00e8 in grado di trasmettere il legno, con le propriet\u00e0 di isolamento termico e acustico, nonch\u00e9 di sicurezza, dell'alluminio.","og_url":"https:\/\/nuscospa.com\/it\/prodotti\/infissi\/legno-e-legno-alluminio\/","og_site_name":"Nusco SpA: dal 1968, porte e infissi per passione","article_publisher":"https:\/\/www.facebook.com\/Nusco.spa","article_modified_time":"2021-05-04T09:49:10+00:00","og_image":[{"width":1250,"height":800,"url":"https:\/\/nuscospa.com\/wp-content\/uploads\/2017\/12\/nu-amb-platinum-vanitosa.jpg","type":"image\/jpeg"}],"twitter_card":"summary_large_image","twitter_misc":{"Tempo di lettura stimato":"2 minuti"},"schema":{"@context":"https:\/\/schema.org","@graph":[{"@type":"WebPage","@id":"https:\/\/nuscospa.com\/it\/prodotti\/infissi\/legno-e-legno-alluminio\/","url":"https:\/\/nuscospa.com\/it\/prodotti\/infissi\/legno-e-legno-alluminio\/","name":"La gamma di infissi in legno e infissi in legno-alluminio di Nusco","isPartOf":{"@id":"https:\/\/nuscospa.com\/it\/#website"},"datePublished":"2017-10-04T10:43:37+00:00","dateModified":"2021-05-04T09:49:10+00:00","description":"Gli infissi in legno e gli infissi in legno-alluminio di Nusco coniugano il calore che \u00e8 in grado di trasmettere il legno, con le propriet\u00e0 di isolamento termico e acustico, nonch\u00e9 di sicurezza, dell'alluminio.","breadcrumb":{"@id":"https:\/\/nuscospa.com\/it\/prodotti\/infissi\/legno-e-legno-alluminio\/#breadcrumb"},"inLanguage":"it-IT","potentialAction":[{"@type":"ReadAction","target":["https:\/\/nuscospa.com\/it\/prodotti\/infissi\/legno-e-legno-alluminio\/"]}]},{"@type":"BreadcrumbList","@id":"https:\/\/nuscospa.com\/it\/prodotti\/infissi\/legno-e-legno-alluminio\/#breadcrumb","itemListElement":[{"@type":"ListItem","position":1,"name":"Home","item":"https:\/\/nuscospa.com\/it\/"},{"@type":"ListItem","position":2,"name":"Prodotti","item":"https:\/\/nuscospa.com\/it\/prodotti\/"},{"@type":"ListItem","position":3,"name":"Infissi","item":"https:\/\/nuscospa.com\/it\/prodotti\/infissi\/"},{"@type":"ListItem","position":4,"name":"Legno e legno-alluminio"}]},{"@type":"WebSite","@id":"https:\/\/nuscospa.com\/it\/#website","url":"https:\/\/nuscospa.com\/it\/","name":"Nusco SpA: dal 1968, porte e infissi per passione","description":"Nusco SpA \u00e8 leader nella produzione di porte, infissi in legno, legno alluminio e PVC, grate e persiane di sicurezza. Scopri le nostre collezioni!","publisher":{"@id":"https:\/\/nuscospa.com\/it\/#organization"},"potentialAction":[{"@type":"SearchAction","target":{"@type":"EntryPoint","urlTemplate":"https:\/\/nuscospa.com\/it\/?s={search_term_string}"},"query-input":{"@type":"PropertyValueSpecification","valueRequired":true,"valueName":"search_term_string"}}],"inLanguage":"it-IT"},{"@type":"Organization","@id":"https:\/\/nuscospa.com\/it\/#organization","name":"Nusco SpA","url":"https:\/\/nuscospa.com\/it\/","logo":{"@type":"ImageObject","inLanguage":"it-IT","@id":"https:\/\/nuscospa.com\/it\/#\/schema\/logo\/image\/","url":"https:\/\/nuscospa.com\/wp-content\/uploads\/2018\/03\/nusco-logo.png","contentUrl":"https:\/\/nuscospa.com\/wp-content\/uploads\/2018\/03\/nusco-logo.png","width":1768,"height":744,"caption":"Nusco SpA"},"image":{"@id":"https:\/\/nuscospa.com\/it\/#\/schema\/logo\/image\/"},"sameAs":["https:\/\/www.facebook.com\/Nusco.spa","http:\/\/www.linkedin.com\/company\/5103818?trk=tyah&amp;amp;trkInfo=tas:gruppo nusco spa,idx:1-1-1","https:\/\/youtube.com\/@nuscospa3358?si=Y_sAVi-OY5P-hwSM"]}]}},"_links":{"self":[{"href":"https:\/\/nuscospa.com\/it\/wp-json\/wp\/v2\/pages\/17819"}],"collection":[{"href":"https:\/\/nuscospa.com\/it\/wp-json\/wp\/v2\/pages"}],"about":[{"href":"https:\/\/nuscospa.com\/it\/wp-json\/wp\/v2\/types\/page"}],"author":[{"embeddable":true,"href":"https:\/\/nuscospa.com\/it\/wp-json\/wp\/v2\/users\/6"}],"replies":[{"embeddable":true,"href":"https:\/\/nuscospa.com\/it\/wp-json\/wp\/v2\/comments?post=17819"}],"version-history":[{"count":2,"href":"https:\/\/nuscospa.com\/it\/wp-json\/wp\/v2\/pages\/17819\/revisions"}],"predecessor-version":[{"id":24082,"href":"https:\/\/nuscospa.com\/it\/wp-json\/wp\/v2\/pages\/17819\/revisions\/24082"}],"up":[{"embeddable":true,"href":"https:\/\/nuscospa.com\/it\/wp-json\/wp\/v2\/pages\/17715"}],"wp:attachment":[{"href":"https:\/\/nuscospa.com\/it\/wp-json\/wp\/v2\/media?parent=17819"}],"curies":[{"name":"wp","href":"https:\/\/api.w.org\/{rel}","templated":true}]}}