{"id":17796,"date":"2017-10-04T11:25:00","date_gmt":"2017-10-04T09:25:00","guid":{"rendered":"https:\/\/nuscospa.com\/?page_id=17796\/"},"modified":"2018-05-02T12:47:37","modified_gmt":"2018-05-02T10:47:37","slug":"pvc","status":"publish","type":"page","link":"https:\/\/nuscospa.com\/it\/prodotti\/infissi\/pvc\/","title":{"rendered":"PVC"},"content":{"rendered":"<div class=\"wpb-content-wrapper\"><p>[vc_row css_animation=&#8221;&#8221; row_type=&#8221;row&#8221; use_row_as_full_screen_section=&#8221;no&#8221; type=&#8221;full_width&#8221; angled_section=&#8221;no&#8221; text_align=&#8221;left&#8221; background_image_as_pattern=&#8221;without_pattern&#8221;][vc_column][vc_column_text]<\/p>\n<h1 class=\"nome_linea\">INFISSI IN PVC<\/h1>\n<p>[\/vc_column_text][\/vc_column][\/vc_row][vc_row css_animation=&#8221;&#8221; row_type=&#8221;row&#8221; use_row_as_full_screen_section=&#8221;yes&#8221; type=&#8221;full_width&#8221; angled_section=&#8221;no&#8221; text_align=&#8221;left&#8221; background_image_as_pattern=&#8221;without_pattern&#8221; background_color=&#8221;#ffffff&#8221; padding_top=&#8221;20&#8243;][vc_column][vc_column_text]<\/p>\n<h3 class=\"lista_prodotti\">Angoli<\/h3>\n<p>[\/vc_column_text]<div class=\"woocommerce columns-5 \"><ul class=\"products\">\n\t<li class=\"product type-product post-17807 status-publish first instock product_cat-finestre product_cat-pvc has-post-thumbnail shipping-taxable product-type-simple\">\n\t\t\n    <div class=\"top-product-section\">\n\n        <a itemprop=\"url\" href=\"https:\/\/nuscospa.com\/it\/prodotto\/finestre\/pvc\/pvc-power9000\/\" class=\"product-category\">\n            <span class=\"image-wrapper\">\n            <img fetchpriority=\"high\" decoding=\"async\" width=\"269\" height=\"569\" src=\"https:\/\/nuscospa.com\/wp-content\/uploads\/2017\/10\/power-9000-269x569.jpg\" class=\"attachment-woocommerce_thumbnail size-woocommerce_thumbnail\" alt=\"PVC Power9000\" \/>            <\/span>\n        <\/a>\n\n\t\t<span class=\"add-to-cart-button-outer\"><span class=\"add-to-cart-button-inner\"><a href=\"https:\/\/nuscospa.com\/it\/prodotto\/finestre\/pvc\/pvc-power9000\/\" data-quantity=\"1\" class=\"button product_type_simple qbutton add-to-cart-button\" data-product_id=\"17807\" data-product_sku=\"\" aria-label=\"Leggi di pi\u00f9 su &quot;PVC Power9000&quot;\" rel=\"nofollow\" data-success_message=\"\">Dettagli<\/a><\/span><\/span>\n    <\/div>\n        <a itemprop=\"url\" href=\"https:\/\/nuscospa.com\/it\/prodotto\/finestre\/pvc\/pvc-power9000\/\" class=\"product-category product-info\">\n        <h6 itemprop=\"name\">PVC Power9000<\/h6>\n\n        \n        \n    <\/a>\n\n    \n<\/li>\n\t<li class=\"product type-product post-17800 status-publish instock product_cat-finestre product_cat-pvc has-post-thumbnail shipping-taxable product-type-simple\">\n\t\t\n    <div class=\"top-product-section\">\n\n        <a itemprop=\"url\" href=\"https:\/\/nuscospa.com\/it\/prodotto\/finestre\/pvc\/pvc-pro72\/\" class=\"product-category\">\n            <span class=\"image-wrapper\">\n            <img decoding=\"async\" width=\"269\" height=\"569\" src=\"https:\/\/nuscospa.com\/wp-content\/uploads\/2024\/03\/pro-72-269x569.jpg\" class=\"attachment-woocommerce_thumbnail size-woocommerce_thumbnail\" alt=\"PVC PRO72\" \/>            <\/span>\n        <\/a>\n\n\t\t<span class=\"add-to-cart-button-outer\"><span class=\"add-to-cart-button-inner\"><a href=\"https:\/\/nuscospa.com\/it\/prodotto\/finestre\/pvc\/pvc-pro72\/\" data-quantity=\"1\" class=\"button product_type_simple qbutton add-to-cart-button\" data-product_id=\"17800\" data-product_sku=\"\" aria-label=\"Leggi di pi\u00f9 su &quot;PVC PRO72&quot;\" rel=\"nofollow\" data-success_message=\"\">Dettagli<\/a><\/span><\/span>\n    <\/div>\n        <a itemprop=\"url\" href=\"https:\/\/nuscospa.com\/it\/prodotto\/finestre\/pvc\/pvc-pro72\/\" class=\"product-category product-info\">\n        <h6 itemprop=\"name\">PVC PRO72<\/h6>\n\n        \n        \n    <\/a>\n\n    \n<\/li><\/ul>\n<\/div>[\/vc_column][\/vc_row][vc_row css_animation=&#8221;&#8221; row_type=&#8221;row&#8221; use_row_as_full_screen_section=&#8221;no&#8221; type=&#8221;full_width&#8221; angled_section=&#8221;no&#8221; text_align=&#8221;left&#8221; background_image_as_pattern=&#8221;without_pattern&#8221; padding_bottom=&#8221;50&#8243;][vc_column width=&#8221;1\/2&#8243;][vc_column_text]<\/p>\n<h3 class=\"descrizione\">QUALIT\u00c1, DESIGN E FACILIT\u00c1 DI MANUTENZIONE<\/h3>\n<p>Con i suoi nuovi <strong>serramenti in PVC<\/strong>, Nusco SpA unisce una struttura altamente tecnologica, al look moderno dei <strong>serramenti<\/strong>, ottenendo i migliori valori energetici, grazie alle innovative caratteristiche termiche del telaio.[\/vc_column_text][vc_empty_space height=&#8221;20px&#8221;][vc_column_text]<\/p>\n<h3 class=\"descrizione\">VALORI ENERGETICI DA CASA PASSIVA<\/h3>\n<p>Gli <strong>infissi in PVC<\/strong> di Nusco permettono, grazie ai moderni profili per finestra con il sistema multicamera e guarnizioni all&#8217;avanguardia, il migliore isolamento termico (con k = 1,0 W\/m. K) e un conseguente risparmio sulle spese di riscaldamento, con un contributo concreto anche dal punto di vista ambientale garantendo ottimi valori di trasmittanza termica. La qualit\u00e0 dei profili delle finestre si traduce anche in un ottimo isolamento acustico a 46 dB.[\/vc_column_text][vc_empty_space height=&#8221;20px&#8221;][vc_column_text]<\/p>\n<h3 class=\"descrizione\">ALTE PRESTAZIONI E RISPETTO PER L\u2019AMBIENTE<\/h3>\n<p>Si tratta di <strong>serramenti in PVC<\/strong> ad alta prestazione, che rappresentano un triplo vantaggio per l\u2019ambiente, riducendo notevolmente il dispendio energetico e di conseguenza l\u2019effetto serra, riutilizzando al meglio i materiali e rendendo l\u2019ambiente domestico pi\u00f9 bello e vivibile. I tecnici di Nusco sviluppano prodotti sempre pi\u00f9 all\u2019avanguardia sotto l\u2019aspetto della conservazione delle risorse, riducendo l\u2019impiego di materiale, ma migliorando il prodotto finale. Ulteriore vantaggio ecologico degli <strong><a href=\"\/it\/prodotti\/infissi\/\">Infissi<\/a><\/strong> Finmax \u00e8 la riciclabilit\u00e0 al 100%. In termini di efficienza energetica e di isolamento termico rispondono gi\u00e0 oggi alle future normative di risparmio e sono quindi un importante ed attivo contributo alla tutela dell&#8217;ambiente.[\/vc_column_text][\/vc_column][vc_column width=&#8221;1\/2&#8243;][vc_column_text]<\/p>\n<h3 class=\"descrizione\">PI\u00da SICUREZZA<\/h3>\n<p>All&#8217;interno di tutti i profili \u00e8 presente un&#8217;efficace e invisibile sistema di sicurezza che protegge la casa in maniera duratura. I sistemi multicamere dei profili con ampie dimensioni e grandi rinforzi d&#8217;acciaio, garantiscono una funzione sicura e una resistenza di lunga durata.[\/vc_column_text][vc_empty_space height=&#8221;20px&#8221;][vc_column_text]<\/p>\n<h3 class=\"descrizione\">MICROVENTILAZIONE DI SERIE<\/h3>\n<p>Per tutti i modelli di <strong>infissi PVC<\/strong>, \u00e8 disponibile un nuovo optional di serie: la microventilazione. Questo elemento consente l\u2019aereazione degli ambienti in perfetta sicurezza, per esempio durante periodi di lunga assenza o durante la notte. La finestra infatti si apre solo di pochi millimetri, mantenendo intatta la funzionalit\u00e0 degli elementi di sicurezza.[\/vc_column_text][vc_empty_space height=&#8221;45px&#8221;][vc_column_text]<\/p>\n<h3 class=\"descrizione\">IDEALE PER RISTRUTTURAZIONI E NUOVE COSTRUZIONI<\/h3>\n<p>Le porte e finestre Finmax e l&#8217;ampia gamma di forme, colori e soluzioni possibili, non pongono limiti alla creativit\u00e0 di progettisti e costruttori.<br \/>\nLa ricchezza di varianti di forma e colore, le molteplici soluzioni speciali, come anche la stabilit\u00e0 nella forma, la sicurezza funzionale e la durata, fanno della <strong>finestra in PVC<\/strong> il componente ideale per l\u2019edilizia moderna, le ristrutturazioni e per le costruzioni commerciali grazie alla capacit\u00e0 di adattamento della forma ad ogni situazione architettonica e ad ogni esigenza specifica dell&#8217;edificio.[\/vc_column_text][vc_empty_space height=&#8221;10px&#8221;][\/vc_column][\/vc_row]<\/p>\n<\/div>","protected":false},"excerpt":{"rendered":"<p>[vc_row css_animation=&#8221;&#8221; row_type=&#8221;row&#8221; use_row_as_full_screen_section=&#8221;no&#8221; type=&#8221;full_width&#8221; angled_section=&#8221;no&#8221; text_align=&#8221;left&#8221; background_image_as_pattern=&#8221;without_pattern&#8221;][vc_column][vc_column_text] INFISSI IN PVC [\/vc_column_text][\/vc_column][\/vc_row][vc_row css_animation=&#8221;&#8221; row_type=&#8221;row&#8221; use_row_as_full_screen_section=&#8221;yes&#8221; type=&#8221;full_width&#8221; angled_section=&#8221;no&#8221; text_align=&#8221;left&#8221; background_image_as_pattern=&#8221;without_pattern&#8221; background_color=&#8221;#ffffff&#8221; padding_top=&#8221;20&#8243;][vc_column][vc_column_text] Angoli [\/vc_column_text][\/vc_column][\/vc_row][vc_row css_animation=&#8221;&#8221; row_type=&#8221;row&#8221; use_row_as_full_screen_section=&#8221;no&#8221; type=&#8221;full_width&#8221; angled_section=&#8221;no&#8221; text_align=&#8221;left&#8221; background_image_as_pattern=&#8221;without_pattern&#8221; padding_bottom=&#8221;50&#8243;][vc_column width=&#8221;1\/2&#8243;][vc_column_text] QUALIT\u00c1, DESIGN E FACILIT\u00c1 DI MANUTENZIONE Con i suoi nuovi serramenti in PVC,&#8230;<\/p>\n","protected":false},"author":6,"featured_media":0,"parent":17715,"menu_order":0,"comment_status":"closed","ping_status":"closed","template":"","meta":{"inline_featured_image":false,"footnotes":""},"class_list":["post-17796","page","type-page","status-publish","hentry"],"yoast_head":"<!-- This site is optimized with the Yoast SEO plugin v25.5 - https:\/\/yoast.com\/wordpress\/plugins\/seo\/ -->\n<title>La gamma di infissi in PVC di Nusco, per prestazioni e rispetto ambientale<\/title>\n<meta name=\"description\" content=\"Gli infissi in PVC realizzati da Nusco sono infissi in grado di offrire prestazioni di isolamento acustico e termico, nonch\u00e9 il rispetto dell&#039;ambiente. Il nuovo sistema di isolamento Nusco, consentir\u00e0 di risparmiare in bolletta e di ridurre l&#039;impatto ambientale.\" \/>\n<meta name=\"robots\" content=\"index, follow, max-snippet:-1, max-image-preview:large, max-video-preview:-1\" \/>\n<link rel=\"canonical\" href=\"https:\/\/nuscospa.com\/it\/prodotti\/infissi\/pvc\/\" \/>\n<meta property=\"og:locale\" content=\"it_IT\" \/>\n<meta property=\"og:type\" content=\"article\" \/>\n<meta property=\"og:title\" content=\"La gamma di infissi in PVC di Nusco, per prestazioni e rispetto ambientale\" \/>\n<meta property=\"og:description\" content=\"Gli infissi in PVC realizzati da Nusco sono infissi in grado di offrire prestazioni di isolamento acustico e termico, nonch\u00e9 il rispetto dell&#039;ambiente. Il nuovo sistema di isolamento Nusco, consentir\u00e0 di risparmiare in bolletta e di ridurre l&#039;impatto ambientale.\" \/>\n<meta property=\"og:url\" content=\"https:\/\/nuscospa.com\/it\/prodotti\/infissi\/pvc\/\" \/>\n<meta property=\"og:site_name\" content=\"Nusco SpA: dal 1968, porte e infissi per passione\" \/>\n<meta property=\"article:publisher\" content=\"https:\/\/www.facebook.com\/Nusco.spa\" \/>\n<meta property=\"article:modified_time\" content=\"2018-05-02T10:47:37+00:00\" \/>\n<meta property=\"og:image\" content=\"https:\/\/nuscospa.com\/wp-content\/uploads\/2017\/12\/nu-amb-platinum-vanitosa.jpg\" \/>\n\t<meta property=\"og:image:width\" content=\"1250\" \/>\n\t<meta property=\"og:image:height\" content=\"800\" \/>\n\t<meta property=\"og:image:type\" content=\"image\/jpeg\" \/>\n<meta name=\"twitter:card\" content=\"summary_large_image\" \/>\n<meta name=\"twitter:label1\" content=\"Tempo di lettura stimato\" \/>\n\t<meta name=\"twitter:data1\" content=\"3 minuti\" \/>\n<script type=\"application\/ld+json\" class=\"yoast-schema-graph\">{\"@context\":\"https:\/\/schema.org\",\"@graph\":[{\"@type\":\"WebPage\",\"@id\":\"https:\/\/nuscospa.com\/it\/prodotti\/infissi\/pvc\/\",\"url\":\"https:\/\/nuscospa.com\/it\/prodotti\/infissi\/pvc\/\",\"name\":\"La gamma di infissi in PVC di Nusco, per prestazioni e rispetto ambientale\",\"isPartOf\":{\"@id\":\"https:\/\/nuscospa.com\/it\/#website\"},\"datePublished\":\"2017-10-04T09:25:00+00:00\",\"dateModified\":\"2018-05-02T10:47:37+00:00\",\"description\":\"Gli infissi in PVC realizzati da Nusco sono infissi in grado di offrire prestazioni di isolamento acustico e termico, nonch\u00e9 il rispetto dell'ambiente. Il nuovo sistema di isolamento Nusco, consentir\u00e0 di risparmiare in bolletta e di ridurre l'impatto ambientale.\",\"breadcrumb\":{\"@id\":\"https:\/\/nuscospa.com\/it\/prodotti\/infissi\/pvc\/#breadcrumb\"},\"inLanguage\":\"it-IT\",\"potentialAction\":[{\"@type\":\"ReadAction\",\"target\":[\"https:\/\/nuscospa.com\/it\/prodotti\/infissi\/pvc\/\"]}]},{\"@type\":\"BreadcrumbList\",\"@id\":\"https:\/\/nuscospa.com\/it\/prodotti\/infissi\/pvc\/#breadcrumb\",\"itemListElement\":[{\"@type\":\"ListItem\",\"position\":1,\"name\":\"Home\",\"item\":\"https:\/\/nuscospa.com\/it\/\"},{\"@type\":\"ListItem\",\"position\":2,\"name\":\"Prodotti\",\"item\":\"https:\/\/nuscospa.com\/it\/prodotti\/\"},{\"@type\":\"ListItem\",\"position\":3,\"name\":\"Infissi\",\"item\":\"https:\/\/nuscospa.com\/it\/prodotti\/infissi\/\"},{\"@type\":\"ListItem\",\"position\":4,\"name\":\"PVC\"}]},{\"@type\":\"WebSite\",\"@id\":\"https:\/\/nuscospa.com\/it\/#website\",\"url\":\"https:\/\/nuscospa.com\/it\/\",\"name\":\"Nusco SpA: dal 1968, porte e infissi per passione\",\"description\":\"Nusco SpA \u00e8 leader nella produzione di porte, infissi in legno, legno alluminio e PVC, grate e persiane di sicurezza. Scopri le nostre collezioni!\",\"publisher\":{\"@id\":\"https:\/\/nuscospa.com\/it\/#organization\"},\"potentialAction\":[{\"@type\":\"SearchAction\",\"target\":{\"@type\":\"EntryPoint\",\"urlTemplate\":\"https:\/\/nuscospa.com\/it\/?s={search_term_string}\"},\"query-input\":{\"@type\":\"PropertyValueSpecification\",\"valueRequired\":true,\"valueName\":\"search_term_string\"}}],\"inLanguage\":\"it-IT\"},{\"@type\":\"Organization\",\"@id\":\"https:\/\/nuscospa.com\/it\/#organization\",\"name\":\"Nusco SpA\",\"url\":\"https:\/\/nuscospa.com\/it\/\",\"logo\":{\"@type\":\"ImageObject\",\"inLanguage\":\"it-IT\",\"@id\":\"https:\/\/nuscospa.com\/it\/#\/schema\/logo\/image\/\",\"url\":\"https:\/\/nuscospa.com\/wp-content\/uploads\/2018\/03\/nusco-logo.png\",\"contentUrl\":\"https:\/\/nuscospa.com\/wp-content\/uploads\/2018\/03\/nusco-logo.png\",\"width\":1768,\"height\":744,\"caption\":\"Nusco SpA\"},\"image\":{\"@id\":\"https:\/\/nuscospa.com\/it\/#\/schema\/logo\/image\/\"},\"sameAs\":[\"https:\/\/www.facebook.com\/Nusco.spa\",\"http:\/\/www.linkedin.com\/company\/5103818?trk=tyah&amp;amp;trkInfo=tas:gruppo nusco spa,idx:1-1-1\",\"https:\/\/youtube.com\/@nuscospa3358?si=Y_sAVi-OY5P-hwSM\"]}]}<\/script>\n<!-- \/ Yoast SEO plugin. -->","yoast_head_json":{"title":"La gamma di infissi in PVC di Nusco, per prestazioni e rispetto ambientale","description":"Gli infissi in PVC realizzati da Nusco sono infissi in grado di offrire prestazioni di isolamento acustico e termico, nonch\u00e9 il rispetto dell'ambiente. Il nuovo sistema di isolamento Nusco, consentir\u00e0 di risparmiare in bolletta e di ridurre l'impatto ambientale.","robots":{"index":"index","follow":"follow","max-snippet":"max-snippet:-1","max-image-preview":"max-image-preview:large","max-video-preview":"max-video-preview:-1"},"canonical":"https:\/\/nuscospa.com\/it\/prodotti\/infissi\/pvc\/","og_locale":"it_IT","og_type":"article","og_title":"La gamma di infissi in PVC di Nusco, per prestazioni e rispetto ambientale","og_description":"Gli infissi in PVC realizzati da Nusco sono infissi in grado di offrire prestazioni di isolamento acustico e termico, nonch\u00e9 il rispetto dell'ambiente. Il nuovo sistema di isolamento Nusco, consentir\u00e0 di risparmiare in bolletta e di ridurre l'impatto ambientale.","og_url":"https:\/\/nuscospa.com\/it\/prodotti\/infissi\/pvc\/","og_site_name":"Nusco SpA: dal 1968, porte e infissi per passione","article_publisher":"https:\/\/www.facebook.com\/Nusco.spa","article_modified_time":"2018-05-02T10:47:37+00:00","og_image":[{"width":1250,"height":800,"url":"https:\/\/nuscospa.com\/wp-content\/uploads\/2017\/12\/nu-amb-platinum-vanitosa.jpg","type":"image\/jpeg"}],"twitter_card":"summary_large_image","twitter_misc":{"Tempo di lettura stimato":"3 minuti"},"schema":{"@context":"https:\/\/schema.org","@graph":[{"@type":"WebPage","@id":"https:\/\/nuscospa.com\/it\/prodotti\/infissi\/pvc\/","url":"https:\/\/nuscospa.com\/it\/prodotti\/infissi\/pvc\/","name":"La gamma di infissi in PVC di Nusco, per prestazioni e rispetto ambientale","isPartOf":{"@id":"https:\/\/nuscospa.com\/it\/#website"},"datePublished":"2017-10-04T09:25:00+00:00","dateModified":"2018-05-02T10:47:37+00:00","description":"Gli infissi in PVC realizzati da Nusco sono infissi in grado di offrire prestazioni di isolamento acustico e termico, nonch\u00e9 il rispetto dell'ambiente. Il nuovo sistema di isolamento Nusco, consentir\u00e0 di risparmiare in bolletta e di ridurre l'impatto ambientale.","breadcrumb":{"@id":"https:\/\/nuscospa.com\/it\/prodotti\/infissi\/pvc\/#breadcrumb"},"inLanguage":"it-IT","potentialAction":[{"@type":"ReadAction","target":["https:\/\/nuscospa.com\/it\/prodotti\/infissi\/pvc\/"]}]},{"@type":"BreadcrumbList","@id":"https:\/\/nuscospa.com\/it\/prodotti\/infissi\/pvc\/#breadcrumb","itemListElement":[{"@type":"ListItem","position":1,"name":"Home","item":"https:\/\/nuscospa.com\/it\/"},{"@type":"ListItem","position":2,"name":"Prodotti","item":"https:\/\/nuscospa.com\/it\/prodotti\/"},{"@type":"ListItem","position":3,"name":"Infissi","item":"https:\/\/nuscospa.com\/it\/prodotti\/infissi\/"},{"@type":"ListItem","position":4,"name":"PVC"}]},{"@type":"WebSite","@id":"https:\/\/nuscospa.com\/it\/#website","url":"https:\/\/nuscospa.com\/it\/","name":"Nusco SpA: dal 1968, porte e infissi per passione","description":"Nusco SpA \u00e8 leader nella produzione di porte, infissi in legno, legno alluminio e PVC, grate e persiane di sicurezza. Scopri le nostre collezioni!","publisher":{"@id":"https:\/\/nuscospa.com\/it\/#organization"},"potentialAction":[{"@type":"SearchAction","target":{"@type":"EntryPoint","urlTemplate":"https:\/\/nuscospa.com\/it\/?s={search_term_string}"},"query-input":{"@type":"PropertyValueSpecification","valueRequired":true,"valueName":"search_term_string"}}],"inLanguage":"it-IT"},{"@type":"Organization","@id":"https:\/\/nuscospa.com\/it\/#organization","name":"Nusco SpA","url":"https:\/\/nuscospa.com\/it\/","logo":{"@type":"ImageObject","inLanguage":"it-IT","@id":"https:\/\/nuscospa.com\/it\/#\/schema\/logo\/image\/","url":"https:\/\/nuscospa.com\/wp-content\/uploads\/2018\/03\/nusco-logo.png","contentUrl":"https:\/\/nuscospa.com\/wp-content\/uploads\/2018\/03\/nusco-logo.png","width":1768,"height":744,"caption":"Nusco SpA"},"image":{"@id":"https:\/\/nuscospa.com\/it\/#\/schema\/logo\/image\/"},"sameAs":["https:\/\/www.facebook.com\/Nusco.spa","http:\/\/www.linkedin.com\/company\/5103818?trk=tyah&amp;amp;trkInfo=tas:gruppo nusco spa,idx:1-1-1","https:\/\/youtube.com\/@nuscospa3358?si=Y_sAVi-OY5P-hwSM"]}]}},"_links":{"self":[{"href":"https:\/\/nuscospa.com\/it\/wp-json\/wp\/v2\/pages\/17796"}],"collection":[{"href":"https:\/\/nuscospa.com\/it\/wp-json\/wp\/v2\/pages"}],"about":[{"href":"https:\/\/nuscospa.com\/it\/wp-json\/wp\/v2\/types\/page"}],"author":[{"embeddable":true,"href":"https:\/\/nuscospa.com\/it\/wp-json\/wp\/v2\/users\/6"}],"replies":[{"embeddable":true,"href":"https:\/\/nuscospa.com\/it\/wp-json\/wp\/v2\/comments?post=17796"}],"version-history":[{"count":0,"href":"https:\/\/nuscospa.com\/it\/wp-json\/wp\/v2\/pages\/17796\/revisions"}],"up":[{"embeddable":true,"href":"https:\/\/nuscospa.com\/it\/wp-json\/wp\/v2\/pages\/17715"}],"wp:attachment":[{"href":"https:\/\/nuscospa.com\/it\/wp-json\/wp\/v2\/media?parent=17796"}],"curies":[{"name":"wp","href":"https:\/\/api.w.org\/{rel}","templated":true}]}}