{"id":17748,"date":"2017-10-03T15:59:22","date_gmt":"2017-10-03T13:59:22","guid":{"rendered":"https:\/\/nuscospa.com\/?page_id=17748\/"},"modified":"2025-07-18T13:06:09","modified_gmt":"2025-07-18T11:06:09","slug":"persiane-e-grate","status":"publish","type":"page","link":"https:\/\/nuscospa.com\/it\/prodotti\/persiane-e-grate\/","title":{"rendered":"Persiane e Grate"},"content":{"rendered":"<div class=\"wpb-content-wrapper\"><p>[vc_row row_type=&#8221;row&#8221; use_row_as_full_screen_section=&#8221;no&#8221; type=&#8221;full_width&#8221; angled_section=&#8221;no&#8221; text_align=&#8221;left&#8221; background_image_as_pattern=&#8221;without_pattern&#8221;][vc_column][vc_empty_space][vc_column_text]<\/p>\n<h1 class=\"nome_linea\">PERSIANE E GRATE IRON, PROTEGGE I TUOI SOGNI<\/h1>\n<p>[\/vc_column_text][\/vc_column][\/vc_row][vc_row row_type=&#8221;row&#8221; use_row_as_full_screen_section=&#8221;no&#8221; type=&#8221;full_width&#8221; angled_section=&#8221;no&#8221; text_align=&#8221;left&#8221; background_image_as_pattern=&#8221;without_pattern&#8221;][vc_column][vc_row_inner row_type=&#8221;row&#8221; type=&#8221;full_width&#8221; text_align=&#8221;left&#8221; css_animation=&#8221;&#8221;][vc_column_inner width=&#8221;1\/2&#8243;][vc_single_image image=&#8221;17753&#8243; img_size=&#8221;full&#8221; qode_css_animation=&#8221;&#8221;][\/vc_column_inner][vc_column_inner width=&#8221;1\/2&#8243;][vc_column_text]La sicurezza delle <strong>persiane<\/strong> Nusco \u00e8 garantita dalla certificazione classe 3 antieffrazione. Le <strong>persiane Iron<\/strong> sono sinonimo di sicurezza, design e qualit\u00e0. La ricercatezza estetica e la capacit\u00e0 di adattamento a tutti i contesti urbani rendono le persiane e le <strong>grate Nusco<\/strong> ideali per soddisfare ogni tipo di esigenza, in primis per la loro solidit\u00e0 e capacit\u00e0 di resistenza, ma anche per le pi\u00f9 semplici funzioni di oscuramento e difesa dalle intemperie esterne.<\/p>\n<p>La qualit\u00e0 dell\u2019acciaio e delle materie prime impiegate nella <strong>produzione di persiane<\/strong> fanno di Iron un prodotto di alta gamma, capace di mantenere inalterate nel tempo le sue prerogative di funzionalit\u00e0 ed estetica. La <strong>persiana Iron<\/strong> \u00e8 disponibile nelle versioni con lamelle fisse e con lamelle orientabili, nei verniciati ral opachi e bucciati, gotici e goffrati, satinati e ramati e negli effetti legno sublimati.[\/vc_column_text][vc_empty_space height=&#8221;12px&#8221;][\/vc_column_inner][\/vc_row_inner][\/vc_column][\/vc_row][vc_row row_type=&#8221;row&#8221; use_row_as_full_screen_section=&#8221;yes&#8221; type=&#8221;full_width&#8221; angled_section=&#8221;no&#8221; text_align=&#8221;left&#8221; background_image_as_pattern=&#8221;without_pattern&#8221; background_color=&#8221;#ffffff&#8221; padding_top=&#8221;40&#8243;][vc_column width=&#8221;1\/2&#8243;][vc_column_text]<\/p>\n<h3>PERSIANE<\/h3>\n<p>[\/vc_column_text][vc_column_text]Le <strong>persiane<\/strong> di Nusco hanno le seguenti caratteristiche:<\/p>\n<ul>\n<li>Battente con lamelle fisse inclinazione a 30\u00b0<\/li>\n<li>Acciaio zincato a freddo<\/li>\n<li>Ante realizzate con sezione 40&#215;60 mm spessore 15\/10<\/li>\n<li>Profilo lamella fissa 50&#215;10 sp.12\/10 bloccate con sistema antisfilamento a tondino passante 6 mm.<\/li>\n<li>Zoccolo di base di altezza da 105 a 135 in lamiera zincata 15\/10<\/li>\n<li>Telaio fisso a zeta disponibile in due tipologie: LINEAR e BOMBATO.<\/li>\n<li>Cerniere a tappo di diametro 22 mm, altezza 140 mm fornite con perno<\/li>\n<li>disponibile anche nella versione con lamelle orientabili<\/li>\n<\/ul>\n<p>[\/vc_column_text][vc_single_image image=&#8221;17760&#8243; img_size=&#8221;full&#8221; qode_css_animation=&#8221;&#8221;][\/vc_column][vc_column width=&#8221;1\/2&#8243;][vc_column_text]<\/p>\n<h3>GRATE<\/h3>\n<p>[\/vc_column_text][vc_column_text]Le <strong>grate<\/strong> di Nusco sono realizzate con le seguenti caratteristiche:<\/p>\n<ul>\n<li>Sfilabili e cuscinetto (n\u00b02 per anta sia su finestra che su portafinestra)<\/li>\n<li>N\u00b02 rostri antistrappo per finestra e n\u00b03 per portafinestra, chiusura con serratura a triplice chiusura a bascula, mezzo cilindro europeo con chiave piatta, paletti di chiusura a leva in acciaio zincato<\/li>\n<li>Maniglie e copricilindro di colore nero di serie<\/li>\n<li>Fermapersiana top grillo in nylon<\/li>\n<li>disponibile anche nella versione con lamelle inclinabili<\/li>\n<\/ul>\n<p>[\/vc_column_text][vc_empty_space][vc_single_image image=&#8221;17757&#8243; img_size=&#8221;full&#8221; qode_css_animation=&#8221;&#8221;][\/vc_column][\/vc_row][vc_row row_type=&#8221;row&#8221; use_row_as_full_screen_section=&#8221;no&#8221; type=&#8221;full_width&#8221; angled_section=&#8221;no&#8221; text_align=&#8221;left&#8221; background_image_as_pattern=&#8221;without_pattern&#8221;][vc_column][vc_empty_space][vc_text_separator title=&#8221;GALLERY&#8221; border=&#8221;no&#8221;][vc_empty_space][\/vc_column][\/vc_row][vc_row row_type=&#8221;row&#8221; use_row_as_full_screen_section=&#8221;no&#8221; type=&#8221;full_width&#8221; angled_section=&#8221;no&#8221; text_align=&#8221;left&#8221; background_image_as_pattern=&#8221;without_pattern&#8221; padding_bottom=&#8221;30&#8243;][vc_column width=&#8221;1\/4&#8243;][vc_single_image image=&#8221;17765&#8243; img_size=&#8221;full&#8221; qode_css_animation=&#8221;&#8221;][vc_column_text]PEGASO[\/vc_column_text][\/vc_column][vc_column width=&#8221;1\/12&#8243;][\/vc_column][vc_column width=&#8221;1\/4&#8243;][vc_single_image image=&#8221;17768&#8243; img_size=&#8221;full&#8221; qode_css_animation=&#8221;&#8221;][vc_column_text]GEMINI[\/vc_column_text][\/vc_column][vc_column width=&#8221;1\/12&#8243;][\/vc_column][vc_column width=&#8221;1\/4&#8243;][vc_single_image image=&#8221;17771&#8243; img_size=&#8221;full&#8221; qode_css_animation=&#8221;&#8221;][vc_column_text]ANDROMEDA[\/vc_column_text][\/vc_column][vc_column width=&#8221;1\/12&#8243;][\/vc_column][\/vc_row][vc_row row_type=&#8221;row&#8221; use_row_as_full_screen_section=&#8221;no&#8221; type=&#8221;full_width&#8221; angled_section=&#8221;no&#8221; text_align=&#8221;left&#8221; background_image_as_pattern=&#8221;without_pattern&#8221; padding_bottom=&#8221;30&#8243;][vc_column width=&#8221;1\/4&#8243;][vc_single_image image=&#8221;17774&#8243; img_size=&#8221;full&#8221; qode_css_animation=&#8221;&#8221;][vc_column_text]DRAGO[\/vc_column_text][\/vc_column][vc_column width=&#8221;1\/12&#8243;][\/vc_column][vc_column width=&#8221;1\/4&#8243;][vc_single_image image=&#8221;17777&#8243; img_size=&#8221;full&#8221; qode_css_animation=&#8221;&#8221;][vc_column_text]SCORPIO[\/vc_column_text][\/vc_column][vc_column width=&#8221;1\/12&#8243;][\/vc_column][vc_column width=&#8221;1\/4&#8243;][vc_single_image image=&#8221;17780&#8243; img_size=&#8221;full&#8221; qode_css_animation=&#8221;&#8221;][vc_column_text]SIRIO[\/vc_column_text][\/vc_column][vc_column width=&#8221;1\/12&#8243;][\/vc_column][\/vc_row][vc_row row_type=&#8221;row&#8221; use_row_as_full_screen_section=&#8221;no&#8221; type=&#8221;full_width&#8221; angled_section=&#8221;no&#8221; text_align=&#8221;left&#8221; background_image_as_pattern=&#8221;without_pattern&#8221; padding_bottom=&#8221;30&#8243;][vc_column width=&#8221;1\/4&#8243;][vc_single_image image=&#8221;17783&#8243; img_size=&#8221;full&#8221; qode_css_animation=&#8221;&#8221;][vc_column_text]CRISTAL[\/vc_column_text][\/vc_column][vc_column width=&#8221;1\/12&#8243;][\/vc_column][vc_column width=&#8221;1\/4&#8243;][vc_single_image image=&#8221;17786&#8243; img_size=&#8221;full&#8221; qode_css_animation=&#8221;&#8221;][vc_column_text]VIRGO[\/vc_column_text][\/vc_column][vc_column width=&#8221;1\/12&#8243;][\/vc_column][vc_column width=&#8221;1\/4&#8243;][vc_single_image image=&#8221;17789&#8243; img_size=&#8221;full&#8221; qode_css_animation=&#8221;&#8221;][vc_column_text]SAGITTO[\/vc_column_text][\/vc_column][vc_column width=&#8221;1\/12&#8243;][\/vc_column][\/vc_row][vc_row row_type=&#8221;row&#8221; use_row_as_full_screen_section=&#8221;no&#8221; type=&#8221;full_width&#8221; angled_section=&#8221;no&#8221; text_align=&#8221;left&#8221; background_image_as_pattern=&#8221;without_pattern&#8221;][vc_column][vc_empty_space][\/vc_column][\/vc_row][vc_row][vc_column][vc_column_text css=&#8221;.vc_custom_1752836765902{margin-top: 50px !important;margin-bottom: 50px !important;}&#8221;]<span class=\"TextRun SCXW191767150 BCX0\" lang=\"IT\" xml:lang=\"IT\" data-contrast=\"auto\"><span class=\"NormalTextRun SCXW191767150 BCX0\"><div class='accordion-container accordion_trafficloop'><button class='accordion '>Vendita Persiane in Alluminio<\/button><div class='panel'><ul class=\"column-list\"><li><a title='Vendita Persiane In Alluminio ' href='https:\/\/nuscospa.com\/it\/vendita-persiane-in-alluminio\/'>Vendita Persiane In Alluminio <\/a><\/li><\/ul><\/div><\/div><div class='accordion-container accordion_trafficloop'><button class='accordion '>Produzione Persiane in Alluminio<\/button><div class='panel'><ul class=\"column-list\"><li><a title='Produzione Persiane In Alluminio ' href='https:\/\/nuscospa.com\/it\/produzione-persiane-in-alluminio\/'>Produzione Persiane In Alluminio <\/a><\/li><\/ul><\/div><\/div><div class='accordion-container accordion_trafficloop'><button class='accordion '>Rivenditore Persiane in Alluminio<\/button><div class='panel'><ul class=\"column-list\"><li><a title='Rivenditore Persiane In Alluminio ' href='https:\/\/nuscospa.com\/it\/rivenditore-persiane-in-alluminio\/'>Rivenditore Persiane In Alluminio <\/a><\/li><\/ul><\/div><\/div><\/span><\/span><span class=\"LineBreakBlob BlobObject DragDrop SCXW191767150 BCX0\"><span class=\"SCXW191767150 BCX0\">\u00a0<\/span><br class=\"SCXW191767150 BCX0\" \/><\/span><span class=\"TextRun SCXW191767150 BCX0\" lang=\"IT\" xml:lang=\"IT\" data-contrast=\"auto\"><span class=\"NormalTextRun SCXW191767150 BCX0\"><\/span><\/span>[\/vc_column_text][\/vc_column][\/vc_row]<\/p>\n<\/div>","protected":false},"excerpt":{"rendered":"<p>[vc_row row_type=&#8221;row&#8221; use_row_as_full_screen_section=&#8221;no&#8221; type=&#8221;full_width&#8221; angled_section=&#8221;no&#8221; text_align=&#8221;left&#8221; background_image_as_pattern=&#8221;without_pattern&#8221;][vc_column][vc_empty_space][vc_column_text] PERSIANE E GRATE IRON, PROTEGGE I TUOI SOGNI [\/vc_column_text][\/vc_column][\/vc_row][vc_row row_type=&#8221;row&#8221; use_row_as_full_screen_section=&#8221;no&#8221; type=&#8221;full_width&#8221; angled_section=&#8221;no&#8221; text_align=&#8221;left&#8221; background_image_as_pattern=&#8221;without_pattern&#8221;][vc_column][vc_row_inner row_type=&#8221;row&#8221; type=&#8221;full_width&#8221; text_align=&#8221;left&#8221; css_animation=&#8221;&#8221;][vc_column_inner width=&#8221;1\/2&#8243;][vc_single_image image=&#8221;17753&#8243; img_size=&#8221;full&#8221; qode_css_animation=&#8221;&#8221;][\/vc_column_inner][vc_column_inner width=&#8221;1\/2&#8243;][vc_column_text]La sicurezza delle persiane Nusco \u00e8 garantita dalla certificazione classe 3 antieffrazione. Le persiane Iron&#8230;<\/p>\n","protected":false},"author":6,"featured_media":0,"parent":16025,"menu_order":0,"comment_status":"closed","ping_status":"closed","template":"","meta":{"inline_featured_image":false,"footnotes":""},"class_list":["post-17748","page","type-page","status-publish","hentry"],"yoast_head":"<!-- This site is optimized with the Yoast SEO plugin v25.5 - https:\/\/yoast.com\/wordpress\/plugins\/seo\/ -->\n<title>Le persiane e grate di Nusco sono certificate classe 3 antieffrazione<\/title>\n<meta name=\"description\" content=\"La gamma di persiane e grate Nusco sono la scelta migliore per garantire un elevato livello di sicurezza alla propria abitazione. Persiane e grate Nusco sono tutte certificate classe 3 antieffrazione, grazie alla qualit\u00e0 dei materiali e delle lavorazioni impiegate.\" \/>\n<meta name=\"robots\" content=\"index, follow, max-snippet:-1, max-image-preview:large, max-video-preview:-1\" \/>\n<link rel=\"canonical\" href=\"https:\/\/nuscospa.com\/it\/prodotti\/persiane-e-grate\/\" \/>\n<meta property=\"og:locale\" content=\"it_IT\" \/>\n<meta property=\"og:type\" content=\"article\" \/>\n<meta property=\"og:title\" content=\"Le persiane e grate di Nusco sono certificate classe 3 antieffrazione\" \/>\n<meta property=\"og:description\" content=\"La gamma di persiane e grate Nusco sono la scelta migliore per garantire un elevato livello di sicurezza alla propria abitazione. Persiane e grate Nusco sono tutte certificate classe 3 antieffrazione, grazie alla qualit\u00e0 dei materiali e delle lavorazioni impiegate.\" \/>\n<meta property=\"og:url\" content=\"https:\/\/nuscospa.com\/it\/prodotti\/persiane-e-grate\/\" \/>\n<meta property=\"og:site_name\" content=\"Nusco SpA: dal 1968, porte e infissi per passione\" \/>\n<meta property=\"article:publisher\" content=\"https:\/\/www.facebook.com\/Nusco.spa\" \/>\n<meta property=\"article:modified_time\" content=\"2025-07-18T11:06:09+00:00\" \/>\n<meta property=\"og:image\" content=\"https:\/\/nuscospa.com\/wp-content\/uploads\/2017\/12\/nu-amb-platinum-vanitosa.jpg\" \/>\n\t<meta property=\"og:image:width\" content=\"1250\" \/>\n\t<meta property=\"og:image:height\" content=\"800\" \/>\n\t<meta property=\"og:image:type\" content=\"image\/jpeg\" \/>\n<meta name=\"twitter:card\" content=\"summary_large_image\" \/>\n<meta name=\"twitter:label1\" content=\"Tempo di lettura stimato\" \/>\n\t<meta name=\"twitter:data1\" content=\"3 minuti\" \/>\n<script type=\"application\/ld+json\" class=\"yoast-schema-graph\">{\"@context\":\"https:\/\/schema.org\",\"@graph\":[{\"@type\":\"WebPage\",\"@id\":\"https:\/\/nuscospa.com\/it\/prodotti\/persiane-e-grate\/\",\"url\":\"https:\/\/nuscospa.com\/it\/prodotti\/persiane-e-grate\/\",\"name\":\"Le persiane e grate di Nusco sono certificate classe 3 antieffrazione\",\"isPartOf\":{\"@id\":\"https:\/\/nuscospa.com\/it\/#website\"},\"datePublished\":\"2017-10-03T13:59:22+00:00\",\"dateModified\":\"2025-07-18T11:06:09+00:00\",\"description\":\"La gamma di persiane e grate Nusco sono la scelta migliore per garantire un elevato livello di sicurezza alla propria abitazione. Persiane e grate Nusco sono tutte certificate classe 3 antieffrazione, grazie alla qualit\u00e0 dei materiali e delle lavorazioni impiegate.\",\"breadcrumb\":{\"@id\":\"https:\/\/nuscospa.com\/it\/prodotti\/persiane-e-grate\/#breadcrumb\"},\"inLanguage\":\"it-IT\",\"potentialAction\":[{\"@type\":\"ReadAction\",\"target\":[\"https:\/\/nuscospa.com\/it\/prodotti\/persiane-e-grate\/\"]}]},{\"@type\":\"BreadcrumbList\",\"@id\":\"https:\/\/nuscospa.com\/it\/prodotti\/persiane-e-grate\/#breadcrumb\",\"itemListElement\":[{\"@type\":\"ListItem\",\"position\":1,\"name\":\"Home\",\"item\":\"https:\/\/nuscospa.com\/it\/\"},{\"@type\":\"ListItem\",\"position\":2,\"name\":\"Prodotti\",\"item\":\"https:\/\/nuscospa.com\/it\/prodotti\/\"},{\"@type\":\"ListItem\",\"position\":3,\"name\":\"Persiane e Grate\"}]},{\"@type\":\"WebSite\",\"@id\":\"https:\/\/nuscospa.com\/it\/#website\",\"url\":\"https:\/\/nuscospa.com\/it\/\",\"name\":\"Nusco SpA: dal 1968, porte e infissi per passione\",\"description\":\"Nusco SpA \u00e8 leader nella produzione di porte, infissi in legno, legno alluminio e PVC, grate e persiane di sicurezza. Scopri le nostre collezioni!\",\"publisher\":{\"@id\":\"https:\/\/nuscospa.com\/it\/#organization\"},\"potentialAction\":[{\"@type\":\"SearchAction\",\"target\":{\"@type\":\"EntryPoint\",\"urlTemplate\":\"https:\/\/nuscospa.com\/it\/?s={search_term_string}\"},\"query-input\":{\"@type\":\"PropertyValueSpecification\",\"valueRequired\":true,\"valueName\":\"search_term_string\"}}],\"inLanguage\":\"it-IT\"},{\"@type\":\"Organization\",\"@id\":\"https:\/\/nuscospa.com\/it\/#organization\",\"name\":\"Nusco SpA\",\"url\":\"https:\/\/nuscospa.com\/it\/\",\"logo\":{\"@type\":\"ImageObject\",\"inLanguage\":\"it-IT\",\"@id\":\"https:\/\/nuscospa.com\/it\/#\/schema\/logo\/image\/\",\"url\":\"https:\/\/nuscospa.com\/wp-content\/uploads\/2018\/03\/nusco-logo.png\",\"contentUrl\":\"https:\/\/nuscospa.com\/wp-content\/uploads\/2018\/03\/nusco-logo.png\",\"width\":1768,\"height\":744,\"caption\":\"Nusco SpA\"},\"image\":{\"@id\":\"https:\/\/nuscospa.com\/it\/#\/schema\/logo\/image\/\"},\"sameAs\":[\"https:\/\/www.facebook.com\/Nusco.spa\",\"http:\/\/www.linkedin.com\/company\/5103818?trk=tyah&amp;amp;trkInfo=tas:gruppo nusco spa,idx:1-1-1\",\"https:\/\/youtube.com\/@nuscospa3358?si=Y_sAVi-OY5P-hwSM\"]}]}<\/script>\n<!-- \/ Yoast SEO plugin. -->","yoast_head_json":{"title":"Le persiane e grate di Nusco sono certificate classe 3 antieffrazione","description":"La gamma di persiane e grate Nusco sono la scelta migliore per garantire un elevato livello di sicurezza alla propria abitazione. Persiane e grate Nusco sono tutte certificate classe 3 antieffrazione, grazie alla qualit\u00e0 dei materiali e delle lavorazioni impiegate.","robots":{"index":"index","follow":"follow","max-snippet":"max-snippet:-1","max-image-preview":"max-image-preview:large","max-video-preview":"max-video-preview:-1"},"canonical":"https:\/\/nuscospa.com\/it\/prodotti\/persiane-e-grate\/","og_locale":"it_IT","og_type":"article","og_title":"Le persiane e grate di Nusco sono certificate classe 3 antieffrazione","og_description":"La gamma di persiane e grate Nusco sono la scelta migliore per garantire un elevato livello di sicurezza alla propria abitazione. Persiane e grate Nusco sono tutte certificate classe 3 antieffrazione, grazie alla qualit\u00e0 dei materiali e delle lavorazioni impiegate.","og_url":"https:\/\/nuscospa.com\/it\/prodotti\/persiane-e-grate\/","og_site_name":"Nusco SpA: dal 1968, porte e infissi per passione","article_publisher":"https:\/\/www.facebook.com\/Nusco.spa","article_modified_time":"2025-07-18T11:06:09+00:00","og_image":[{"width":1250,"height":800,"url":"https:\/\/nuscospa.com\/wp-content\/uploads\/2017\/12\/nu-amb-platinum-vanitosa.jpg","type":"image\/jpeg"}],"twitter_card":"summary_large_image","twitter_misc":{"Tempo di lettura stimato":"3 minuti"},"schema":{"@context":"https:\/\/schema.org","@graph":[{"@type":"WebPage","@id":"https:\/\/nuscospa.com\/it\/prodotti\/persiane-e-grate\/","url":"https:\/\/nuscospa.com\/it\/prodotti\/persiane-e-grate\/","name":"Le persiane e grate di Nusco sono certificate classe 3 antieffrazione","isPartOf":{"@id":"https:\/\/nuscospa.com\/it\/#website"},"datePublished":"2017-10-03T13:59:22+00:00","dateModified":"2025-07-18T11:06:09+00:00","description":"La gamma di persiane e grate Nusco sono la scelta migliore per garantire un elevato livello di sicurezza alla propria abitazione. Persiane e grate Nusco sono tutte certificate classe 3 antieffrazione, grazie alla qualit\u00e0 dei materiali e delle lavorazioni impiegate.","breadcrumb":{"@id":"https:\/\/nuscospa.com\/it\/prodotti\/persiane-e-grate\/#breadcrumb"},"inLanguage":"it-IT","potentialAction":[{"@type":"ReadAction","target":["https:\/\/nuscospa.com\/it\/prodotti\/persiane-e-grate\/"]}]},{"@type":"BreadcrumbList","@id":"https:\/\/nuscospa.com\/it\/prodotti\/persiane-e-grate\/#breadcrumb","itemListElement":[{"@type":"ListItem","position":1,"name":"Home","item":"https:\/\/nuscospa.com\/it\/"},{"@type":"ListItem","position":2,"name":"Prodotti","item":"https:\/\/nuscospa.com\/it\/prodotti\/"},{"@type":"ListItem","position":3,"name":"Persiane e Grate"}]},{"@type":"WebSite","@id":"https:\/\/nuscospa.com\/it\/#website","url":"https:\/\/nuscospa.com\/it\/","name":"Nusco SpA: dal 1968, porte e infissi per passione","description":"Nusco SpA \u00e8 leader nella produzione di porte, infissi in legno, legno alluminio e PVC, grate e persiane di sicurezza. Scopri le nostre collezioni!","publisher":{"@id":"https:\/\/nuscospa.com\/it\/#organization"},"potentialAction":[{"@type":"SearchAction","target":{"@type":"EntryPoint","urlTemplate":"https:\/\/nuscospa.com\/it\/?s={search_term_string}"},"query-input":{"@type":"PropertyValueSpecification","valueRequired":true,"valueName":"search_term_string"}}],"inLanguage":"it-IT"},{"@type":"Organization","@id":"https:\/\/nuscospa.com\/it\/#organization","name":"Nusco SpA","url":"https:\/\/nuscospa.com\/it\/","logo":{"@type":"ImageObject","inLanguage":"it-IT","@id":"https:\/\/nuscospa.com\/it\/#\/schema\/logo\/image\/","url":"https:\/\/nuscospa.com\/wp-content\/uploads\/2018\/03\/nusco-logo.png","contentUrl":"https:\/\/nuscospa.com\/wp-content\/uploads\/2018\/03\/nusco-logo.png","width":1768,"height":744,"caption":"Nusco SpA"},"image":{"@id":"https:\/\/nuscospa.com\/it\/#\/schema\/logo\/image\/"},"sameAs":["https:\/\/www.facebook.com\/Nusco.spa","http:\/\/www.linkedin.com\/company\/5103818?trk=tyah&amp;amp;trkInfo=tas:gruppo nusco spa,idx:1-1-1","https:\/\/youtube.com\/@nuscospa3358?si=Y_sAVi-OY5P-hwSM"]}]}},"_links":{"self":[{"href":"https:\/\/nuscospa.com\/it\/wp-json\/wp\/v2\/pages\/17748"}],"collection":[{"href":"https:\/\/nuscospa.com\/it\/wp-json\/wp\/v2\/pages"}],"about":[{"href":"https:\/\/nuscospa.com\/it\/wp-json\/wp\/v2\/types\/page"}],"author":[{"embeddable":true,"href":"https:\/\/nuscospa.com\/it\/wp-json\/wp\/v2\/users\/6"}],"replies":[{"embeddable":true,"href":"https:\/\/nuscospa.com\/it\/wp-json\/wp\/v2\/comments?post=17748"}],"version-history":[{"count":3,"href":"https:\/\/nuscospa.com\/it\/wp-json\/wp\/v2\/pages\/17748\/revisions"}],"predecessor-version":[{"id":30466,"href":"https:\/\/nuscospa.com\/it\/wp-json\/wp\/v2\/pages\/17748\/revisions\/30466"}],"up":[{"embeddable":true,"href":"https:\/\/nuscospa.com\/it\/wp-json\/wp\/v2\/pages\/16025"}],"wp:attachment":[{"href":"https:\/\/nuscospa.com\/it\/wp-json\/wp\/v2\/media?parent=17748"}],"curies":[{"name":"wp","href":"https:\/\/api.w.org\/{rel}","templated":true}]}}