{"id":16814,"date":"2017-07-07T16:54:49","date_gmt":"2017-07-07T14:54:49","guid":{"rendered":"https:\/\/nuscospa.com\/?page_id=16814\/"},"modified":"2022-03-02T15:48:21","modified_gmt":"2022-03-02T14:48:21","slug":"vantaggi","status":"publish","type":"page","link":"https:\/\/nuscospa.com\/it\/franchising\/vantaggi\/","title":{"rendered":"Il franchising"},"content":{"rendered":"<div class=\"wpb-content-wrapper\"><p>[vc_row css_animation=&#8221;&#8221; row_type=&#8221;row&#8221; use_row_as_full_screen_section=&#8221;no&#8221; type=&#8221;full_width&#8221; angled_section=&#8221;no&#8221; text_align=&#8221;center&#8221; background_image_as_pattern=&#8221;without_pattern&#8221;][vc_column][vc_single_image image=&#8221;18289&#8243; img_size=&#8221;1100&#215;280&#8243; alignment=&#8221;center&#8221; qode_css_animation=&#8221;&#8221;][vc_column_text]<!-- WP Menubar 5.9.4: start menu franchising-it, template Superfish, CSS  -->\n\r\n<script type=\"text\/javascript\">\r\n\/\/ <![CDATA[\r\njQuery(document).ready(function($) {\r\n$(\"ul.Superfish\").superfish ({\r\n    hoverClass:    \"wpm-hover\",        \r\n    delay:         500,                \r\n    animation:     {opacity:\"show\"}, \r\n    speed:         \"slow\",         \r\n    autoArrows:    true,               \r\n    dropShadows:   true,               \r\n    disableHI:     true\r\n});\r\n}); \r\n\/\/ ]]>\r\n<\/script>\r\n\r\n<div class=\"Superfish-wrap\">\r\n<ul class=\"Superfish\"><li><a href=\"https:\/\/nuscospa.com\/it\/franchising\/il-progetto-requisiti\/\" >Il progetto<\/a><\/li><li><a href=\"https:\/\/nuscospa.com\/it\/franchising\/vantaggi\/\" >Il franchising<\/a><\/li><li><a href=\"https:\/\/nuscospa.com\/it\/franchising\/lo-store\/\" >Lo store<\/a><\/li><li><a href=\"https:\/\/nuscospa.com\/it\/franchising\/la-nostra-proposta\/\" >La nostra proposta<\/a><\/li><li><a href=\"https:\/\/nuscospa.com\/it\/franchising\/servizi-per-il-franchise\/\" >Requisiti<\/a><\/li><li><a href=\"https:\/\/nuscospa.com\/it\/franchising\/diventa-affiliato\/\" >Apri il tuo Nusco Store<\/a><\/li><\/ul>\r\n<\/div>\r\n<div class=\"Superfish-after\"><\/div>\r\n<!-- WP Menubar 5.9.4: end menu franchising-it, template Superfish, CSS  -->\n[\/vc_column_text][\/vc_column][\/vc_row][vc_row css_animation=&#8221;&#8221; row_type=&#8221;row&#8221; use_row_as_full_screen_section=&#8221;yes&#8221; type=&#8221;full_width&#8221; in_content_menu=&#8221;in_content_menu&#8221; content_menu_icon=&#8221;&#8221; angled_section=&#8221;no&#8221; text_align=&#8221;left&#8221; background_image_as_pattern=&#8221;without_pattern&#8221;][vc_column][vc_row_inner row_type=&#8221;row&#8221; type=&#8221;full_width&#8221; text_align=&#8221;left&#8221; css_animation=&#8221;&#8221; padding_top=&#8221;40&#8243; padding_bottom=&#8221;40&#8243;][vc_column_inner][vc_empty_space]<span class=\"separator_with_icon\" style='color:#c91922;'><i class=\"fa fa-500px\"><\/i><\/span>[vc_empty_space][vc_column_text]<\/p>\n<h2>Vuoi diventare un imprenditore di successo nel campo dei serramenti e dell\u2019edilizia?<\/h2>\n<p>Scopri<strong> la nostra formula franchising, per entrare a far parte di una squadra vincente<\/strong>, con il supporto costante di un\u2019azienda che da oltre tre generazioni \u00e8 presente sul mercato nazionale.<\/p>\n<p><strong>Nusco \u00e8 il primo franchising di porte e finestre quotato in Borsa Italiana: <\/strong>la cerimonia di quotazione, avvenuta il 4 agosto 2021, ha testimoniato ulteriormente la solidit\u00e0 e capacit\u00e0 di visione di una realt\u00e0 che da quasi 100 anni opera sul mercato nazionale.<\/p>\n<p>La nostra campagna di affiliazione mira a proseguire le aperture di Nusco store in<strong> altre citt\u00e0 d\u2019Italia, a partire dalla Lombardia e dal Nord Italia<\/strong>.<\/p>\n<p>[\/vc_column_text][vc_empty_space]<span class=\"separator_with_icon\" style='color:#c91922;'><i class=\"fa fa-500px\"><\/i><\/span>[vc_empty_space][vc_column_text]<\/p>\n<h2>Vuoi investire sul tuo territorio con un modello di business sostenibile?<br \/>\nApri il tuo Nusco Store.<\/h2>\n<p>Siamo alla costante ricerca di imprenditori con volont\u00e0 di investimento in un settore ad alto potenziale di sviluppo.<\/p>\n<p>Entrando nel mondo Nusco\u00a0<strong>potrai contare sulla forza di un\u2019azienda solida<\/strong>, accedere a\u00a0<strong>corsi di formazione<\/strong>\u00a0iniziali e continuativi con le migliori Academy del settore, <strong>acquisire know-how, <\/strong>avviare un\u2019attivit\u00e0 economica dal grande <strong>ritorno economico, senza necessit\u00e0 di attrezzare magazzino.<\/strong><\/p>\n<p>[\/vc_column_text][vc_empty_space]<span class=\"separator_with_icon\" style='color:#c91922;'><i class=\"fa fa-500px\"><\/i><\/span>[vc_empty_space][vc_single_image image=&#8221;25084&#8243; img_size=&#8221;full&#8221; qode_css_animation=&#8221;&#8221;][vc_empty_space height=&#8221;20px&#8221;][vc_column_text]<\/p>\n<h2>Il primo franchising di porte e infissi quotato in Borsa<\/h2>\n<p>Nusco \u00e8 il primo franchising di porte e finestre quotato in Borsa Italiana.<\/p>\n<p>Tutti i migliori professionisti della nostra azienda, tecnici e di produzione, saranno a tua disposizione per garantire il successo del tuo business.<\/p>\n<p>Non sarai mai lasciato solo: <strong>il supporto di Nusco continuer\u00e0<\/strong>\u00a0<strong>nel tempo<\/strong>, assicurando all\u2019affiliato\u00a0<strong>la certezza di poter sempre contare<\/strong>\u00a0sulle competenze sviluppate durante la lunga storia di Nusco.<\/p>\n<p>[\/vc_column_text][vc_empty_space]<span class=\"separator_with_icon\" style='color:#c91922;'><i class=\"fa fa-500px\"><\/i><\/span>[vc_empty_space][vc_single_image image=&#8221;25082&#8243; img_size=&#8221;full&#8221; qode_css_animation=&#8221;&#8221;][vc_empty_space height=&#8221;20px&#8221;][vc_column_text]<\/p>\n<h2>Nusco, un brand riconosciuto da tre generazioni<\/h2>\n<p>Di supporto al brand, vi sono da sempre campagne di comunicazione strutturate e mirate, con <strong>spot televisivi<\/strong> sulle reti nazionali, affissioni ed impianti speciali, su stampa, sui principali quotidiani e riviste di arredamento e di settore e on-air, con spot radio. Da sempre, Nusco affianca le principali realt\u00e0 sportive nazionali, con importanti sponsorizzazioni.<\/p>\n<p>Le nostre competenze e la visibilit\u00e0 degli investimenti pubblicitari sono a diposizione di chiunque voglia far parte della nostra rete franchising.<\/p>\n<p>[\/vc_column_text][vc_empty_space]<span class=\"separator_with_icon\" style='color:#c91922;'><i class=\"fa fa-500px\"><\/i><\/span>[vc_empty_space][vc_column_text]<\/p>\n<h2>Un unico partner per porte, infissi e sistemi di sicurezza<\/h2>\n<p><strong>Sartorialit\u00e0 e qualit\u00e0 made in Italy<\/strong> frutto di una tradizione di mezzo secolo si rispecchiano nell\u2019intera produzione di Nusco.<\/p>\n<p>Forte dell\u2019esperienza e della professionalit\u00e0 dei suoi artigiani, Nusco offre oggi un catalogo completo di porte per interni ed infissi che impiegano materiali eccellenti e tecniche di progettazione e lavorazione all\u2019avanguardia: una vasta gamma di prodotti di fascia medio\/alta, con numerose linee in pronta consegna.[\/vc_column_text][vc_empty_space]<span class=\"separator_with_icon\" style='color:#c91922;'><i class=\"fa fa-500px\"><\/i><\/span>[vc_empty_space][vc_single_image image=&#8221;25080&#8243; img_size=&#8221;full&#8221; qode_css_animation=&#8221;&#8221;][vc_empty_space height=&#8221;20px&#8221;][vc_column_text]<\/p>\n<h2>Formazione continuativa e affiancamento costante<\/h2>\n<p>Il <strong>nostro progetto franchising prevede percorsi formativi personalizzati<\/strong>\u00a0che ti serviranno ad apprendere sia gli aspetti tecnici che commerciali del lavoro, con un periodo iniziale in azienda e attivit\u00e0 sul campo.<\/p>\n<p>Diverse giornate saranno destinate\u00a0<strong>all\u2019affiancamento commerciale\u00a0<\/strong>per acquisire le nostre strategie di vendita e di marketing.<\/p>\n<p>Sono previste, inoltre, attivit\u00e0 di\u00a0<strong>affiancamento in cantiere<\/strong> con personale qualificato Nusco, per garantire la piena comprensione di tutti gli aspetti operativi.[\/vc_column_text][\/vc_column_inner][\/vc_row_inner][vc_empty_space]<div class=\"call_to_action normal\" style=\"\"><div class=\"container_inner\"><div class=\"two_columns_75_25 clearfix\"><div class=\"text_wrapper column1\"><div class=\"call_to_action_text \" style=\"\">Scopri la nostra proposta di affiliazione <\/div><\/div><div class=\"button_wrapper column2\"><a itemprop=\"url\" href=\"https:\/\/nuscospa.com\/it\/franchising\/la-nostra-proposta\/\" class=\"qbutton white \" target=\"_self\" style=\"\" >La nostra proposta<\/a><\/div><\/div><\/div><\/div>[vc_empty_space][\/vc_column][\/vc_row]<\/p>\n<\/div>","protected":false},"excerpt":{"rendered":"<p>[vc_row css_animation=&#8221;&#8221; row_type=&#8221;row&#8221; use_row_as_full_screen_section=&#8221;no&#8221; type=&#8221;full_width&#8221; angled_section=&#8221;no&#8221; text_align=&#8221;center&#8221; background_image_as_pattern=&#8221;without_pattern&#8221;][vc_column][vc_single_image image=&#8221;18289&#8243; img_size=&#8221;1100&#215;280&#8243; alignment=&#8221;center&#8221; qode_css_animation=&#8221;&#8221;][vc_column_text][\/vc_column_text][\/vc_column][\/vc_row][vc_row css_animation=&#8221;&#8221; row_type=&#8221;row&#8221; use_row_as_full_screen_section=&#8221;yes&#8221; type=&#8221;full_width&#8221; in_content_menu=&#8221;in_content_menu&#8221; content_menu_icon=&#8221;&#8221; angled_section=&#8221;no&#8221; text_align=&#8221;left&#8221; background_image_as_pattern=&#8221;without_pattern&#8221;][vc_column][vc_row_inner row_type=&#8221;row&#8221; type=&#8221;full_width&#8221; text_align=&#8221;left&#8221; css_animation=&#8221;&#8221; padding_top=&#8221;40&#8243; padding_bottom=&#8221;40&#8243;][vc_column_inner][vc_empty_space][vc_empty_space][vc_column_text] Vuoi diventare un imprenditore di successo nel campo dei serramenti e dell\u2019edilizia? Scopri la nostra formula franchising, per&#8230;<\/p>\n","protected":false},"author":4,"featured_media":0,"parent":16808,"menu_order":0,"comment_status":"closed","ping_status":"closed","template":"","meta":{"inline_featured_image":false,"footnotes":""},"class_list":["post-16814","page","type-page","status-publish","hentry"],"yoast_head":"<!-- This site is optimized with the Yoast SEO plugin v25.5 - https:\/\/yoast.com\/wordpress\/plugins\/seo\/ -->\n<title>I vantaggi dell&#039;essere un franchising di Nusco<\/title>\n<meta name=\"description\" content=\"Essere franchising di una delle pi\u00f9 importanti aziende di produzione di porte e finestre significa godere di alcuni vantaggi, che vanno dalla visibilit\u00e0 del marchio all&#039;ampia offerta di prodotti esclusivi.\" \/>\n<meta name=\"robots\" content=\"index, follow, max-snippet:-1, max-image-preview:large, max-video-preview:-1\" \/>\n<link rel=\"canonical\" href=\"https:\/\/nuscospa.com\/it\/franchising\/vantaggi\/\" \/>\n<meta property=\"og:locale\" content=\"it_IT\" \/>\n<meta property=\"og:type\" content=\"article\" \/>\n<meta property=\"og:title\" content=\"I vantaggi dell&#039;essere un franchising di Nusco\" \/>\n<meta property=\"og:description\" content=\"Essere franchising di una delle pi\u00f9 importanti aziende di produzione di porte e finestre significa godere di alcuni vantaggi, che vanno dalla visibilit\u00e0 del marchio all&#039;ampia offerta di prodotti esclusivi.\" \/>\n<meta property=\"og:url\" content=\"https:\/\/nuscospa.com\/it\/franchising\/vantaggi\/\" \/>\n<meta property=\"og:site_name\" content=\"Nusco SpA: dal 1968, porte e infissi per passione\" \/>\n<meta property=\"article:publisher\" content=\"https:\/\/www.facebook.com\/Nusco.spa\" \/>\n<meta property=\"article:modified_time\" content=\"2022-03-02T14:48:21+00:00\" \/>\n<meta property=\"og:image\" content=\"https:\/\/nuscospa.com\/wp-content\/uploads\/2017\/12\/nu-amb-platinum-vanitosa.jpg\" \/>\n\t<meta property=\"og:image:width\" content=\"1250\" \/>\n\t<meta property=\"og:image:height\" content=\"800\" \/>\n\t<meta property=\"og:image:type\" content=\"image\/jpeg\" \/>\n<meta name=\"twitter:card\" content=\"summary_large_image\" \/>\n<meta name=\"twitter:label1\" content=\"Tempo di lettura stimato\" \/>\n\t<meta name=\"twitter:data1\" content=\"4 minuti\" \/>\n<script type=\"application\/ld+json\" class=\"yoast-schema-graph\">{\"@context\":\"https:\/\/schema.org\",\"@graph\":[{\"@type\":\"WebPage\",\"@id\":\"https:\/\/nuscospa.com\/it\/franchising\/vantaggi\/\",\"url\":\"https:\/\/nuscospa.com\/it\/franchising\/vantaggi\/\",\"name\":\"I vantaggi dell'essere un franchising di Nusco\",\"isPartOf\":{\"@id\":\"https:\/\/nuscospa.com\/it\/#website\"},\"datePublished\":\"2017-07-07T14:54:49+00:00\",\"dateModified\":\"2022-03-02T14:48:21+00:00\",\"description\":\"Essere franchising di una delle pi\u00f9 importanti aziende di produzione di porte e finestre significa godere di alcuni vantaggi, che vanno dalla visibilit\u00e0 del marchio all'ampia offerta di prodotti esclusivi.\",\"breadcrumb\":{\"@id\":\"https:\/\/nuscospa.com\/it\/franchising\/vantaggi\/#breadcrumb\"},\"inLanguage\":\"it-IT\",\"potentialAction\":[{\"@type\":\"ReadAction\",\"target\":[\"https:\/\/nuscospa.com\/it\/franchising\/vantaggi\/\"]}]},{\"@type\":\"BreadcrumbList\",\"@id\":\"https:\/\/nuscospa.com\/it\/franchising\/vantaggi\/#breadcrumb\",\"itemListElement\":[{\"@type\":\"ListItem\",\"position\":1,\"name\":\"Home\",\"item\":\"https:\/\/nuscospa.com\/it\/\"},{\"@type\":\"ListItem\",\"position\":2,\"name\":\"Franchising\",\"item\":\"https:\/\/nuscospa.com\/it\/franchising\/\"},{\"@type\":\"ListItem\",\"position\":3,\"name\":\"Il franchising\"}]},{\"@type\":\"WebSite\",\"@id\":\"https:\/\/nuscospa.com\/it\/#website\",\"url\":\"https:\/\/nuscospa.com\/it\/\",\"name\":\"Nusco SpA: dal 1968, porte e infissi per passione\",\"description\":\"Nusco SpA \u00e8 leader nella produzione di porte, infissi in legno, legno alluminio e PVC, grate e persiane di sicurezza. Scopri le nostre collezioni!\",\"publisher\":{\"@id\":\"https:\/\/nuscospa.com\/it\/#organization\"},\"potentialAction\":[{\"@type\":\"SearchAction\",\"target\":{\"@type\":\"EntryPoint\",\"urlTemplate\":\"https:\/\/nuscospa.com\/it\/?s={search_term_string}\"},\"query-input\":{\"@type\":\"PropertyValueSpecification\",\"valueRequired\":true,\"valueName\":\"search_term_string\"}}],\"inLanguage\":\"it-IT\"},{\"@type\":\"Organization\",\"@id\":\"https:\/\/nuscospa.com\/it\/#organization\",\"name\":\"Nusco SpA\",\"url\":\"https:\/\/nuscospa.com\/it\/\",\"logo\":{\"@type\":\"ImageObject\",\"inLanguage\":\"it-IT\",\"@id\":\"https:\/\/nuscospa.com\/it\/#\/schema\/logo\/image\/\",\"url\":\"https:\/\/nuscospa.com\/wp-content\/uploads\/2018\/03\/nusco-logo.png\",\"contentUrl\":\"https:\/\/nuscospa.com\/wp-content\/uploads\/2018\/03\/nusco-logo.png\",\"width\":1768,\"height\":744,\"caption\":\"Nusco SpA\"},\"image\":{\"@id\":\"https:\/\/nuscospa.com\/it\/#\/schema\/logo\/image\/\"},\"sameAs\":[\"https:\/\/www.facebook.com\/Nusco.spa\",\"http:\/\/www.linkedin.com\/company\/5103818?trk=tyah&amp;amp;trkInfo=tas:gruppo nusco spa,idx:1-1-1\",\"https:\/\/youtube.com\/@nuscospa3358?si=Y_sAVi-OY5P-hwSM\"]}]}<\/script>\n<!-- \/ Yoast SEO plugin. -->","yoast_head_json":{"title":"I vantaggi dell'essere un franchising di Nusco","description":"Essere franchising di una delle pi\u00f9 importanti aziende di produzione di porte e finestre significa godere di alcuni vantaggi, che vanno dalla visibilit\u00e0 del marchio all'ampia offerta di prodotti esclusivi.","robots":{"index":"index","follow":"follow","max-snippet":"max-snippet:-1","max-image-preview":"max-image-preview:large","max-video-preview":"max-video-preview:-1"},"canonical":"https:\/\/nuscospa.com\/it\/franchising\/vantaggi\/","og_locale":"it_IT","og_type":"article","og_title":"I vantaggi dell'essere un franchising di Nusco","og_description":"Essere franchising di una delle pi\u00f9 importanti aziende di produzione di porte e finestre significa godere di alcuni vantaggi, che vanno dalla visibilit\u00e0 del marchio all'ampia offerta di prodotti esclusivi.","og_url":"https:\/\/nuscospa.com\/it\/franchising\/vantaggi\/","og_site_name":"Nusco SpA: dal 1968, porte e infissi per passione","article_publisher":"https:\/\/www.facebook.com\/Nusco.spa","article_modified_time":"2022-03-02T14:48:21+00:00","og_image":[{"width":1250,"height":800,"url":"https:\/\/nuscospa.com\/wp-content\/uploads\/2017\/12\/nu-amb-platinum-vanitosa.jpg","type":"image\/jpeg"}],"twitter_card":"summary_large_image","twitter_misc":{"Tempo di lettura stimato":"4 minuti"},"schema":{"@context":"https:\/\/schema.org","@graph":[{"@type":"WebPage","@id":"https:\/\/nuscospa.com\/it\/franchising\/vantaggi\/","url":"https:\/\/nuscospa.com\/it\/franchising\/vantaggi\/","name":"I vantaggi dell'essere un franchising di Nusco","isPartOf":{"@id":"https:\/\/nuscospa.com\/it\/#website"},"datePublished":"2017-07-07T14:54:49+00:00","dateModified":"2022-03-02T14:48:21+00:00","description":"Essere franchising di una delle pi\u00f9 importanti aziende di produzione di porte e finestre significa godere di alcuni vantaggi, che vanno dalla visibilit\u00e0 del marchio all'ampia offerta di prodotti esclusivi.","breadcrumb":{"@id":"https:\/\/nuscospa.com\/it\/franchising\/vantaggi\/#breadcrumb"},"inLanguage":"it-IT","potentialAction":[{"@type":"ReadAction","target":["https:\/\/nuscospa.com\/it\/franchising\/vantaggi\/"]}]},{"@type":"BreadcrumbList","@id":"https:\/\/nuscospa.com\/it\/franchising\/vantaggi\/#breadcrumb","itemListElement":[{"@type":"ListItem","position":1,"name":"Home","item":"https:\/\/nuscospa.com\/it\/"},{"@type":"ListItem","position":2,"name":"Franchising","item":"https:\/\/nuscospa.com\/it\/franchising\/"},{"@type":"ListItem","position":3,"name":"Il franchising"}]},{"@type":"WebSite","@id":"https:\/\/nuscospa.com\/it\/#website","url":"https:\/\/nuscospa.com\/it\/","name":"Nusco SpA: dal 1968, porte e infissi per passione","description":"Nusco SpA \u00e8 leader nella produzione di porte, infissi in legno, legno alluminio e PVC, grate e persiane di sicurezza. Scopri le nostre collezioni!","publisher":{"@id":"https:\/\/nuscospa.com\/it\/#organization"},"potentialAction":[{"@type":"SearchAction","target":{"@type":"EntryPoint","urlTemplate":"https:\/\/nuscospa.com\/it\/?s={search_term_string}"},"query-input":{"@type":"PropertyValueSpecification","valueRequired":true,"valueName":"search_term_string"}}],"inLanguage":"it-IT"},{"@type":"Organization","@id":"https:\/\/nuscospa.com\/it\/#organization","name":"Nusco SpA","url":"https:\/\/nuscospa.com\/it\/","logo":{"@type":"ImageObject","inLanguage":"it-IT","@id":"https:\/\/nuscospa.com\/it\/#\/schema\/logo\/image\/","url":"https:\/\/nuscospa.com\/wp-content\/uploads\/2018\/03\/nusco-logo.png","contentUrl":"https:\/\/nuscospa.com\/wp-content\/uploads\/2018\/03\/nusco-logo.png","width":1768,"height":744,"caption":"Nusco SpA"},"image":{"@id":"https:\/\/nuscospa.com\/it\/#\/schema\/logo\/image\/"},"sameAs":["https:\/\/www.facebook.com\/Nusco.spa","http:\/\/www.linkedin.com\/company\/5103818?trk=tyah&amp;amp;trkInfo=tas:gruppo nusco spa,idx:1-1-1","https:\/\/youtube.com\/@nuscospa3358?si=Y_sAVi-OY5P-hwSM"]}]}},"_links":{"self":[{"href":"https:\/\/nuscospa.com\/it\/wp-json\/wp\/v2\/pages\/16814"}],"collection":[{"href":"https:\/\/nuscospa.com\/it\/wp-json\/wp\/v2\/pages"}],"about":[{"href":"https:\/\/nuscospa.com\/it\/wp-json\/wp\/v2\/types\/page"}],"author":[{"embeddable":true,"href":"https:\/\/nuscospa.com\/it\/wp-json\/wp\/v2\/users\/4"}],"replies":[{"embeddable":true,"href":"https:\/\/nuscospa.com\/it\/wp-json\/wp\/v2\/comments?post=16814"}],"version-history":[{"count":12,"href":"https:\/\/nuscospa.com\/it\/wp-json\/wp\/v2\/pages\/16814\/revisions"}],"predecessor-version":[{"id":25090,"href":"https:\/\/nuscospa.com\/it\/wp-json\/wp\/v2\/pages\/16814\/revisions\/25090"}],"up":[{"embeddable":true,"href":"https:\/\/nuscospa.com\/it\/wp-json\/wp\/v2\/pages\/16808"}],"wp:attachment":[{"href":"https:\/\/nuscospa.com\/it\/wp-json\/wp\/v2\/media?parent=16814"}],"curies":[{"name":"wp","href":"https:\/\/api.w.org\/{rel}","templated":true}]}}