{"id":16739,"date":"2017-07-07T11:43:44","date_gmt":"2017-07-07T09:43:44","guid":{"rendered":"https:\/\/nuscospa.com\/?page_id=16739\/"},"modified":"2023-07-14T16:24:50","modified_gmt":"2023-07-14T14:24:50","slug":"certificazioni","status":"publish","type":"page","link":"https:\/\/nuscospa.com\/it\/azienda\/certificazioni\/","title":{"rendered":"Certificazioni"},"content":{"rendered":"<div class=\"wpb-content-wrapper\"><p>[vc_row css_animation=&#8221;&#8221; row_type=&#8221;row&#8221; use_row_as_full_screen_section=&#8221;no&#8221; type=&#8221;full_width&#8221; angled_section=&#8221;no&#8221; text_align=&#8221;center&#8221; background_image_as_pattern=&#8221;without_pattern&#8221;][vc_column][vc_single_image image=&#8221;17705&#8243; img_size=&#8221;1100&#215;280&#8243; alignment=&#8221;center&#8221; qode_css_animation=&#8221;&#8221;][vc_column_text]<!-- WP Menubar 5.9.4: start menu menu-it, template Superfish, CSS  -->\n\r\n<script type=\"text\/javascript\">\r\n\/\/ <![CDATA[\r\njQuery(document).ready(function($) {\r\n$(\"ul.Superfish\").superfish ({\r\n    hoverClass:    \"wpm-hover\",        \r\n    delay:         500,                \r\n    animation:     {opacity:\"show\"}, \r\n    speed:         \"slow\",         \r\n    autoArrows:    true,               \r\n    dropShadows:   true,               \r\n    disableHI:     true\r\n});\r\n}); \r\n\/\/ ]]>\r\n<\/script>\r\n\r\n<div class=\"Superfish-wrap\">\r\n<ul class=\"Superfish\"><li><a href=\"https:\/\/nuscospa.com\/it\/azienda\/chi-siamo\/\" >Chi siamo<\/a><\/li><li><a href=\"https:\/\/nuscospa.com\/it\/azienda\/storia\/\" >Storia<\/a><\/li><li><a href=\"https:\/\/nuscospa.com\/it\/azienda\/mission-e-valori\/\" >Mission e valori<\/a><\/li><li><a href=\"https:\/\/nuscospa.com\/it\/azienda\/politica-per-la-qualita\/\" >Politica per la qualit\u00e0<\/a><\/li><li><a href=\"https:\/\/nuscospa.com\/it\/azienda\/sostenibilita\/\" >Sostenibilit\u00e0<\/a><\/li><li><a href=\"https:\/\/nuscospa.com\/it\/azienda\/certificazioni\/\" >Certificazioni<\/a><\/li><li><a href=\"https:\/\/nuscospa.com\/it\/azienda\/lavora-con-noi\/\" >Lavora con noi<\/a><\/li><\/ul>\r\n<\/div>\r\n<div class=\"Superfish-after\"><\/div>\r\n<!-- WP Menubar 5.9.4: end menu menu-it, template Superfish, CSS  -->\n[\/vc_column_text][\/vc_column][\/vc_row][vc_row css_animation=&#8221;&#8221; row_type=&#8221;row&#8221; use_row_as_full_screen_section=&#8221;yes&#8221; type=&#8221;full_width&#8221; in_content_menu=&#8221;in_content_menu&#8221; content_menu_icon=&#8221;&#8221; angled_section=&#8221;no&#8221; text_align=&#8221;left&#8221; background_image_as_pattern=&#8221;without_pattern&#8221;][vc_column][vc_row_inner row_type=&#8221;row&#8221; type=&#8221;full_width&#8221; text_align=&#8221;left&#8221; css_animation=&#8221;&#8221;][vc_column_inner][vc_column_text css=&#8221;.vc_custom_1689261202635{padding-top: 20px !important;padding-bottom: 20px !important;}&#8221;]La qualit\u00e0 e la sicurezza dei prodotti risultano fondamentali per Nusco, al punto di averli resi driver del proprio business. La produzione viene realizzata con la consapevolezza che il prodotto deve rispettare canoni elevati di qualit\u00e0 e di sartorialit\u00e0, in cui il prodotto deve essere cucito su misura in base alle esigenze dei clienti finali.<\/p>\n<p>La consapevolezza di dover incorporare la qualit\u00e0 all\u2019interno del proprio modello di business passa anche dalla creazione e diffusione di una cultura a riguardo. La societ\u00e0 si \u00e8 posta l\u2019obiettivo, attraverso un impegno congiunto e richiesto a tutti i livelli, di un miglioramento continuo e costante.<\/p>\n<p>Per tale motivo Nusco si \u00e8 dotata di diverse certificazioni di qualit\u00e0, le quali si integrano con la mission e la strategia della societ\u00e0.[\/vc_column_text][vc_empty_space height=&#8221;15px&#8221;][\/vc_column_inner][\/vc_row_inner][vc_row_inner row_type=&#8221;row&#8221; type=&#8221;full_width&#8221; text_align=&#8221;left&#8221; css_animation=&#8221;&#8221; padding_top=&#8221;40&#8243; padding_bottom=&#8221;40&#8243;][vc_column_inner width=&#8221;1\/3&#8243;]<div class='q_icon_with_title medium custom_icon_image center '><div class=\"icon_holder \" style=\" \"><img decoding=\"async\" itemprop=\"image\" style=\"\" src=\"https:\/\/nuscospa.com\/wp-content\/uploads\/2023\/07\/NUSCO-ISO-45001_URS_.jpg\" alt=\"\"><\/a><\/div><div class=\"icon_text_holder\" style=\"\"><div class=\"icon_text_inner\" style=\"\"><h5 class=\"icon_title\" style=\"\"><\/h5><p style=''><\/p><a itemprop='url' class='icon_with_title_link' href='https:\/\/nuscospa.com\/wp-content\/uploads\/2023\/07\/NUSCO-ISO-45001_URS_.pdf' target='_blank' style=''>ISO 45001<\/a><\/div><\/div><\/div>[\/vc_column_inner][vc_column_inner width=&#8221;1\/3&#8243;]<div class='q_icon_with_title medium custom_icon_image center '><div class=\"icon_holder \" style=\" \"><img decoding=\"async\" itemprop=\"image\" style=\"\" src=\"https:\/\/nuscospa.com\/wp-content\/uploads\/2023\/07\/NUSCO-ISO-14001_URS_.jpg\" alt=\"\"><\/a><\/div><div class=\"icon_text_holder\" style=\"\"><div class=\"icon_text_inner\" style=\"\"><h5 class=\"icon_title\" style=\"\"><\/h5><p style=''><\/p><a itemprop='url' class='icon_with_title_link' href='https:\/\/nuscospa.com\/wp-content\/uploads\/2023\/07\/NUSCO-ISO-14001_URS_.pdf' target='_blank' style=''>ISO 14001<\/a><\/div><\/div><\/div>[\/vc_column_inner][vc_column_inner width=&#8221;1\/3&#8243;]<div class='q_icon_with_title medium custom_icon_image center '><div class=\"icon_holder \" style=\" \"><img decoding=\"async\" itemprop=\"image\" style=\"\" src=\"https:\/\/nuscospa.com\/wp-content\/uploads\/2023\/07\/NUSCO-ISO-9001_URS_.jpg\" alt=\"\"><\/a><\/div><div class=\"icon_text_holder\" style=\"\"><div class=\"icon_text_inner\" style=\"\"><h5 class=\"icon_title\" style=\"\"><\/h5><p style=''><\/p><a itemprop='url' class='icon_with_title_link' href='https:\/\/nuscospa.com\/wp-content\/uploads\/2023\/07\/NUSCO-ISO-9001_URS_.pdf' target='_blank' style=''>ISO 9001<\/a><\/div><\/div><\/div>[\/vc_column_inner][\/vc_row_inner][vc_row_inner row_type=&#8221;row&#8221; type=&#8221;full_width&#8221; text_align=&#8221;left&#8221; css_animation=&#8221;&#8221;][vc_column_inner][vc_column_text css=&#8221;.vc_custom_1689260993248{padding-top: 20px !important;padding-bottom: 20px !important;}&#8221;]<\/p>\n<div class=\"wpb_text_column wpb_content_element vc_custom_1498750690355\">\n<div class=\"wpb_wrapper\">\n<p>L\u2019ottenimento di tali certificazioni consente di costruire un sistema di gestione in cui siano inclusi tutti i processi aziendali, in modo da garantirne l\u2019ottimizzazione e l\u2019adozione di un approccio sistemico utile ai fini dell\u2019efficienza e dell\u2019efficacia di un sistema di gestione della qualit\u00e0.<\/p>\n<\/div>\n<\/div>\n<p>[\/vc_column_text][vc_empty_space height=&#8221;15px&#8221;][\/vc_column_inner][\/vc_row_inner][\/vc_column][\/vc_row]<\/p>\n<\/div>","protected":false},"excerpt":{"rendered":"<p>[vc_row css_animation=&#8221;&#8221; row_type=&#8221;row&#8221; use_row_as_full_screen_section=&#8221;no&#8221; type=&#8221;full_width&#8221; angled_section=&#8221;no&#8221; text_align=&#8221;center&#8221; background_image_as_pattern=&#8221;without_pattern&#8221;][vc_column][vc_single_image image=&#8221;17705&#8243; img_size=&#8221;1100&#215;280&#8243; alignment=&#8221;center&#8221; qode_css_animation=&#8221;&#8221;][vc_column_text][\/vc_column_text][\/vc_column][\/vc_row][vc_row css_animation=&#8221;&#8221; row_type=&#8221;row&#8221; use_row_as_full_screen_section=&#8221;yes&#8221; type=&#8221;full_width&#8221; in_content_menu=&#8221;in_content_menu&#8221; content_menu_icon=&#8221;&#8221; angled_section=&#8221;no&#8221; text_align=&#8221;left&#8221; background_image_as_pattern=&#8221;without_pattern&#8221;][vc_column][vc_row_inner row_type=&#8221;row&#8221; type=&#8221;full_width&#8221; text_align=&#8221;left&#8221; css_animation=&#8221;&#8221;][vc_column_inner][vc_column_text css=&#8221;.vc_custom_1689261202635{padding-top: 20px !important;padding-bottom: 20px !important;}&#8221;]La qualit\u00e0 e la sicurezza dei prodotti risultano fondamentali per Nusco, al punto di averli resi&#8230;<\/p>\n","protected":false},"author":4,"featured_media":0,"parent":16804,"menu_order":0,"comment_status":"closed","ping_status":"closed","template":"","meta":{"inline_featured_image":false,"footnotes":""},"class_list":["post-16739","page","type-page","status-publish","hentry"],"yoast_head":"<!-- This site is optimized with the Yoast SEO plugin v25.5 - https:\/\/yoast.com\/wordpress\/plugins\/seo\/ -->\n<title>La rete di franchising Nusco \u00e8 composta da oltre 1.500 rivenditori<\/title>\n<meta name=\"description\" content=\"Nusco commercializza porte e infissi attraverso una rete di franchising capillare, su tutto il territorio italiano. Scopri come entrare a far parte del progetto di franchising Nusco.\" \/>\n<meta name=\"robots\" content=\"index, follow, max-snippet:-1, max-image-preview:large, max-video-preview:-1\" \/>\n<link rel=\"canonical\" href=\"https:\/\/nuscospa.com\/it\/azienda\/certificazioni\/\" \/>\n<meta property=\"og:locale\" content=\"it_IT\" \/>\n<meta property=\"og:type\" content=\"article\" \/>\n<meta property=\"og:title\" content=\"La rete di franchising Nusco \u00e8 composta da oltre 1.500 rivenditori\" \/>\n<meta property=\"og:description\" content=\"Nusco commercializza porte e infissi attraverso una rete di franchising capillare, su tutto il territorio italiano. Scopri come entrare a far parte del progetto di franchising Nusco.\" \/>\n<meta property=\"og:url\" content=\"https:\/\/nuscospa.com\/it\/azienda\/certificazioni\/\" \/>\n<meta property=\"og:site_name\" content=\"Nusco SpA: dal 1968, porte e infissi per passione\" \/>\n<meta property=\"article:publisher\" content=\"https:\/\/www.facebook.com\/Nusco.spa\" \/>\n<meta property=\"article:modified_time\" content=\"2023-07-14T14:24:50+00:00\" \/>\n<meta property=\"og:image\" content=\"https:\/\/nuscospa.com\/wp-content\/uploads\/2017\/12\/nu-amb-platinum-vanitosa.jpg\" \/>\n\t<meta property=\"og:image:width\" content=\"1250\" \/>\n\t<meta property=\"og:image:height\" content=\"800\" \/>\n\t<meta property=\"og:image:type\" content=\"image\/jpeg\" \/>\n<meta name=\"twitter:card\" content=\"summary_large_image\" \/>\n<meta name=\"twitter:label1\" content=\"Tempo di lettura stimato\" \/>\n\t<meta name=\"twitter:data1\" content=\"2 minuti\" \/>\n<script type=\"application\/ld+json\" class=\"yoast-schema-graph\">{\"@context\":\"https:\/\/schema.org\",\"@graph\":[{\"@type\":\"WebPage\",\"@id\":\"https:\/\/nuscospa.com\/it\/azienda\/certificazioni\/\",\"url\":\"https:\/\/nuscospa.com\/it\/azienda\/certificazioni\/\",\"name\":\"La rete di franchising Nusco \u00e8 composta da oltre 1.500 rivenditori\",\"isPartOf\":{\"@id\":\"https:\/\/nuscospa.com\/it\/#website\"},\"datePublished\":\"2017-07-07T09:43:44+00:00\",\"dateModified\":\"2023-07-14T14:24:50+00:00\",\"description\":\"Nusco commercializza porte e infissi attraverso una rete di franchising capillare, su tutto il territorio italiano. Scopri come entrare a far parte del progetto di franchising Nusco.\",\"breadcrumb\":{\"@id\":\"https:\/\/nuscospa.com\/it\/azienda\/certificazioni\/#breadcrumb\"},\"inLanguage\":\"it-IT\",\"potentialAction\":[{\"@type\":\"ReadAction\",\"target\":[\"https:\/\/nuscospa.com\/it\/azienda\/certificazioni\/\"]}]},{\"@type\":\"BreadcrumbList\",\"@id\":\"https:\/\/nuscospa.com\/it\/azienda\/certificazioni\/#breadcrumb\",\"itemListElement\":[{\"@type\":\"ListItem\",\"position\":1,\"name\":\"Home\",\"item\":\"https:\/\/nuscospa.com\/it\/\"},{\"@type\":\"ListItem\",\"position\":2,\"name\":\"Azienda\",\"item\":\"https:\/\/nuscospa.com\/it\/azienda\/\"},{\"@type\":\"ListItem\",\"position\":3,\"name\":\"Certificazioni\"}]},{\"@type\":\"WebSite\",\"@id\":\"https:\/\/nuscospa.com\/it\/#website\",\"url\":\"https:\/\/nuscospa.com\/it\/\",\"name\":\"Nusco SpA: dal 1968, porte e infissi per passione\",\"description\":\"Nusco SpA \u00e8 leader nella produzione di porte, infissi in legno, legno alluminio e PVC, grate e persiane di sicurezza. Scopri le nostre collezioni!\",\"publisher\":{\"@id\":\"https:\/\/nuscospa.com\/it\/#organization\"},\"potentialAction\":[{\"@type\":\"SearchAction\",\"target\":{\"@type\":\"EntryPoint\",\"urlTemplate\":\"https:\/\/nuscospa.com\/it\/?s={search_term_string}\"},\"query-input\":{\"@type\":\"PropertyValueSpecification\",\"valueRequired\":true,\"valueName\":\"search_term_string\"}}],\"inLanguage\":\"it-IT\"},{\"@type\":\"Organization\",\"@id\":\"https:\/\/nuscospa.com\/it\/#organization\",\"name\":\"Nusco SpA\",\"url\":\"https:\/\/nuscospa.com\/it\/\",\"logo\":{\"@type\":\"ImageObject\",\"inLanguage\":\"it-IT\",\"@id\":\"https:\/\/nuscospa.com\/it\/#\/schema\/logo\/image\/\",\"url\":\"https:\/\/nuscospa.com\/wp-content\/uploads\/2018\/03\/nusco-logo.png\",\"contentUrl\":\"https:\/\/nuscospa.com\/wp-content\/uploads\/2018\/03\/nusco-logo.png\",\"width\":1768,\"height\":744,\"caption\":\"Nusco SpA\"},\"image\":{\"@id\":\"https:\/\/nuscospa.com\/it\/#\/schema\/logo\/image\/\"},\"sameAs\":[\"https:\/\/www.facebook.com\/Nusco.spa\",\"http:\/\/www.linkedin.com\/company\/5103818?trk=tyah&amp;amp;trkInfo=tas:gruppo nusco spa,idx:1-1-1\",\"https:\/\/youtube.com\/@nuscospa3358?si=Y_sAVi-OY5P-hwSM\"]}]}<\/script>\n<!-- \/ Yoast SEO plugin. -->","yoast_head_json":{"title":"La rete di franchising Nusco \u00e8 composta da oltre 1.500 rivenditori","description":"Nusco commercializza porte e infissi attraverso una rete di franchising capillare, su tutto il territorio italiano. Scopri come entrare a far parte del progetto di franchising Nusco.","robots":{"index":"index","follow":"follow","max-snippet":"max-snippet:-1","max-image-preview":"max-image-preview:large","max-video-preview":"max-video-preview:-1"},"canonical":"https:\/\/nuscospa.com\/it\/azienda\/certificazioni\/","og_locale":"it_IT","og_type":"article","og_title":"La rete di franchising Nusco \u00e8 composta da oltre 1.500 rivenditori","og_description":"Nusco commercializza porte e infissi attraverso una rete di franchising capillare, su tutto il territorio italiano. Scopri come entrare a far parte del progetto di franchising Nusco.","og_url":"https:\/\/nuscospa.com\/it\/azienda\/certificazioni\/","og_site_name":"Nusco SpA: dal 1968, porte e infissi per passione","article_publisher":"https:\/\/www.facebook.com\/Nusco.spa","article_modified_time":"2023-07-14T14:24:50+00:00","og_image":[{"width":1250,"height":800,"url":"https:\/\/nuscospa.com\/wp-content\/uploads\/2017\/12\/nu-amb-platinum-vanitosa.jpg","type":"image\/jpeg"}],"twitter_card":"summary_large_image","twitter_misc":{"Tempo di lettura stimato":"2 minuti"},"schema":{"@context":"https:\/\/schema.org","@graph":[{"@type":"WebPage","@id":"https:\/\/nuscospa.com\/it\/azienda\/certificazioni\/","url":"https:\/\/nuscospa.com\/it\/azienda\/certificazioni\/","name":"La rete di franchising Nusco \u00e8 composta da oltre 1.500 rivenditori","isPartOf":{"@id":"https:\/\/nuscospa.com\/it\/#website"},"datePublished":"2017-07-07T09:43:44+00:00","dateModified":"2023-07-14T14:24:50+00:00","description":"Nusco commercializza porte e infissi attraverso una rete di franchising capillare, su tutto il territorio italiano. Scopri come entrare a far parte del progetto di franchising Nusco.","breadcrumb":{"@id":"https:\/\/nuscospa.com\/it\/azienda\/certificazioni\/#breadcrumb"},"inLanguage":"it-IT","potentialAction":[{"@type":"ReadAction","target":["https:\/\/nuscospa.com\/it\/azienda\/certificazioni\/"]}]},{"@type":"BreadcrumbList","@id":"https:\/\/nuscospa.com\/it\/azienda\/certificazioni\/#breadcrumb","itemListElement":[{"@type":"ListItem","position":1,"name":"Home","item":"https:\/\/nuscospa.com\/it\/"},{"@type":"ListItem","position":2,"name":"Azienda","item":"https:\/\/nuscospa.com\/it\/azienda\/"},{"@type":"ListItem","position":3,"name":"Certificazioni"}]},{"@type":"WebSite","@id":"https:\/\/nuscospa.com\/it\/#website","url":"https:\/\/nuscospa.com\/it\/","name":"Nusco SpA: dal 1968, porte e infissi per passione","description":"Nusco SpA \u00e8 leader nella produzione di porte, infissi in legno, legno alluminio e PVC, grate e persiane di sicurezza. Scopri le nostre collezioni!","publisher":{"@id":"https:\/\/nuscospa.com\/it\/#organization"},"potentialAction":[{"@type":"SearchAction","target":{"@type":"EntryPoint","urlTemplate":"https:\/\/nuscospa.com\/it\/?s={search_term_string}"},"query-input":{"@type":"PropertyValueSpecification","valueRequired":true,"valueName":"search_term_string"}}],"inLanguage":"it-IT"},{"@type":"Organization","@id":"https:\/\/nuscospa.com\/it\/#organization","name":"Nusco SpA","url":"https:\/\/nuscospa.com\/it\/","logo":{"@type":"ImageObject","inLanguage":"it-IT","@id":"https:\/\/nuscospa.com\/it\/#\/schema\/logo\/image\/","url":"https:\/\/nuscospa.com\/wp-content\/uploads\/2018\/03\/nusco-logo.png","contentUrl":"https:\/\/nuscospa.com\/wp-content\/uploads\/2018\/03\/nusco-logo.png","width":1768,"height":744,"caption":"Nusco SpA"},"image":{"@id":"https:\/\/nuscospa.com\/it\/#\/schema\/logo\/image\/"},"sameAs":["https:\/\/www.facebook.com\/Nusco.spa","http:\/\/www.linkedin.com\/company\/5103818?trk=tyah&amp;amp;trkInfo=tas:gruppo nusco spa,idx:1-1-1","https:\/\/youtube.com\/@nuscospa3358?si=Y_sAVi-OY5P-hwSM"]}]}},"_links":{"self":[{"href":"https:\/\/nuscospa.com\/it\/wp-json\/wp\/v2\/pages\/16739"}],"collection":[{"href":"https:\/\/nuscospa.com\/it\/wp-json\/wp\/v2\/pages"}],"about":[{"href":"https:\/\/nuscospa.com\/it\/wp-json\/wp\/v2\/types\/page"}],"author":[{"embeddable":true,"href":"https:\/\/nuscospa.com\/it\/wp-json\/wp\/v2\/users\/4"}],"replies":[{"embeddable":true,"href":"https:\/\/nuscospa.com\/it\/wp-json\/wp\/v2\/comments?post=16739"}],"version-history":[{"count":8,"href":"https:\/\/nuscospa.com\/it\/wp-json\/wp\/v2\/pages\/16739\/revisions"}],"predecessor-version":[{"id":26391,"href":"https:\/\/nuscospa.com\/it\/wp-json\/wp\/v2\/pages\/16739\/revisions\/26391"}],"up":[{"embeddable":true,"href":"https:\/\/nuscospa.com\/it\/wp-json\/wp\/v2\/pages\/16804"}],"wp:attachment":[{"href":"https:\/\/nuscospa.com\/it\/wp-json\/wp\/v2\/media?parent=16739"}],"curies":[{"name":"wp","href":"https:\/\/api.w.org\/{rel}","templated":true}]}}