{"id":16731,"date":"2017-07-07T11:17:02","date_gmt":"2017-07-07T09:17:02","guid":{"rendered":"https:\/\/nuscospa.com\/?page_id=16731\/"},"modified":"2021-05-04T11:27:25","modified_gmt":"2021-05-04T09:27:25","slug":"politica-per-la-qualita","status":"publish","type":"page","link":"https:\/\/nuscospa.com\/it\/azienda\/politica-per-la-qualita\/","title":{"rendered":"Politica per la qualit\u00e0"},"content":{"rendered":"<div class=\"wpb-content-wrapper\"><p>[vc_row css_animation=&#8221;&#8221; row_type=&#8221;row&#8221; use_row_as_full_screen_section=&#8221;no&#8221; type=&#8221;full_width&#8221; angled_section=&#8221;no&#8221; text_align=&#8221;center&#8221; background_image_as_pattern=&#8221;without_pattern&#8221;][vc_column][vc_single_image image=&#8221;17697&#8243; img_size=&#8221;1100&#215;280&#8243; alignment=&#8221;center&#8221; qode_css_animation=&#8221;&#8221;][vc_column_text]<!-- WP Menubar 5.9.4: start menu menu-it, template Superfish, CSS  -->\n\r\n<script type=\"text\/javascript\">\r\n\/\/ <![CDATA[\r\njQuery(document).ready(function($) {\r\n$(\"ul.Superfish\").superfish ({\r\n    hoverClass:    \"wpm-hover\",        \r\n    delay:         500,                \r\n    animation:     {opacity:\"show\"}, \r\n    speed:         \"slow\",         \r\n    autoArrows:    true,               \r\n    dropShadows:   true,               \r\n    disableHI:     true\r\n});\r\n}); \r\n\/\/ ]]>\r\n<\/script>\r\n\r\n<div class=\"Superfish-wrap\">\r\n<ul class=\"Superfish\"><li><a href=\"https:\/\/nuscospa.com\/it\/azienda\/chi-siamo\/\" >Chi siamo<\/a><\/li><li><a href=\"https:\/\/nuscospa.com\/it\/azienda\/storia\/\" >Storia<\/a><\/li><li><a href=\"https:\/\/nuscospa.com\/it\/azienda\/mission-e-valori\/\" >Mission e valori<\/a><\/li><li><a href=\"https:\/\/nuscospa.com\/it\/azienda\/politica-per-la-qualita\/\" >Politica per la qualit\u00e0<\/a><\/li><li><a href=\"https:\/\/nuscospa.com\/it\/azienda\/sostenibilita\/\" >Sostenibilit\u00e0<\/a><\/li><li><a href=\"https:\/\/nuscospa.com\/it\/azienda\/certificazioni\/\" >Certificazioni<\/a><\/li><li><a href=\"https:\/\/nuscospa.com\/it\/azienda\/lavora-con-noi\/\" >Lavora con noi<\/a><\/li><\/ul>\r\n<\/div>\r\n<div class=\"Superfish-after\"><\/div>\r\n<!-- WP Menubar 5.9.4: end menu menu-it, template Superfish, CSS  -->\n[\/vc_column_text][\/vc_column][\/vc_row][vc_row css_animation=&#8221;&#8221; row_type=&#8221;row&#8221; use_row_as_full_screen_section=&#8221;yes&#8221; type=&#8221;full_width&#8221; in_content_menu=&#8221;in_content_menu&#8221; content_menu_icon=&#8221;&#8221; angled_section=&#8221;no&#8221; text_align=&#8221;left&#8221; background_image_as_pattern=&#8221;without_pattern&#8221;][vc_column][vc_row_inner row_type=&#8221;row&#8221; type=&#8221;full_width&#8221; text_align=&#8221;left&#8221; css_animation=&#8221;&#8221;][vc_column_inner][vc_column_text css=&#8221;.vc_custom_1620120442787{padding-top: 20px !important;padding-bottom: 20px !important;}&#8221;]<\/p>\n<div class=\"wpb_text_column wpb_content_element vc_custom_1498750690355\">\n<div class=\"wpb_wrapper\">\n<p>Nel corso della sua attivit\u00e0, la <em><strong>Nusco Porte<\/strong><\/em> si \u00e8 sempre contraddistinta per aver perseguito la ricerca dell\u2019eccellenza nei prodotti e nelle prestazioni offerte alla sua Clientela per soddisfarne le esigenze. L\u2019utilizzo di tecniche all\u2019avanguardia, la selezione e l\u2019addestramento del personale sono state le linee guida che hanno consentito all\u2019azienda di affermarsi sul mercato. Nel rispetto della sua tradizione, la Nusco Porte intende focalizzare la sua attenzione al miglioramento continuo e dell\u2019organizzazione interna e del servizio che il cliente percepisce.<\/p>\n<p>Il Sistema Qualit\u00e0 implementato sar\u00e0, dunque, per la Nusco Porte strumento per il raggiungimento degli obiettivi che la Direzione Generale si \u00e8 proposta di raggiungere, intesi non solo come miglioramento degli standard qualitativi dei suoi prodotti, ma anche e soprattutto come miglioramento della gestione dei suoi processi. Tali miglioramenti comporteranno la riduzione delle risorse impiegate in termini di tempi e costi e nell\u2019aumento del \u201cvalore monetario\u201d per l\u2019utente, inteso come rapporto tra valore percepito e costo del prodotto. La Direzione Generale della Nusco Porte, al fine di rendere la struttura aziendale aderente al Sistema Qualit\u00e0, persegue con grande determinazione e con tutti i mezzi necessari, la conformit\u00e0 del Sistema ai requisiti richiesti dalla normativa, utilizzando lo stesso come strumento essenziale della gestione aziendale.<\/p>\n<\/div>\n<\/div>\n<p>[\/vc_column_text][vc_empty_space][\/vc_column_inner][\/vc_row_inner]<span class=\"separator_with_icon\" style='color:#c91922;'><i class=\"fa fa-500px\"><\/i><\/span>[vc_empty_space][vc_row_inner row_type=&#8221;row&#8221; type=&#8221;full_width&#8221; text_align=&#8221;left&#8221; css_animation=&#8221;&#8221; padding_top=&#8221;40&#8243; padding_bottom=&#8221;40&#8243;][vc_column_inner width=&#8221;1\/2&#8243;][\/vc_column_inner][\/vc_row_inner][\/vc_column][\/vc_row]<\/p>\n<\/div>","protected":false},"excerpt":{"rendered":"<p>[vc_row css_animation=&#8221;&#8221; row_type=&#8221;row&#8221; use_row_as_full_screen_section=&#8221;no&#8221; type=&#8221;full_width&#8221; angled_section=&#8221;no&#8221; text_align=&#8221;center&#8221; background_image_as_pattern=&#8221;without_pattern&#8221;][vc_column][vc_single_image image=&#8221;17697&#8243; img_size=&#8221;1100&#215;280&#8243; alignment=&#8221;center&#8221; qode_css_animation=&#8221;&#8221;][vc_column_text][\/vc_column_text][\/vc_column][\/vc_row][vc_row css_animation=&#8221;&#8221; row_type=&#8221;row&#8221; use_row_as_full_screen_section=&#8221;yes&#8221; type=&#8221;full_width&#8221; in_content_menu=&#8221;in_content_menu&#8221; content_menu_icon=&#8221;&#8221; angled_section=&#8221;no&#8221; text_align=&#8221;left&#8221; background_image_as_pattern=&#8221;without_pattern&#8221;][vc_column][vc_row_inner row_type=&#8221;row&#8221; type=&#8221;full_width&#8221; text_align=&#8221;left&#8221; css_animation=&#8221;&#8221;][vc_column_inner][vc_column_text css=&#8221;.vc_custom_1620120442787{padding-top: 20px !important;padding-bottom: 20px !important;}&#8221;] Nel corso della sua attivit\u00e0, la Nusco Porte si \u00e8 sempre contraddistinta per aver perseguito&#8230;<\/p>\n","protected":false},"author":4,"featured_media":0,"parent":16804,"menu_order":0,"comment_status":"closed","ping_status":"closed","template":"","meta":{"inline_featured_image":false,"footnotes":""},"class_list":["post-16731","page","type-page","status-publish","hentry"],"yoast_head":"<!-- This site is optimized with the Yoast SEO plugin v25.5 - https:\/\/yoast.com\/wordpress\/plugins\/seo\/ -->\n<title>La politica per la qualit\u00e0 di Nusco mira al continuo miglioramento<\/title>\n<meta name=\"description\" content=\"Negli anni, Nusco si \u00e8 contraddistinta per una costante ricerca della qualit\u00e0 dei propri prodotti. Un processo che \u00e8 stato possibile solo grazie alla ricerca di materiali e lavorazioni all&#039;avanguardia, nonch\u00e9 alla selezione e formazione del personale.\" \/>\n<meta name=\"robots\" content=\"index, follow, max-snippet:-1, max-image-preview:large, max-video-preview:-1\" \/>\n<link rel=\"canonical\" href=\"https:\/\/nuscospa.com\/it\/azienda\/politica-per-la-qualita\/\" \/>\n<meta property=\"og:locale\" content=\"it_IT\" \/>\n<meta property=\"og:type\" content=\"article\" \/>\n<meta property=\"og:title\" content=\"La politica per la qualit\u00e0 di Nusco mira al continuo miglioramento\" \/>\n<meta property=\"og:description\" content=\"Negli anni, Nusco si \u00e8 contraddistinta per una costante ricerca della qualit\u00e0 dei propri prodotti. Un processo che \u00e8 stato possibile solo grazie alla ricerca di materiali e lavorazioni all&#039;avanguardia, nonch\u00e9 alla selezione e formazione del personale.\" \/>\n<meta property=\"og:url\" content=\"https:\/\/nuscospa.com\/it\/azienda\/politica-per-la-qualita\/\" \/>\n<meta property=\"og:site_name\" content=\"Nusco SpA: dal 1968, porte e infissi per passione\" \/>\n<meta property=\"article:publisher\" content=\"https:\/\/www.facebook.com\/Nusco.spa\" \/>\n<meta property=\"article:modified_time\" content=\"2021-05-04T09:27:25+00:00\" \/>\n<meta property=\"og:image\" content=\"https:\/\/nuscospa.com\/wp-content\/uploads\/2017\/12\/nu-amb-platinum-vanitosa.jpg\" \/>\n\t<meta property=\"og:image:width\" content=\"1250\" \/>\n\t<meta property=\"og:image:height\" content=\"800\" \/>\n\t<meta property=\"og:image:type\" content=\"image\/jpeg\" \/>\n<meta name=\"twitter:card\" content=\"summary_large_image\" \/>\n<meta name=\"twitter:label1\" content=\"Tempo di lettura stimato\" \/>\n\t<meta name=\"twitter:data1\" content=\"2 minuti\" \/>\n<script type=\"application\/ld+json\" class=\"yoast-schema-graph\">{\"@context\":\"https:\/\/schema.org\",\"@graph\":[{\"@type\":\"WebPage\",\"@id\":\"https:\/\/nuscospa.com\/it\/azienda\/politica-per-la-qualita\/\",\"url\":\"https:\/\/nuscospa.com\/it\/azienda\/politica-per-la-qualita\/\",\"name\":\"La politica per la qualit\u00e0 di Nusco mira al continuo miglioramento\",\"isPartOf\":{\"@id\":\"https:\/\/nuscospa.com\/it\/#website\"},\"datePublished\":\"2017-07-07T09:17:02+00:00\",\"dateModified\":\"2021-05-04T09:27:25+00:00\",\"description\":\"Negli anni, Nusco si \u00e8 contraddistinta per una costante ricerca della qualit\u00e0 dei propri prodotti. Un processo che \u00e8 stato possibile solo grazie alla ricerca di materiali e lavorazioni all'avanguardia, nonch\u00e9 alla selezione e formazione del personale.\",\"breadcrumb\":{\"@id\":\"https:\/\/nuscospa.com\/it\/azienda\/politica-per-la-qualita\/#breadcrumb\"},\"inLanguage\":\"it-IT\",\"potentialAction\":[{\"@type\":\"ReadAction\",\"target\":[\"https:\/\/nuscospa.com\/it\/azienda\/politica-per-la-qualita\/\"]}]},{\"@type\":\"BreadcrumbList\",\"@id\":\"https:\/\/nuscospa.com\/it\/azienda\/politica-per-la-qualita\/#breadcrumb\",\"itemListElement\":[{\"@type\":\"ListItem\",\"position\":1,\"name\":\"Home\",\"item\":\"https:\/\/nuscospa.com\/it\/\"},{\"@type\":\"ListItem\",\"position\":2,\"name\":\"Azienda\",\"item\":\"https:\/\/nuscospa.com\/it\/azienda\/\"},{\"@type\":\"ListItem\",\"position\":3,\"name\":\"Politica per la qualit\u00e0\"}]},{\"@type\":\"WebSite\",\"@id\":\"https:\/\/nuscospa.com\/it\/#website\",\"url\":\"https:\/\/nuscospa.com\/it\/\",\"name\":\"Nusco SpA: dal 1968, porte e infissi per passione\",\"description\":\"Nusco SpA \u00e8 leader nella produzione di porte, infissi in legno, legno alluminio e PVC, grate e persiane di sicurezza. Scopri le nostre collezioni!\",\"publisher\":{\"@id\":\"https:\/\/nuscospa.com\/it\/#organization\"},\"potentialAction\":[{\"@type\":\"SearchAction\",\"target\":{\"@type\":\"EntryPoint\",\"urlTemplate\":\"https:\/\/nuscospa.com\/it\/?s={search_term_string}\"},\"query-input\":{\"@type\":\"PropertyValueSpecification\",\"valueRequired\":true,\"valueName\":\"search_term_string\"}}],\"inLanguage\":\"it-IT\"},{\"@type\":\"Organization\",\"@id\":\"https:\/\/nuscospa.com\/it\/#organization\",\"name\":\"Nusco SpA\",\"url\":\"https:\/\/nuscospa.com\/it\/\",\"logo\":{\"@type\":\"ImageObject\",\"inLanguage\":\"it-IT\",\"@id\":\"https:\/\/nuscospa.com\/it\/#\/schema\/logo\/image\/\",\"url\":\"https:\/\/nuscospa.com\/wp-content\/uploads\/2018\/03\/nusco-logo.png\",\"contentUrl\":\"https:\/\/nuscospa.com\/wp-content\/uploads\/2018\/03\/nusco-logo.png\",\"width\":1768,\"height\":744,\"caption\":\"Nusco SpA\"},\"image\":{\"@id\":\"https:\/\/nuscospa.com\/it\/#\/schema\/logo\/image\/\"},\"sameAs\":[\"https:\/\/www.facebook.com\/Nusco.spa\",\"http:\/\/www.linkedin.com\/company\/5103818?trk=tyah&amp;amp;trkInfo=tas:gruppo nusco spa,idx:1-1-1\",\"https:\/\/youtube.com\/@nuscospa3358?si=Y_sAVi-OY5P-hwSM\"]}]}<\/script>\n<!-- \/ Yoast SEO plugin. -->","yoast_head_json":{"title":"La politica per la qualit\u00e0 di Nusco mira al continuo miglioramento","description":"Negli anni, Nusco si \u00e8 contraddistinta per una costante ricerca della qualit\u00e0 dei propri prodotti. Un processo che \u00e8 stato possibile solo grazie alla ricerca di materiali e lavorazioni all'avanguardia, nonch\u00e9 alla selezione e formazione del personale.","robots":{"index":"index","follow":"follow","max-snippet":"max-snippet:-1","max-image-preview":"max-image-preview:large","max-video-preview":"max-video-preview:-1"},"canonical":"https:\/\/nuscospa.com\/it\/azienda\/politica-per-la-qualita\/","og_locale":"it_IT","og_type":"article","og_title":"La politica per la qualit\u00e0 di Nusco mira al continuo miglioramento","og_description":"Negli anni, Nusco si \u00e8 contraddistinta per una costante ricerca della qualit\u00e0 dei propri prodotti. Un processo che \u00e8 stato possibile solo grazie alla ricerca di materiali e lavorazioni all'avanguardia, nonch\u00e9 alla selezione e formazione del personale.","og_url":"https:\/\/nuscospa.com\/it\/azienda\/politica-per-la-qualita\/","og_site_name":"Nusco SpA: dal 1968, porte e infissi per passione","article_publisher":"https:\/\/www.facebook.com\/Nusco.spa","article_modified_time":"2021-05-04T09:27:25+00:00","og_image":[{"width":1250,"height":800,"url":"https:\/\/nuscospa.com\/wp-content\/uploads\/2017\/12\/nu-amb-platinum-vanitosa.jpg","type":"image\/jpeg"}],"twitter_card":"summary_large_image","twitter_misc":{"Tempo di lettura stimato":"2 minuti"},"schema":{"@context":"https:\/\/schema.org","@graph":[{"@type":"WebPage","@id":"https:\/\/nuscospa.com\/it\/azienda\/politica-per-la-qualita\/","url":"https:\/\/nuscospa.com\/it\/azienda\/politica-per-la-qualita\/","name":"La politica per la qualit\u00e0 di Nusco mira al continuo miglioramento","isPartOf":{"@id":"https:\/\/nuscospa.com\/it\/#website"},"datePublished":"2017-07-07T09:17:02+00:00","dateModified":"2021-05-04T09:27:25+00:00","description":"Negli anni, Nusco si \u00e8 contraddistinta per una costante ricerca della qualit\u00e0 dei propri prodotti. Un processo che \u00e8 stato possibile solo grazie alla ricerca di materiali e lavorazioni all'avanguardia, nonch\u00e9 alla selezione e formazione del personale.","breadcrumb":{"@id":"https:\/\/nuscospa.com\/it\/azienda\/politica-per-la-qualita\/#breadcrumb"},"inLanguage":"it-IT","potentialAction":[{"@type":"ReadAction","target":["https:\/\/nuscospa.com\/it\/azienda\/politica-per-la-qualita\/"]}]},{"@type":"BreadcrumbList","@id":"https:\/\/nuscospa.com\/it\/azienda\/politica-per-la-qualita\/#breadcrumb","itemListElement":[{"@type":"ListItem","position":1,"name":"Home","item":"https:\/\/nuscospa.com\/it\/"},{"@type":"ListItem","position":2,"name":"Azienda","item":"https:\/\/nuscospa.com\/it\/azienda\/"},{"@type":"ListItem","position":3,"name":"Politica per la qualit\u00e0"}]},{"@type":"WebSite","@id":"https:\/\/nuscospa.com\/it\/#website","url":"https:\/\/nuscospa.com\/it\/","name":"Nusco SpA: dal 1968, porte e infissi per passione","description":"Nusco SpA \u00e8 leader nella produzione di porte, infissi in legno, legno alluminio e PVC, grate e persiane di sicurezza. Scopri le nostre collezioni!","publisher":{"@id":"https:\/\/nuscospa.com\/it\/#organization"},"potentialAction":[{"@type":"SearchAction","target":{"@type":"EntryPoint","urlTemplate":"https:\/\/nuscospa.com\/it\/?s={search_term_string}"},"query-input":{"@type":"PropertyValueSpecification","valueRequired":true,"valueName":"search_term_string"}}],"inLanguage":"it-IT"},{"@type":"Organization","@id":"https:\/\/nuscospa.com\/it\/#organization","name":"Nusco SpA","url":"https:\/\/nuscospa.com\/it\/","logo":{"@type":"ImageObject","inLanguage":"it-IT","@id":"https:\/\/nuscospa.com\/it\/#\/schema\/logo\/image\/","url":"https:\/\/nuscospa.com\/wp-content\/uploads\/2018\/03\/nusco-logo.png","contentUrl":"https:\/\/nuscospa.com\/wp-content\/uploads\/2018\/03\/nusco-logo.png","width":1768,"height":744,"caption":"Nusco SpA"},"image":{"@id":"https:\/\/nuscospa.com\/it\/#\/schema\/logo\/image\/"},"sameAs":["https:\/\/www.facebook.com\/Nusco.spa","http:\/\/www.linkedin.com\/company\/5103818?trk=tyah&amp;amp;trkInfo=tas:gruppo nusco spa,idx:1-1-1","https:\/\/youtube.com\/@nuscospa3358?si=Y_sAVi-OY5P-hwSM"]}]}},"_links":{"self":[{"href":"https:\/\/nuscospa.com\/it\/wp-json\/wp\/v2\/pages\/16731"}],"collection":[{"href":"https:\/\/nuscospa.com\/it\/wp-json\/wp\/v2\/pages"}],"about":[{"href":"https:\/\/nuscospa.com\/it\/wp-json\/wp\/v2\/types\/page"}],"author":[{"embeddable":true,"href":"https:\/\/nuscospa.com\/it\/wp-json\/wp\/v2\/users\/4"}],"replies":[{"embeddable":true,"href":"https:\/\/nuscospa.com\/it\/wp-json\/wp\/v2\/comments?post=16731"}],"version-history":[{"count":1,"href":"https:\/\/nuscospa.com\/it\/wp-json\/wp\/v2\/pages\/16731\/revisions"}],"predecessor-version":[{"id":24079,"href":"https:\/\/nuscospa.com\/it\/wp-json\/wp\/v2\/pages\/16731\/revisions\/24079"}],"up":[{"embeddable":true,"href":"https:\/\/nuscospa.com\/it\/wp-json\/wp\/v2\/pages\/16804"}],"wp:attachment":[{"href":"https:\/\/nuscospa.com\/it\/wp-json\/wp\/v2\/media?parent=16731"}],"curies":[{"name":"wp","href":"https:\/\/api.w.org\/{rel}","templated":true}]}}